{"id":161129,"date":"2023-06-28T10:21:50","date_gmt":"2023-06-28T08:21:50","guid":{"rendered":"https:\/\/majatohter.ee\/ecological-paints-plasters\/"},"modified":"2023-08-02T11:46:14","modified_gmt":"2023-08-02T09:46:14","slug":"ecological-paints-plasters","status":"publish","type":"page","link":"https:\/\/majatohter.ee\/en\/ecological-paints-plasters\/","title":{"rendered":"Ecological Paints &amp; Plasters"},"content":{"rendered":"<p>[et_pb_section fb_built=&#8221;1&#8243; _builder_version=&#8221;4.21.0&#8243; _module_preset=&#8221;default&#8221; global_colors_info=&#8221;{}&#8221;][et_pb_row column_structure=&#8221;1_2,1_2&#8243; _builder_version=&#8221;4.21.0&#8243; _module_preset=&#8221;default&#8221; global_colors_info=&#8221;{}&#8221;][et_pb_column type=&#8221;1_2&#8243; _builder_version=&#8221;4.21.0&#8243; _module_preset=&#8221;default&#8221; global_colors_info=&#8221;{}&#8221;][et_pb_image src=&#8221;https:\/\/majatohter.ee\/wp-content\/uploads\/Raua43-fassaad-uula.jpg&#8221; title_text=&#8221;Raua43-fassaad-uula&#8221; _builder_version=&#8221;4.21.0&#8243; _module_preset=&#8221;default&#8221; global_colors_info=&#8221;{}&#8221;][\/et_pb_image][\/et_pb_column][et_pb_column type=&#8221;1_2&#8243; _builder_version=&#8221;4.21.0&#8243; _module_preset=&#8221;default&#8221; global_colors_info=&#8221;{}&#8221;][et_pb_text _builder_version=&#8221;4.21.0&#8243; _module_preset=&#8221;default&#8221; global_colors_info=&#8221;{}&#8221;]<\/p>\n<h1>LINSEED OIL PAINT<\/h1>\n<p>\u201cThe King of wooden facade is linseed oil paint\u201d<br \/>Linseed oil paint is traditional protective layer for wood. It protects from sun and forms breathing film that will age beautifully.<br \/>Majatohter offers two kinds of linseed oil paints \u2013 Allb\u00e4ckfrom Sweden and Uula from Finland.<\/p>\n<p>[\/et_pb_text][\/et_pb_column][\/et_pb_row][\/et_pb_section][et_pb_section fb_built=&#8221;1&#8243; _builder_version=&#8221;4.16&#8243; _module_preset=&#8221;default&#8221; global_colors_info=&#8221;{}&#8221;][et_pb_row _builder_version=&#8221;4.16&#8243; _module_preset=&#8221;default&#8221; global_colors_info=&#8221;{}&#8221;][et_pb_column type=&#8221;4_4&#8243; _builder_version=&#8221;4.16&#8243; _module_preset=&#8221;default&#8221; global_colors_info=&#8221;{}&#8221;][et_pb_shop type=&#8221;product_category&#8221; include_categories=&#8221;23&#8243; orderby=&#8221;popularity&#8221; _builder_version=&#8221;4.16&#8243; _module_preset=&#8221;default&#8221; global_colors_info=&#8221;{}&#8221;][\/et_pb_shop][\/et_pb_column][\/et_pb_row][\/et_pb_section][et_pb_section fb_built=&#8221;1&#8243; _builder_version=&#8221;4.21.0&#8243; _module_preset=&#8221;default&#8221; global_colors_info=&#8221;{}&#8221;][et_pb_row _builder_version=&#8221;4.21.0&#8243; _module_preset=&#8221;default&#8221; global_colors_info=&#8221;{}&#8221;][et_pb_column type=&#8221;4_4&#8243; _builder_version=&#8221;4.21.0&#8243; _module_preset=&#8221;default&#8221; global_colors_info=&#8221;{}&#8221;][et_pb_text _builder_version=&#8221;4.21.0&#8243; _module_preset=&#8221;default&#8221; hover_enabled=&#8221;0&#8243; global_colors_info=&#8221;{}&#8221; sticky_enabled=&#8221;0&#8243;]<\/p>\n<h1>LINA\u00d5LI-EMULSIOONV\u00c4RV<\/h1>\n<p>Emulsioon- ehk temperav\u00e4rvides on vees lahustamatu sideaine veega segunema pandud m\u00f5ne teise aine ehk emulgaatori abil. Emulsioonv\u00e4rvi klassikaliseks n\u00e4iteks on muna\u00f5li-tempera.<br \/>Lina\u00f5li-emulsioonv\u00e4rvid sobivad pindadele mis vajavad suuremat mehaanilist vastupidavust (pesemiskindlust) kui tavalised liimv\u00e4rvid suudavad pakkuda, kuid kus puhas \u00f5liv\u00e4rv oleks ka liialdus. V\u00f5rreldes lina\u00f5liv\u00e4rviga on lina\u00f5li-emulsioonv\u00e4rvid tunduvalt kiirema kuivamisajaga, neid v\u00f5ib peale kanda rulliga ning t\u00f6\u00f6vahendid saab puhtaks pesta lihtsalt veega.<br \/>Lina\u00f5li-emulsioonv\u00e4rvid sobivad paljudele eri pindadele siseruumides, n\u00e4iteks krohvid, puitlaudis, kipsplaat, papp jne.<\/p>\n<p>Lina\u00f5li-emulsioonv\u00e4rvidest pakub Majatohter Uula Sisev\u00e4rve ja Allb\u00e4cki Linus seinav\u00e4rvi.<\/p>\n<p>[\/et_pb_text][\/et_pb_column][\/et_pb_row][\/et_pb_section][et_pb_section fb_built=&#8221;1&#8243; _builder_version=&#8221;4.16&#8243; _module_preset=&#8221;default&#8221; global_colors_info=&#8221;{}&#8221;][et_pb_row _builder_version=&#8221;4.16&#8243; _module_preset=&#8221;default&#8221; global_colors_info=&#8221;{}&#8221;][et_pb_column type=&#8221;4_4&#8243; _builder_version=&#8221;4.16&#8243; _module_preset=&#8221;default&#8221; global_colors_info=&#8221;{}&#8221;][et_pb_shop type=&#8221;product_category&#8221; include_categories=&#8221;41&#8243; orderby=&#8221;popularity&#8221; _builder_version=&#8221;4.21.0&#8243; _module_preset=&#8221;default&#8221; hover_enabled=&#8221;0&#8243; global_colors_info=&#8221;{}&#8221; sticky_enabled=&#8221;0&#8243;][\/et_pb_shop][\/et_pb_column][\/et_pb_row][\/et_pb_section][et_pb_section fb_built=&#8221;1&#8243; _builder_version=&#8221;4.21.0&#8243; _module_preset=&#8221;default&#8221; global_colors_info=&#8221;{}&#8221;][et_pb_row _builder_version=&#8221;4.21.0&#8243; _module_preset=&#8221;default&#8221; global_colors_info=&#8221;{}&#8221;][et_pb_column type=&#8221;4_4&#8243; _builder_version=&#8221;4.21.0&#8243; _module_preset=&#8221;default&#8221; global_colors_info=&#8221;{}&#8221;][et_pb_slider show_arrows=&#8221;off&#8221; show_pagination=&#8221;off&#8221; _builder_version=&#8221;4.21.0&#8243; _module_preset=&#8221;default&#8221; background_image=&#8221;https:\/\/majatohter.ee\/wp-content\/uploads\/yit-korter-saviv\u00e4rv-scaled.jpg&#8221; global_colors_info=&#8221;{}&#8221;][et_pb_slide heading=&#8221;CLAY PAINT&#8221; _builder_version=&#8221;4.21.0&#8243; _module_preset=&#8221;default&#8221; text_orientation=&#8221;left&#8221; global_colors_info=&#8221;{}&#8221; sticky_transition=&#8221;on&#8221;]<\/p>\n<p style=\"text-align: left;\">Clay paint is silky matte natural paint. Clay paints are suitable for various indoor surfaces (wood, drywall, particleboard, stone, brick, plaster, concrete etc.)<br \/>Majatohter offers Ckay paint that is hand made in Kalamaja, Tallinn &#8211; based on our own recipe and UKU Clay Paint from Mooste, South-East Estonia.<\/p>\n<p>[\/et_pb_slide][\/et_pb_slider][\/et_pb_column][\/et_pb_row][\/et_pb_section][et_pb_section fb_built=&#8221;1&#8243; _builder_version=&#8221;4.16&#8243; _module_preset=&#8221;default&#8221; global_colors_info=&#8221;{}&#8221;][et_pb_row _builder_version=&#8221;4.16&#8243; _module_preset=&#8221;default&#8221; global_colors_info=&#8221;{}&#8221;][et_pb_column type=&#8221;4_4&#8243; _builder_version=&#8221;4.16&#8243; _module_preset=&#8221;default&#8221; global_colors_info=&#8221;{}&#8221;][et_pb_shop type=&#8221;product_category&#8221; include_categories=&#8221;246&#8243; orderby=&#8221;popularity&#8221; _builder_version=&#8221;4.16&#8243; _module_preset=&#8221;default&#8221; global_colors_info=&#8221;{}&#8221;][\/et_pb_shop][\/et_pb_column][\/et_pb_row][\/et_pb_section][et_pb_section fb_built=&#8221;1&#8243; _builder_version=&#8221;4.21.0&#8243; _module_preset=&#8221;default&#8221; global_colors_info=&#8221;{}&#8221;][et_pb_row column_structure=&#8221;1_2,1_2&#8243; _builder_version=&#8221;4.21.0&#8243; _module_preset=&#8221;default&#8221; global_colors_info=&#8221;{}&#8221;][et_pb_column type=&#8221;1_2&#8243; _builder_version=&#8221;4.21.0&#8243; _module_preset=&#8221;default&#8221; global_colors_info=&#8221;{}&#8221;][et_pb_image src=&#8221;https:\/\/majatohter.ee\/wp-content\/uploads\/kaseiin1-scaled.jpg&#8221; alt=&#8221;Casein Paint on the walls of Padise Manor house&#8221; title_text=&#8221;Casein Paint in Padise&#8221; src_tablet=&#8221;https:\/\/majatohter.ee\/wp-content\/uploads\/kaseiin1-scaled.jpg&#8221; src_phone=&#8221;https:\/\/majatohter.ee\/wp-content\/uploads\/kaseiin1-scaled.jpg&#8221; src_last_edited=&#8221;on|phone&#8221; _builder_version=&#8221;4.21.0&#8243; _module_preset=&#8221;default&#8221; global_colors_info=&#8221;{}&#8221;][\/et_pb_image][\/et_pb_column][et_pb_column type=&#8221;1_2&#8243; _builder_version=&#8221;4.21.0&#8243; _module_preset=&#8221;default&#8221; global_colors_info=&#8221;{}&#8221;][et_pb_text _builder_version=&#8221;4.21.0&#8243; _module_preset=&#8221;default&#8221; global_colors_info=&#8221;{}&#8221;]<\/p>\n<h1>KASEIINV\u00c4RV<\/h1>\n<p>Casin paint is traditional, ecological, breathable glue-based paint, that is suitable for indoor walls and ceilings. Casin Paint can be used on mineral surfaces (plasters, brick), wood, particle boards, paper, carton, drywall. Painting with casein paint is enjoyable, as its natural odor is pleasant, it is fast-drying and water-soluble, tools and stains can also be washed off using water. The result is a velvety matte surface that feels nice to the touch &amp; easy to repaint.<br \/>Majatohter&#8217;s Casein Paint is handmade in Kalamaja, Tallinn, based on our own recipe.<\/p>\n<p>[\/et_pb_text][\/et_pb_column][\/et_pb_row][\/et_pb_section][et_pb_section fb_built=&#8221;1&#8243; _builder_version=&#8221;4.16&#8243; _module_preset=&#8221;default&#8221; global_colors_info=&#8221;{}&#8221;][et_pb_row _builder_version=&#8221;4.16&#8243; _module_preset=&#8221;default&#8221; global_colors_info=&#8221;{}&#8221;][et_pb_column type=&#8221;4_4&#8243; _builder_version=&#8221;4.16&#8243; _module_preset=&#8221;default&#8221; global_colors_info=&#8221;{}&#8221;][et_pb_shop type=&#8221;product_category&#8221; include_categories=&#8221;24&#8243; orderby=&#8221;popularity&#8221; _builder_version=&#8221;4.16&#8243; _module_preset=&#8221;default&#8221; global_colors_info=&#8221;{}&#8221;][\/et_pb_shop][\/et_pb_column][\/et_pb_row][\/et_pb_section][et_pb_section fb_built=&#8221;1&#8243; _builder_version=&#8221;4.21.0&#8243; _module_preset=&#8221;default&#8221; global_colors_info=&#8221;{}&#8221;][et_pb_row _builder_version=&#8221;4.21.0&#8243; _module_preset=&#8221;default&#8221; global_colors_info=&#8221;{}&#8221;][et_pb_column type=&#8221;4_4&#8243; _builder_version=&#8221;4.21.0&#8243; _module_preset=&#8221;default&#8221; global_colors_info=&#8221;{}&#8221;][et_pb_slider _builder_version=&#8221;4.21.0&#8243; _module_preset=&#8221;default&#8221; background_image=&#8221;https:\/\/majatohter.ee\/wp-content\/uploads\/2016\/07\/savikrohv-keldriseinal.jpg&#8221; global_colors_info=&#8221;{}&#8221;][et_pb_slide heading=&#8221;CLAY PLASTER&#8221; _builder_version=&#8221;4.21.0&#8243; _module_preset=&#8221;default&#8221; global_colors_info=&#8221;{}&#8221; sticky_transition=&#8221;on&#8221;]<\/p>\n<p>The use of clay plaster in interior decoration is healthy for both the wall structures of the building and the residents of the house. Clay plaster regulates humidity, is suitable for allergy sufferers. It prevents electromagnetic radiation and helps to neutralize unpleasant odors. Clay plaster is 100% natural and recyclable and has many soft and natural colors available.<\/p>\n<p>[\/et_pb_slide][\/et_pb_slider][\/et_pb_column][\/et_pb_row][\/et_pb_section][et_pb_section fb_built=&#8221;1&#8243; _builder_version=&#8221;4.16&#8243; _module_preset=&#8221;default&#8221; global_colors_info=&#8221;{}&#8221;][et_pb_row _builder_version=&#8221;4.16&#8243; _module_preset=&#8221;default&#8221; global_colors_info=&#8221;{}&#8221;][et_pb_column type=&#8221;4_4&#8243; _builder_version=&#8221;4.16&#8243; _module_preset=&#8221;default&#8221; global_colors_info=&#8221;{}&#8221;][et_pb_shop type=&#8221;product_category&#8221; include_categories=&#8221;26&#8243; orderby=&#8221;popularity&#8221; _builder_version=&#8221;4.16&#8243; _module_preset=&#8221;default&#8221; global_colors_info=&#8221;{}&#8221;][\/et_pb_shop][\/et_pb_column][\/et_pb_row][\/et_pb_section]<\/p>\n","protected":false},"excerpt":{"rendered":"<p>LINSEED OIL PAINT \u201cThe King of wooden facade is linseed oil paint\u201dLinseed oil paint is traditional protective layer for wood. It protects from sun and forms breathing film that will age beautifully.Majatohter offers two kinds of linseed oil paints \u2013 Allb\u00e4ckfrom Sweden and Uula from Finland.LINA\u00d5LI-EMULSIOONV\u00c4RV Emulsioon- ehk temperav\u00e4rvides on vees lahustamatu sideaine veega segunema [&hellip;]<\/p>\n","protected":false},"author":2,"featured_media":0,"parent":0,"menu_order":0,"comment_status":"closed","ping_status":"closed","template":"","meta":{"_et_pb_use_builder":"on","_et_pb_old_content":"","_et_gb_content_width":"","footnotes":""},"class_list":["post-161129","page","type-page","status-publish","hentry"],"_links":{"self":[{"href":"https:\/\/majatohter.ee\/en\/wp-json\/wp\/v2\/pages\/161129","targetHints":{"allow":["GET"]}}],"collection":[{"href":"https:\/\/majatohter.ee\/en\/wp-json\/wp\/v2\/pages"}],"about":[{"href":"https:\/\/majatohter.ee\/en\/wp-json\/wp\/v2\/types\/page"}],"author":[{"embeddable":true,"href":"https:\/\/majatohter.ee\/en\/wp-json\/wp\/v2\/users\/2"}],"replies":[{"embeddable":true,"href":"https:\/\/majatohter.ee\/en\/wp-json\/wp\/v2\/comments?post=161129"}],"version-history":[{"count":0,"href":"https:\/\/majatohter.ee\/en\/wp-json\/wp\/v2\/pages\/161129\/revisions"}],"wp:attachment":[{"href":"https:\/\/majatohter.ee\/en\/wp-json\/wp\/v2\/media?parent=161129"}],"curies":[{"name":"wp","href":"https:\/\/api.w.org\/{rel}","templated":true}]}}