{"id":62821,"date":"2020-04-09T11:04:41","date_gmt":"2020-04-09T09:04:41","guid":{"rendered":"https:\/\/majatohter.ee\/cart-2\/"},"modified":"2020-04-09T11:04:42","modified_gmt":"2020-04-09T09:04:42","slug":"cart-2","status":"publish","type":"page","link":"https:\/\/majatohter.ee\/en\/cart-2\/","title":{"rendered":"Cart"},"content":{"rendered":"<p>[et_pb_section bb_built=&#8221;1&#8243;][et_pb_row][et_pb_column type=&#8221;4_4&#8243;][et_pb_text _builder_version=&#8221;3.10.2&#8243;]<\/p>\n\n<p>&nbsp;<\/p>\n<p>[\/et_pb_text][et_pb_text _builder_version=&#8221;3.10.2&#8243;]<\/p>\n<p><span style=\"color: #ff0000;\">NB! Hetkel ei n\u00e4ita s\u00fcsteem koheselt \u00f5iget kauba transpordi maksumust.<br \/>\nPeale tellimuse esitamist arvutab Majatohtri t\u00f6\u00f6taja vastavalt tellimuse sisule k\u00f5ige soodsama hinna.<br \/>\nTranspordi \u00f5ige hinna leiate .pdf formaadis arvelt, mis saadetakse Teie e-maili aadressile peale tellimuse esitamist.<\/span><\/p>\n<p>Et kiirendanda kauba v\u00e4ljasaatmist, siis palun saatke meile peale makse sooritamist maksekinnitus!<br \/>\nNiimoodi j\u00f5uab info makse laekumisest k\u00f5ige kiiremini meie t\u00f6\u00f6tajateni kes saavad koheselt tellimuse pakkimise ja teelepanekuga edasi tegeleda.<\/p>\n<p>K\u00fcsimuste korral v\u00f5tke julgelt \u00fchendust meie t\u00f6\u00f6tajatega: tel\u00a05306 1223 v\u00f5i info@majatohter.ee<\/p>\n<p>[\/et_pb_text][\/et_pb_column][\/et_pb_row][\/et_pb_section]<\/p>\n","protected":false},"excerpt":{"rendered":"<p><div class=\"et_pb_row et_pb_row_0 et_pb_row_empty\">\n\t\t\t\t\n\t\t\t\t\n\t\t\t\t\n\t\t\t\t\n\t\t\t\t\n\t\t\t<\/div>  &nbsp; NB! Hetkel ei n\u00e4ita s\u00fcsteem koheselt \u00f5iget kauba transpordi maksumust. Peale tellimuse esitamist arvutab Majatohtri t\u00f6\u00f6taja vastavalt tellimuse sisule k\u00f5ige soodsama hinna. Transpordi \u00f5ige hinna leiate .pdf formaadis arvelt, mis saadetakse Teie e-maili aadressile peale tellimuse esitamist. Et kiirendanda kauba v\u00e4ljasaatmist, siis palun saatke meile peale makse sooritamist maksekinnitus! Niimoodi j\u00f5uab info [&hellip;]<\/p>\n","protected":false},"author":2,"featured_media":0,"parent":0,"menu_order":0,"comment_status":"closed","ping_status":"open","template":"","meta":{"_et_pb_use_builder":"on","_et_pb_old_content":"","_et_gb_content_width":"","footnotes":""},"class_list":["post-62821","page","type-page","status-publish","hentry"],"_links":{"self":[{"href":"https:\/\/majatohter.ee\/en\/wp-json\/wp\/v2\/pages\/62821","targetHints":{"allow":["GET"]}}],"collection":[{"href":"https:\/\/majatohter.ee\/en\/wp-json\/wp\/v2\/pages"}],"about":[{"href":"https:\/\/majatohter.ee\/en\/wp-json\/wp\/v2\/types\/page"}],"author":[{"embeddable":true,"href":"https:\/\/majatohter.ee\/en\/wp-json\/wp\/v2\/users\/2"}],"replies":[{"embeddable":true,"href":"https:\/\/majatohter.ee\/en\/wp-json\/wp\/v2\/comments?post=62821"}],"version-history":[{"count":0,"href":"https:\/\/majatohter.ee\/en\/wp-json\/wp\/v2\/pages\/62821\/revisions"}],"wp:attachment":[{"href":"https:\/\/majatohter.ee\/en\/wp-json\/wp\/v2\/media?parent=62821"}],"curies":[{"name":"wp","href":"https:\/\/api.w.org\/{rel}","templated":true}]}}