{"id":70059,"date":"2021-02-18T11:37:22","date_gmt":"2021-02-18T09:37:22","guid":{"rendered":"https:\/\/majatohter.ee\/uula-ilona-translucent-colors\/"},"modified":"2023-08-02T12:22:50","modified_gmt":"2023-08-02T10:22:50","slug":"uula-ilona-translucent-colors","status":"publish","type":"page","link":"https:\/\/majatohter.ee\/en\/uula-ilona-translucent-colors\/","title":{"rendered":"Uula ilona Translucent Colors"},"content":{"rendered":"<p>[et_pb_section fb_built=&#8221;1&#8243; _builder_version=&#8221;4.16&#8243; global_colors_info=&#8221;{}&#8221;][et_pb_row _builder_version=&#8221;4.16&#8243; background_size=&#8221;initial&#8221; background_position=&#8221;top_left&#8221; background_repeat=&#8221;repeat&#8221; global_colors_info=&#8221;{}&#8221;][et_pb_column type=&#8221;4_4&#8243; _builder_version=&#8221;4.16&#8243; custom_padding=&#8221;|||&#8221; global_colors_info=&#8221;{}&#8221; custom_padding__hover=&#8221;|||&#8221;][et_pb_text _builder_version=&#8221;4.21.0&#8243; _module_preset=&#8221;default&#8221; global_colors_info=&#8221;{}&#8221;]<\/p>\n<p>Lasuursed toonid r\u00f5hutavad puidupinna loomulikku ilu, r\u00f5hutavad puidus\u00fc\u00fc mustrit ning annavad puidupinnale v\u00e4rvi ja kaitse. Uula lasuursete sisev\u00e4rvide toonid on inspireeritud p\u00f5hjamaade karmist ja kaunist loodusest.<\/p>\n<p>[\/et_pb_text][et_pb_gallery gallery_ids=&#8221;70023,70050,70038,70032,70044,70056,70047,70053,70041,70029,70035&#8243; posts_number=&#8221;15&#8243; _builder_version=&#8221;4.21.0&#8243; _module_preset=&#8221;default&#8221; title_text_align=&#8221;center&#8221; title_font_size=&#8221;12px&#8221; global_colors_info=&#8221;{}&#8221;][\/et_pb_gallery][et_pb_text _builder_version=&#8221;4.21.0&#8243; _module_preset=&#8221;default&#8221; hover_enabled=&#8221;0&#8243; sticky_enabled=&#8221;0&#8243;]<\/p>\n<p>NB! Monitors display colors very differently. Depending the situation choosing the color from screen might not be adequate.<\/p>\n<p>[\/et_pb_text][\/et_pb_column][\/et_pb_row][\/et_pb_section]<\/p>\n","protected":false},"excerpt":{"rendered":"<p>Lasuursed toonid r\u00f5hutavad puidupinna loomulikku ilu, r\u00f5hutavad puidus\u00fc\u00fc mustrit ning annavad puidupinnale v\u00e4rvi ja kaitse. Uula lasuursete sisev\u00e4rvide toonid on inspireeritud p\u00f5hjamaade karmist ja kaunist loodusest.NB! Monitors display colors very differently. Depending the situation choosing the color from screen might not be adequate.<\/p>\n","protected":false},"author":2,"featured_media":0,"parent":0,"menu_order":0,"comment_status":"closed","ping_status":"closed","template":"","meta":{"_et_pb_use_builder":"on","_et_pb_old_content":"<p>[et_pb_section][et_pb_row][et_pb_column type=\"4_4\"][et_pb_text]<\/p>\r\n<!-- wp:paragraph -->\r\n<p>Lasuursed toonid r\u00f5hutavad puidupinna loomulikku ilu, r\u00f5hutavad puidus\u00fc\u00fc mustrit ning annavad puidupinnale v\u00e4rvi ja kaitse. Uula lasuursete sisev\u00e4rvide toonid on inspireeritud p\u00f5hjamaade karmist ja kaunist loodusest.<\/p>\r\n<!-- \/wp:paragraph --><!-- wp:gallery {\"ids\":[70025,70022,70028,70031,70034,70037,70040,70043,70046,70049,70052,70055],\"columns\":4,\"linkTo\":\"none\"} -->\r\n<figure class=\"wp-block-gallery columns-4 is-cropped\">\r\n<ul class=\"blocks-gallery-grid\">\r\n<li class=\"blocks-gallery-item\">\r\n<figure><img class=\"wp-image-70025\" src=\"https:\/\/majatohter.ee\/wp-content\/uploads\/\/hanki-1024x768.jpg\" alt=\"Hanki\" data-id=\"70025\" data-full-url=\"https:\/\/majatohter.ee\/wp-content\/uploads\/hanki.jpg\" data-link=\"https:\/\/majatohter.ee\/?attachment_id=70025\" \/>\r\n<figcaption class=\"blocks-gallery-item__caption\"><span class=\"has-inline-color has-black-color\">Hanki<\/span><\/figcaption>\r\n<\/figure>\r\n<\/li>\r\n<li class=\"blocks-gallery-item\">\r\n<figure><img class=\"wp-image-70022\" src=\"https:\/\/majatohter.ee\/wp-content\/uploads\/\/halla-1024x768.jpg\" alt=\"Halla\" data-id=\"70022\" data-full-url=\"https:\/\/majatohter.ee\/wp-content\/uploads\/halla.jpg\" data-link=\"https:\/\/majatohter.ee\/?attachment_id=70022\" \/>\r\n<figcaption class=\"blocks-gallery-item__caption\">Halla<\/figcaption>\r\n<\/figure>\r\n<\/li>\r\n<li class=\"blocks-gallery-item\">\r\n<figure><img class=\"wp-image-70028\" src=\"https:\/\/majatohter.ee\/wp-content\/uploads\/\/hilla-1024x768.jpg\" alt=\"Hilla\" data-id=\"70028\" data-full-url=\"https:\/\/majatohter.ee\/wp-content\/uploads\/hilla.jpg\" data-link=\"https:\/\/majatohter.ee\/?attachment_id=70028\" \/>\r\n<figcaption class=\"blocks-gallery-item__caption\">Hilla<\/figcaption>\r\n<\/figure>\r\n<\/li>\r\n<li class=\"blocks-gallery-item\">\r\n<figure><img class=\"wp-image-70031\" src=\"https:\/\/majatohter.ee\/wp-content\/uploads\/\/inari-1024x768.jpg\" alt=\"Inari\" data-id=\"70031\" data-full-url=\"https:\/\/majatohter.ee\/wp-content\/uploads\/inari.jpg\" data-link=\"https:\/\/majatohter.ee\/?attachment_id=70031\" \/>\r\n<figcaption class=\"blocks-gallery-item__caption\">Inari<\/figcaption>\r\n<\/figure>\r\n<\/li>\r\n<li class=\"blocks-gallery-item\">\r\n<figure><img class=\"wp-image-70034\" src=\"https:\/\/majatohter.ee\/wp-content\/uploads\/\/joiku-1024x768.jpg\" alt=\"Joiku\" data-id=\"70034\" data-full-url=\"https:\/\/majatohter.ee\/wp-content\/uploads\/joiku.jpg\" data-link=\"https:\/\/majatohter.ee\/?attachment_id=70034\" \/>\r\n<figcaption class=\"blocks-gallery-item__caption\">Joiku<\/figcaption>\r\n<\/figure>\r\n<\/li>\r\n<li class=\"blocks-gallery-item\">\r\n<figure><img class=\"wp-image-70037\" src=\"https:\/\/majatohter.ee\/wp-content\/uploads\/\/kaamos-1024x768.jpg\" alt=\"Kaamos\" data-id=\"70037\" data-full-url=\"https:\/\/majatohter.ee\/wp-content\/uploads\/kaamos.jpg\" data-link=\"https:\/\/majatohter.ee\/?attachment_id=70037\" \/>\r\n<figcaption class=\"blocks-gallery-item__caption\">Kaamos<\/figcaption>\r\n<\/figure>\r\n<\/li>\r\n<li class=\"blocks-gallery-item\">\r\n<figure><img class=\"wp-image-70040\" src=\"https:\/\/majatohter.ee\/wp-content\/uploads\/\/korpi-1024x768.jpg\" alt=\"Korpi\" data-id=\"70040\" data-full-url=\"https:\/\/majatohter.ee\/wp-content\/uploads\/korpi.jpg\" data-link=\"https:\/\/majatohter.ee\/?attachment_id=70040\" \/>\r\n<figcaption class=\"blocks-gallery-item__caption\">Korpi<\/figcaption>\r\n<\/figure>\r\n<\/li>\r\n<li class=\"blocks-gallery-item\">\r\n<figure><img class=\"wp-image-70043\" src=\"https:\/\/majatohter.ee\/wp-content\/uploads\/\/noki-1024x768.jpg\" alt=\"Noki\" data-id=\"70043\" data-full-url=\"https:\/\/majatohter.ee\/wp-content\/uploads\/noki.jpg\" data-link=\"https:\/\/majatohter.ee\/?attachment_id=70043\" \/>\r\n<figcaption class=\"blocks-gallery-item__caption\">Noki<\/figcaption>\r\n<\/figure>\r\n<\/li>\r\n<li class=\"blocks-gallery-item\">\r\n<figure><img class=\"wp-image-70046\" src=\"https:\/\/majatohter.ee\/wp-content\/uploads\/\/paju-1024x768.jpg\" alt=\"Paju\" data-id=\"70046\" data-full-url=\"https:\/\/majatohter.ee\/wp-content\/uploads\/paju.jpg\" data-link=\"https:\/\/majatohter.ee\/?attachment_id=70046\" \/>\r\n<figcaption class=\"blocks-gallery-item__caption\">Paju<\/figcaption>\r\n<\/figure>\r\n<\/li>\r\n<li class=\"blocks-gallery-item\">\r\n<figure><img class=\"wp-image-70049\" src=\"https:\/\/majatohter.ee\/wp-content\/uploads\/\/saana-1024x768.jpg\" alt=\"Saana\" data-id=\"70049\" data-full-url=\"https:\/\/majatohter.ee\/wp-content\/uploads\/saana.jpg\" data-link=\"https:\/\/majatohter.ee\/?attachment_id=70049\" \/>\r\n<figcaption class=\"blocks-gallery-item__caption\">Saana<\/figcaption>\r\n<\/figure>\r\n<\/li>\r\n<li class=\"blocks-gallery-item\">\r\n<figure><img class=\"wp-image-70052\" src=\"https:\/\/majatohter.ee\/wp-content\/uploads\/\/tokka-1024x768.jpg\" alt=\"Tokka\" data-id=\"70052\" data-full-url=\"https:\/\/majatohter.ee\/wp-content\/uploads\/tokka.jpg\" data-link=\"https:\/\/majatohter.ee\/?attachment_id=70052\" \/>\r\n<figcaption class=\"blocks-gallery-item__caption\">Tokka<\/figcaption>\r\n<\/figure>\r\n<\/li>\r\n<li class=\"blocks-gallery-item\">\r\n<figure><img class=\"wp-image-70055\" src=\"https:\/\/majatohter.ee\/wp-content\/uploads\/\/tunturi-1024x768.jpg\" alt=\"Tunturi\" data-id=\"70055\" data-full-url=\"https:\/\/majatohter.ee\/wp-content\/uploads\/tunturi.jpg\" data-link=\"https:\/\/majatohter.ee\/?attachment_id=70055\" \/>\r\n<figcaption class=\"blocks-gallery-item__caption\">Tunturi<\/figcaption>\r\n<\/figure>\r\n<\/li>\r\n<\/ul>\r\n<\/figure>\r\n<!-- \/wp:gallery --><!-- wp:paragraph -->\r\n<p>NB! Ekraanid kuvavad v\u00e4rvitoone v\u00e4ga erinevalt. Kui t\u00e4pne toon on oluline siis palun tulge meie salongi vaatama toonin\u00e4idiseid oma silmaga.<\/p>\r\n<!-- \/wp:paragraph -->\r\n<p>[\/et_pb_text][\/et_pb_column][\/et_pb_row][\/et_pb_section]<\/p>","_et_gb_content_width":"","footnotes":""},"class_list":["post-70059","page","type-page","status-publish","hentry"],"_links":{"self":[{"href":"https:\/\/majatohter.ee\/en\/wp-json\/wp\/v2\/pages\/70059","targetHints":{"allow":["GET"]}}],"collection":[{"href":"https:\/\/majatohter.ee\/en\/wp-json\/wp\/v2\/pages"}],"about":[{"href":"https:\/\/majatohter.ee\/en\/wp-json\/wp\/v2\/types\/page"}],"author":[{"embeddable":true,"href":"https:\/\/majatohter.ee\/en\/wp-json\/wp\/v2\/users\/2"}],"replies":[{"embeddable":true,"href":"https:\/\/majatohter.ee\/en\/wp-json\/wp\/v2\/comments?post=70059"}],"version-history":[{"count":0,"href":"https:\/\/majatohter.ee\/en\/wp-json\/wp\/v2\/pages\/70059\/revisions"}],"wp:attachment":[{"href":"https:\/\/majatohter.ee\/en\/wp-json\/wp\/v2\/media?parent=70059"}],"curies":[{"name":"wp","href":"https:\/\/api.w.org\/{rel}","templated":true}]}}