{"id":101535,"date":"2021-05-13T23:16:30","date_gmt":"2021-05-13T21:16:30","guid":{"rendered":"https:\/\/majatohter.ee\/tooted\/maaratlemata\/hari-kuurimis-puit-p28cm\/"},"modified":"2025-08-05T18:42:17","modified_gmt":"2025-08-05T16:42:17","slug":"kuurimishari-puidust-28cm","status":"publish","type":"product","link":"https:\/\/majatohter.ee\/en\/tooted\/tools\/brushes\/kuurimishari-puidust-28cm\/","title":{"rendered":"K\u00fc\u00fcrimishari, puidust 28 cm"},"content":{"rendered":"<p>Kitsas tugevate harjastega puidust k\u00fc\u00fcrimishari.<\/p>\n","protected":false},"excerpt":{"rendered":"<p>Kitsas tugevate harjastega puidust k\u00fc\u00fcrimishari.<\/p>\n","protected":false},"featured_media":0,"template":"","meta":{"_et_pb_use_builder":"","_et_pb_old_content":"","_et_gb_content_width":""},"product_brand":[],"product_cat":[93,86],"product_tag":[710,2376],"class_list":{"0":"post-101535","1":"product","2":"type-product","3":"status-publish","5":"product_cat-harjad","6":"product_cat-tooriistad","7":"product_tag-hari","8":"product_tag-kuurimishari","10":"first","11":"instock","12":"taxable","13":"shipping-taxable","14":"purchasable","15":"product-type-simple"},"_links":{"self":[{"href":"https:\/\/majatohter.ee\/en\/wp-json\/wp\/v2\/product\/101535","targetHints":{"allow":["GET"]}}],"collection":[{"href":"https:\/\/majatohter.ee\/en\/wp-json\/wp\/v2\/product"}],"about":[{"href":"https:\/\/majatohter.ee\/en\/wp-json\/wp\/v2\/types\/product"}],"wp:attachment":[{"href":"https:\/\/majatohter.ee\/en\/wp-json\/wp\/v2\/media?parent=101535"}],"wp:term":[{"taxonomy":"product_brand","embeddable":true,"href":"https:\/\/majatohter.ee\/en\/wp-json\/wp\/v2\/product_brand?post=101535"},{"taxonomy":"product_cat","embeddable":true,"href":"https:\/\/majatohter.ee\/en\/wp-json\/wp\/v2\/product_cat?post=101535"},{"taxonomy":"product_tag","embeddable":true,"href":"https:\/\/majatohter.ee\/en\/wp-json\/wp\/v2\/product_tag?post=101535"}],"curies":[{"name":"wp","href":"https:\/\/api.w.org\/{rel}","templated":true}]}}