{"id":110017,"date":"2021-07-09T12:38:49","date_gmt":"2021-07-09T10:38:49","guid":{"rendered":"https:\/\/majatohter.ee\/?post_type=product&#038;p=110017"},"modified":"2026-04-14T16:43:15","modified_gmt":"2026-04-14T14:43:15","slug":"inglise-punane-2","status":"publish","type":"product","link":"https:\/\/majatohter.ee\/en\/tooted\/powders\/pigments\/inglise-punane-2\/","title":{"rendered":"Inglise punane"},"content":{"rendered":"<p>Fe2O3. S\u00fcnteetiliselt valmistatatud ooker. Telliskivipunane hea katvusega v\u00e4rvipigment. Muutub \u00f5lis tumedamaks. Valguskindel, hea kattev\u00f5imega, pole laseeriv.<\/p>\n<p>Sobivus vesi-, \u00f5li-, lubiv\u00e4rviga hea. Sobiv nii sise- kui v\u00e4listingimustesse.<\/p>\n<p>&nbsp;<\/p>\n","protected":false},"excerpt":{"rendered":"<p>Fe2O3. S\u00fcnteetiliselt valmistatatud ooker. Telliskivipunane hea katvusega v\u00e4rvipigment. Muutub \u00f5lis tumedamaks. Valguskindel, hea kattev\u00f5imega, pole laseeriv. Sobivus vesi-, \u00f5li-, lubiv\u00e4rviga hea. Sobiv nii sise- kui v\u00e4listingimustesse. &nbsp;<\/p>\n","protected":false},"featured_media":165133,"template":"","meta":{"_et_pb_use_builder":"","_et_pb_old_content":"","_et_gb_content_width":""},"product_brand":[],"product_cat":[55,54],"product_tag":[2741,570,2735],"class_list":{"0":"post-110017","1":"product","2":"type-product","3":"status-publish","4":"has-post-thumbnail","6":"product_cat-pigmendid","7":"product_cat-puisteained","8":"product_tag-inglise-punane","9":"product_tag-pigment","10":"product_tag-varvipigment","12":"first","13":"instock","14":"taxable","15":"shipping-taxable","16":"purchasable","17":"product-type-variable"},"_links":{"self":[{"href":"https:\/\/majatohter.ee\/en\/wp-json\/wp\/v2\/product\/110017","targetHints":{"allow":["GET"]}}],"collection":[{"href":"https:\/\/majatohter.ee\/en\/wp-json\/wp\/v2\/product"}],"about":[{"href":"https:\/\/majatohter.ee\/en\/wp-json\/wp\/v2\/types\/product"}],"wp:featuredmedia":[{"embeddable":true,"href":"https:\/\/majatohter.ee\/en\/wp-json\/wp\/v2\/media\/165133"}],"wp:attachment":[{"href":"https:\/\/majatohter.ee\/en\/wp-json\/wp\/v2\/media?parent=110017"}],"wp:term":[{"taxonomy":"product_brand","embeddable":true,"href":"https:\/\/majatohter.ee\/en\/wp-json\/wp\/v2\/product_brand?post=110017"},{"taxonomy":"product_cat","embeddable":true,"href":"https:\/\/majatohter.ee\/en\/wp-json\/wp\/v2\/product_cat?post=110017"},{"taxonomy":"product_tag","embeddable":true,"href":"https:\/\/majatohter.ee\/en\/wp-json\/wp\/v2\/product_tag?post=110017"}],"curies":[{"name":"wp","href":"https:\/\/api.w.org\/{rel}","templated":true}]}}