{"id":125908,"date":"2021-10-25T10:09:32","date_gmt":"2021-10-25T08:09:32","guid":{"rendered":"https:\/\/majatohter.ee\/?post_type=product&#038;p=125908"},"modified":"2025-07-05T03:03:36","modified_gmt":"2025-07-05T01:03:36","slug":"tallinna-asumid-ja-ametlikud-kohanimed","status":"publish","type":"product","link":"https:\/\/majatohter.ee\/en\/tooted\/literature\/books\/tallinna-asumid-ja-ametlikud-kohanimed\/","title":{"rendered":"Tallinna asumid ja ametlikud kohanimed"},"content":{"rendered":"<p>K\u00e4esolev raamat annab igale tallinlasele ja Tallinna k\u00fclalisele suurep\u00e4rase v\u00f5imaluse heita pilk Tallinna asumite ajalukku ja v\u00e4rskendada oma teadmisi Tallinna kohanimede osas.<br \/>\nTallinna asumid kui territoriaal\u00fcksused m\u00e4\u00e4ratleti 1991. aastal ajaloolaste ja Tallinna nimekomisjoni koost\u00f6\u00f6s ning t\u00e4histati linnaruumis 2009. aastal. Raamat annab Robert Nermani ja Leho L\u00f5hmuse artiklite ning nende juurde koostatud t\u00e4nap\u00e4evaste kaartide kaudu esmakordselt korraga \u00fclevaate k\u00f5igist 84 asumist. Artiklid keskenduvad asumite kujunemisele, arengule ja erip\u00e4rale, avavad l\u00fchidalt asumi nime saamisloo ning annavad p\u00f5gusa \u00fclevaate asumi kohanimede taustast. Lisaks 93 n\u00fc\u00fcdisaegsele kaardile, millel on k\u00f5ik Tallinna ametlikud kohanimed, illustreerivad raamatut ajaloolised fotod ja kaardid ning \u00fclevaatlikud \u00f5hufotod.<br \/>\nRaamatu teises pooles on loendina esitatud k\u00f5ik 1. juuni 2013 seisuga Tallinnas ametlikult kehtivad kohanimed. Tegemist on esimese tervikliku ja ajakohase tr\u00fckis ilmunud Tallinna ametlike kohanimede registriga p\u00e4rast 1972. aastal v\u00e4lja antud Aleksander Kivi raamatut \u201eTallinna t\u00e4navad\u201c. Iga kohanime juures on toodud nime m\u00e4\u00e4ramise kuup\u00e4ev, nimeobjekti asukoht, l\u00fchike selgitus kohanime p\u00e4ritolu kohta ning varasemad eestikeelsed nimed. Register on jaotatud t\u00e4navanimede ja muude kohanimede loendiks.<\/p>\n<p>Autorid: Robert Nerman, Leho L\u00f5hmus<br \/>\nToimetanud: Sirje Ratso<\/p>\n","protected":false},"excerpt":{"rendered":"<p>K\u00e4esolev raamat annab igale tallinlasele ja Tallinna k\u00fclalisele suurep\u00e4rase v\u00f5imaluse heita pilk Tallinna asumite ajalukku ja v\u00e4rskendada oma teadmisi Tallinna kohanimede osas. Tallinna asumid kui territoriaal\u00fcksused m\u00e4\u00e4ratleti 1991. aastal ajaloolaste ja Tallinna nimekomisjoni koost\u00f6\u00f6s ning t\u00e4histati linnaruumis 2009. aastal. Raamat annab Robert Nermani ja Leho L\u00f5hmuse artiklite ning nende juurde koostatud t\u00e4nap\u00e4evaste kaartide kaudu esmakordselt [&hellip;]<\/p>\n","protected":false},"featured_media":125909,"template":"","meta":{"_et_pb_use_builder":"","_et_pb_old_content":"","_et_gb_content_width":""},"product_brand":[],"product_cat":[142,143],"product_tag":[2782,2783,2784,935],"class_list":{"0":"post-125908","1":"product","2":"type-product","3":"status-publish","4":"has-post-thumbnail","6":"product_cat-kirjandus","7":"product_cat-raamatud","8":"product_tag-ajalugu","9":"product_tag-asumid","10":"product_tag-kohanimed","11":"product_tag-tallinn","13":"first","14":"instock","15":"taxable","16":"shipping-taxable","17":"purchasable","18":"product-type-simple"},"_links":{"self":[{"href":"https:\/\/majatohter.ee\/en\/wp-json\/wp\/v2\/product\/125908","targetHints":{"allow":["GET"]}}],"collection":[{"href":"https:\/\/majatohter.ee\/en\/wp-json\/wp\/v2\/product"}],"about":[{"href":"https:\/\/majatohter.ee\/en\/wp-json\/wp\/v2\/types\/product"}],"wp:featuredmedia":[{"embeddable":true,"href":"https:\/\/majatohter.ee\/en\/wp-json\/wp\/v2\/media\/125909"}],"wp:attachment":[{"href":"https:\/\/majatohter.ee\/en\/wp-json\/wp\/v2\/media?parent=125908"}],"wp:term":[{"taxonomy":"product_brand","embeddable":true,"href":"https:\/\/majatohter.ee\/en\/wp-json\/wp\/v2\/product_brand?post=125908"},{"taxonomy":"product_cat","embeddable":true,"href":"https:\/\/majatohter.ee\/en\/wp-json\/wp\/v2\/product_cat?post=125908"},{"taxonomy":"product_tag","embeddable":true,"href":"https:\/\/majatohter.ee\/en\/wp-json\/wp\/v2\/product_tag?post=125908"}],"curies":[{"name":"wp","href":"https:\/\/api.w.org\/{rel}","templated":true}]}}