{"id":126944,"date":"2021-11-01T18:04:00","date_gmt":"2021-11-01T16:04:00","guid":{"rendered":"https:\/\/majatohter.ee\/tooted\/maaratlemata\/nuga-voolimis-no-106-sirge-82mm-tera-morakniv\/"},"modified":"2025-07-05T03:57:51","modified_gmt":"2025-07-05T01:57:51","slug":"nuga-voolimis-no-106-sirge-82mm-tera-morakniv","status":"publish","type":"product","link":"https:\/\/majatohter.ee\/en\/tooted\/other-products\/nuga-voolimis-no-106-sirge-82mm-tera-morakniv\/","title":{"rendered":"Voolimisnuga No 106, Morakniv"},"content":{"rendered":"<p>Hea voolimisnuga puut\u00f6\u00f6ga alustajale. Noal on s\u00fcsinikterasest 2,5 mm paksune ja 82 mm pikkune tera ning kasepuust k\u00e4epide.<\/p>\n","protected":false},"excerpt":{"rendered":"<p>Hea voolimisnuga puut\u00f6\u00f6ga alustajale. Noal on s\u00fcsinikterasest 2,5 mm paksune ja 82 mm pikkune tera ning kasepuust k\u00e4epide.<\/p>\n","protected":false},"featured_media":164733,"template":"","meta":{"_et_pb_use_builder":"","_et_pb_old_content":"","_et_gb_content_width":""},"product_brand":[],"product_cat":[2244],"product_tag":[],"class_list":{"0":"post-126944","1":"product","2":"type-product","3":"status-publish","4":"has-post-thumbnail","6":"product_cat-muud-tooted","8":"first","9":"onbackorder","10":"taxable","11":"shipping-taxable","12":"purchasable","13":"product-type-simple"},"_links":{"self":[{"href":"https:\/\/majatohter.ee\/en\/wp-json\/wp\/v2\/product\/126944","targetHints":{"allow":["GET"]}}],"collection":[{"href":"https:\/\/majatohter.ee\/en\/wp-json\/wp\/v2\/product"}],"about":[{"href":"https:\/\/majatohter.ee\/en\/wp-json\/wp\/v2\/types\/product"}],"wp:featuredmedia":[{"embeddable":true,"href":"https:\/\/majatohter.ee\/en\/wp-json\/wp\/v2\/media\/164733"}],"wp:attachment":[{"href":"https:\/\/majatohter.ee\/en\/wp-json\/wp\/v2\/media?parent=126944"}],"wp:term":[{"taxonomy":"product_brand","embeddable":true,"href":"https:\/\/majatohter.ee\/en\/wp-json\/wp\/v2\/product_brand?post=126944"},{"taxonomy":"product_cat","embeddable":true,"href":"https:\/\/majatohter.ee\/en\/wp-json\/wp\/v2\/product_cat?post=126944"},{"taxonomy":"product_tag","embeddable":true,"href":"https:\/\/majatohter.ee\/en\/wp-json\/wp\/v2\/product_tag?post=126944"}],"curies":[{"name":"wp","href":"https:\/\/api.w.org\/{rel}","templated":true}]}}