{"id":127898,"date":"2021-11-09T14:02:05","date_gmt":"2021-11-09T12:02:05","guid":{"rendered":"https:\/\/majatohter.ee\/?post_type=product&#038;p=127898"},"modified":"2025-07-04T21:55:48","modified_gmt":"2025-07-04T19:55:48","slug":"kitinuga-bahco","status":"publish","type":"product","link":"https:\/\/majatohter.ee\/en\/tooted\/tools\/scrapers\/kitinuga-bahco\/","title":{"rendered":"Kitinuga Bahco"},"content":{"rendered":"<p>Tugev t\u00f6\u00f6riist nii kittimiseks kui vana kiti vms eemaldamiseks.<br \/>\nV\u00e4ga hea vahend ka n\u00e4iteks takutamisel.<\/p>\n","protected":false},"excerpt":{"rendered":"<p>Tugev t\u00f6\u00f6riist nii kittimiseks kui vana kiti vms eemaldamiseks. V\u00e4ga hea vahend ka n\u00e4iteks takutamisel.<\/p>\n","protected":false},"featured_media":127899,"template":"","meta":{"_et_pb_use_builder":"","_et_pb_old_content":"","_et_gb_content_width":""},"product_brand":[],"product_cat":[87,1360,86],"product_tag":[595,1358,1357],"class_list":{"0":"post-127898","1":"product","2":"type-product","3":"status-publish","4":"has-post-thumbnail","6":"product_cat-kaabitsad","7":"product_cat-terariistad","8":"product_cat-tooriistad","9":"product_tag-kaabits","10":"product_tag-kitilabidas","11":"product_tag-kitinuga","13":"first","14":"onbackorder","15":"taxable","16":"shipping-taxable","17":"purchasable","18":"product-type-simple"},"_links":{"self":[{"href":"https:\/\/majatohter.ee\/en\/wp-json\/wp\/v2\/product\/127898","targetHints":{"allow":["GET"]}}],"collection":[{"href":"https:\/\/majatohter.ee\/en\/wp-json\/wp\/v2\/product"}],"about":[{"href":"https:\/\/majatohter.ee\/en\/wp-json\/wp\/v2\/types\/product"}],"wp:featuredmedia":[{"embeddable":true,"href":"https:\/\/majatohter.ee\/en\/wp-json\/wp\/v2\/media\/127899"}],"wp:attachment":[{"href":"https:\/\/majatohter.ee\/en\/wp-json\/wp\/v2\/media?parent=127898"}],"wp:term":[{"taxonomy":"product_brand","embeddable":true,"href":"https:\/\/majatohter.ee\/en\/wp-json\/wp\/v2\/product_brand?post=127898"},{"taxonomy":"product_cat","embeddable":true,"href":"https:\/\/majatohter.ee\/en\/wp-json\/wp\/v2\/product_cat?post=127898"},{"taxonomy":"product_tag","embeddable":true,"href":"https:\/\/majatohter.ee\/en\/wp-json\/wp\/v2\/product_tag?post=127898"}],"curies":[{"name":"wp","href":"https:\/\/api.w.org\/{rel}","templated":true}]}}