{"id":133263,"date":"2022-02-16T15:16:38","date_gmt":"2022-02-16T13:16:38","guid":{"rendered":"https:\/\/majatohter.ee\/tooted\/maaratlemata\/porandaleelis-valge-3l-herdins-102801\/"},"modified":"2026-02-07T02:43:26","modified_gmt":"2026-02-07T00:43:26","slug":"porandaleelis-herdins-valge","status":"publish","type":"product","link":"https:\/\/majatohter.ee\/en\/tooted\/chemicals\/bleach\/porandaleelis-herdins-valge\/","title":{"rendered":"P\u00f5randaleelis Herdins Valge"},"content":{"rendered":"<p>HERDINS GOLVLUT on pigmenteeritud valge p\u00f5randaleelis, mis pleegitab t\u00f6\u00f6tlemata kuuse- v\u00f5i m\u00e4nnipuidust p\u00f5randad s\u00e4ilitades kauni ja pehme puidupinna. Peatab okaspuule omase kolletumise.<\/p>\n<p><strong>Kulu:<\/strong> 1 liitrist leelisest piisab v\u00e4hemalt 5 m\u00b2 p\u00f5randa t\u00f6\u00f6tlemiseks.<br \/>\n<strong>Kuivamisaeg:<\/strong> 8-10 tundi, s\u00f5ltuvalt temperatuurist ja \u00f5huvahetusest.<\/p>\n<p><strong>T\u00f6\u00f6tlus:<\/strong><br \/>\nEnne t\u00f6\u00f6le asumist: Veenduge, et teie k\u00e4sutuses on j\u00e4rgmised t\u00f6\u00f6riistad ja kaitsevahendeid &#8211; kaitsekindad, hingamisteede kaitsevahendid, kaitseprillid, jalatsikaitsed, kauss v\u00f5i \u00e4mber ja valge poleervilt. Leelise peale kandmiseks kasutage moppi, nailonharja, tselluloosk\u00e4sna v\u00f5i leelisepintslit. T\u00f6\u00f6d h\u00f5lbustavad pika varrega t\u00f6\u00f6riistad.<\/p>\n<p>Leelisega t\u00f6\u00f6deldavad pinnad peavad olema v\u00e4rskelt lihvitud. Veenduge, et p\u00f5rand oleks kuiv ja t\u00e4ielikult tolmuvaba. Katke \u00fcmbritsevad pinnad kaitsekilega. Raputage kanistrit p\u00f5hjalikult, nii et kogu valge pigment on segunenud. Pealekandmise h\u00f5lbustamiseks valage lahus avatud anumasse. Veenduge, et kanistri p\u00f5hja ei j\u00e4\u00e4ks valge pigmendi setet.<\/p>\n<p>Alustage t\u00f6\u00f6tlust toa kaugeimast nurgast ja liikudes ukse poole kandke leelist p\u00f5randale laudadega pikisuunas. T\u00f6\u00f6delge 2-3 lauda korraga h\u00f5\u00f5ruvate edasi-tagasi liigutustega, nii et leelis oleks \u00fchtlaselt jaotunud ja h\u00e4sti imendunud. \u00c4rge kunagi katkestage t\u00f6\u00f6tlust keset lauda. J\u00e4tkake vahetult t\u00f6\u00f6d j\u00e4rgmise 2-3 lauaga, kuni kogu p\u00f5rand on valmis. V\u00e4ga oluline! Segage leelist aeg-ajalt pigmendi settimise v\u00e4ltimiseks! Kandke alati kaitseprille!<\/p>\n<p>Laske p\u00f5randal\u00a0kuivada\u00a0toatemperatuuril 8\u201310 tundi. Seej\u00e4rel lihvige valge viltkangaga, et eemaldada \u00fcleskerkinud puidukiu karedus ja liigne pigment. Kandke ka n\u00fc\u00fcd hingamisteede kaitsevahendeid ja kaitseprille! L\u00f5puks puhastage p\u00f5rand ja \u00fcmbritsevad pinnad hoolikalt tolmuimejaga. V\u00e4ltige leelisega pleegitatud p\u00f5randal k\u00e4imist tumedate taldadega jalan\u00f5udega, mis j\u00e4tavad j\u00e4lgi. Leeliset\u00f6\u00f6tlust on p\u00f5randale v\u00f5imalik teha ainult \u00fcks kord.<\/p>\n<p>J\u00e4tkake p\u00f5randa t\u00f6\u00f6tlust Herdinsi p\u00f5randa\u00f5liga v\u00f5i Herdinsi p\u00f5randaseebiga. Heleduse lisamiseks kasutage\u00a0Herdinsi valget p\u00f5randa\u00f5li v\u00f5i Herdinsi valget p\u00f5randaseepi.<\/p>\n<p>T\u00f6\u00f6riistad puhastage veega.<\/p>\n<p><strong>K\u00e4itlemine<\/strong>: Aine on s\u00f6\u00f6vitav. V\u00e4ltige aine sattumist nahale ja silma. Kandke alati kaitseriietust, kaitseprille ja kummikindaid. S\u00e4ilitage originaalpakendis tihedalt suletuna ja lastele k\u00e4ttesaamatus kohas.<br \/>\n<strong>J\u00e4\u00e4tmek\u00e4itlus:<\/strong> Aine j\u00e4\u00e4gid viige keskkonnajaama. T\u00fchjad pakendid loputage veega ja sorteerige need k\u00f5va plastpakendina. Lisateabe saamiseks p\u00f6\u00f6rduge kohaliku omavalitsuse poole.<\/p>\n","protected":false},"excerpt":{"rendered":"<p>HERDINS GOLVLUT on pigmenteeritud valge p\u00f5randaleelis, mis pleegitab t\u00f6\u00f6tlemata kuuse- v\u00f5i m\u00e4nnipuidust p\u00f5randad s\u00e4ilitades kauni ja pehme puidupinna. Peatab okaspuule omase kolletumise. Kulu: 1 liitrist leelisest piisab v\u00e4hemalt 5 m\u00b2 p\u00f5randa t\u00f6\u00f6tlemiseks. Kuivamisaeg: 8-10 tundi, s\u00f5ltuvalt temperatuurist ja \u00f5huvahetusest. T\u00f6\u00f6tlus: Enne t\u00f6\u00f6le asumist: Veenduge, et teie k\u00e4sutuses on j\u00e4rgmised t\u00f6\u00f6riistad ja kaitsevahendeid &#8211; kaitsekindad, hingamisteede [&hellip;]<\/p>\n","protected":false},"featured_media":134959,"template":"","meta":{"_et_pb_use_builder":"","_et_pb_old_content":"","_et_gb_content_width":""},"product_brand":[],"product_cat":[96,100],"product_tag":[2912,2913],"class_list":{"0":"post-133263","1":"product","2":"type-product","3":"status-publish","4":"has-post-thumbnail","6":"product_cat-kemikaalid","7":"product_cat-puidupleegitus","8":"product_tag-leelis","9":"product_tag-porandaleelis","11":"first","12":"instock","13":"taxable","14":"shipping-taxable","15":"purchasable","16":"product-type-simple"},"_links":{"self":[{"href":"https:\/\/majatohter.ee\/en\/wp-json\/wp\/v2\/product\/133263","targetHints":{"allow":["GET"]}}],"collection":[{"href":"https:\/\/majatohter.ee\/en\/wp-json\/wp\/v2\/product"}],"about":[{"href":"https:\/\/majatohter.ee\/en\/wp-json\/wp\/v2\/types\/product"}],"wp:featuredmedia":[{"embeddable":true,"href":"https:\/\/majatohter.ee\/en\/wp-json\/wp\/v2\/media\/134959"}],"wp:attachment":[{"href":"https:\/\/majatohter.ee\/en\/wp-json\/wp\/v2\/media?parent=133263"}],"wp:term":[{"taxonomy":"product_brand","embeddable":true,"href":"https:\/\/majatohter.ee\/en\/wp-json\/wp\/v2\/product_brand?post=133263"},{"taxonomy":"product_cat","embeddable":true,"href":"https:\/\/majatohter.ee\/en\/wp-json\/wp\/v2\/product_cat?post=133263"},{"taxonomy":"product_tag","embeddable":true,"href":"https:\/\/majatohter.ee\/en\/wp-json\/wp\/v2\/product_tag?post=133263"}],"curies":[{"name":"wp","href":"https:\/\/api.w.org\/{rel}","templated":true}]}}