{"id":133744,"date":"2022-03-11T11:43:43","date_gmt":"2022-03-11T09:43:43","guid":{"rendered":"https:\/\/majatohter.ee\/?post_type=product&#038;p=133744"},"modified":"2022-05-17T14:42:58","modified_gmt":"2022-05-17T12:42:58","slug":"majavammist-puust-ja-punaseks","status":"publish","type":"product","link":"https:\/\/majatohter.ee\/en\/tooted\/literature\/books\/majavammist-puust-ja-punaseks\/","title":{"rendered":"Majavammist &#8211; puust ja punaseks"},"content":{"rendered":"<p>Ennetamine, avastamine, t\u00f5rje.<br \/>\nAutor Kalle Pilt<\/p>\n<p><span class=\"_7UhW9 xLCgt MMzan KV-D4 se6yk T0kll \">Vanade hoonete s\u00e4ilitamine ja uuendamine on s\u00e4\u00e4stlik ning keskkonnas\u00f5bralik tegevus. Kui aga peame majavammi arengu t\u00f5ttu kordama uuendust\u00f6id iga 4-5 aasta tagant, on see \u00fchtlasi nii kulukas kui ka keskkonnale koormav. K\u00e4esolev raamat aitab ennetada majavammi teket, varakult avastada v\u00f5imalikke seenkahjustusi ning neid v\u00f5imalikult v\u00e4ikeste kuludega likvideerida. Lisaks leidub raamastus palju jooniseid ja soovitusi m\u00e4rgumiskindlate ning kestvate lahenduste loomiseks.<\/span><\/p>\n","protected":false},"excerpt":{"rendered":"<p>Ennetamine, avastamine, t\u00f5rje. Autor Kalle Pilt Vanade hoonete s\u00e4ilitamine ja uuendamine on s\u00e4\u00e4stlik ning keskkonnas\u00f5bralik tegevus. Kui aga peame majavammi arengu t\u00f5ttu kordama uuendust\u00f6id iga 4-5 aasta tagant, on see \u00fchtlasi nii kulukas kui ka keskkonnale koormav. K\u00e4esolev raamat aitab ennetada majavammi teket, varakult avastada v\u00f5imalikke seenkahjustusi ning neid v\u00f5imalikult v\u00e4ikeste kuludega likvideerida. Lisaks leidub [&hellip;]<\/p>\n","protected":false},"featured_media":133745,"template":"","meta":{"_et_pb_use_builder":"","_et_pb_old_content":"","_et_gb_content_width":""},"product_brand":[],"product_cat":[142,143],"product_tag":[2905,767,2904],"class_list":{"0":"post-133744","1":"product","2":"type-product","3":"status-publish","4":"has-post-thumbnail","6":"product_cat-kirjandus","7":"product_cat-raamatud","8":"product_tag-madanikseen","9":"product_tag-majavamm","10":"product_tag-vammitorje","12":"first","13":"instock","14":"taxable","15":"shipping-taxable","16":"purchasable","17":"product-type-simple"},"_links":{"self":[{"href":"https:\/\/majatohter.ee\/en\/wp-json\/wp\/v2\/product\/133744","targetHints":{"allow":["GET"]}}],"collection":[{"href":"https:\/\/majatohter.ee\/en\/wp-json\/wp\/v2\/product"}],"about":[{"href":"https:\/\/majatohter.ee\/en\/wp-json\/wp\/v2\/types\/product"}],"wp:featuredmedia":[{"embeddable":true,"href":"https:\/\/majatohter.ee\/en\/wp-json\/wp\/v2\/media\/133745"}],"wp:attachment":[{"href":"https:\/\/majatohter.ee\/en\/wp-json\/wp\/v2\/media?parent=133744"}],"wp:term":[{"taxonomy":"product_brand","embeddable":true,"href":"https:\/\/majatohter.ee\/en\/wp-json\/wp\/v2\/product_brand?post=133744"},{"taxonomy":"product_cat","embeddable":true,"href":"https:\/\/majatohter.ee\/en\/wp-json\/wp\/v2\/product_cat?post=133744"},{"taxonomy":"product_tag","embeddable":true,"href":"https:\/\/majatohter.ee\/en\/wp-json\/wp\/v2\/product_tag?post=133744"}],"curies":[{"name":"wp","href":"https:\/\/api.w.org\/{rel}","templated":true}]}}