{"id":1430,"date":"2016-07-20T14:48:35","date_gmt":"2016-07-20T12:48:35","guid":{"rendered":"http:\/\/uus.majatohter.ee\/tooted\/pinnaviimistlus\/oils\/toopinna-oli-amello\/"},"modified":"2025-07-28T21:42:13","modified_gmt":"2025-07-28T19:42:13","slug":"toopinna-oli-amello","status":"publish","type":"product","link":"https:\/\/majatohter.ee\/en\/tooted\/surface-treatment\/oils-en\/special-oils\/toopinna-oli-amello\/","title":{"rendered":"T\u00f6\u00f6pinna \u00f5li"},"content":{"rendered":"<p>T\u00f6\u00f6pinna \u00f5li on lina\u00f5li baasil valmistatud toode, mis sobib uuele v\u00f5i t\u00e4ielikult puhastatud puitpinnale sisetingimustes (n\u00e4iteks t\u00f6\u00f6pinnad k\u00f6\u00f6gis, toolid, lauad jm. m\u00f6\u00f6bel). T\u00f6\u00f6pinna \u00f5li kaitseb h\u00e4sti kulumise eest ja annab vett t\u00f5rjuva pinna. Toob h\u00e4sti esile puidu tekstuuri ning s\u00e4ilitab uute\u00a0 ja vanade puitpindade\u00a0 naturaalse tooni. Sobib nii heledate puiduliikide kui ka v\u00e4\u00e4rispuidust pindade viimistlemiseks. Kulu: 10-12 m2 liitri kohta. V\u00e4rvus: l\u00e4bipaistev<\/p>\n<p><strong>Kasutuskohad:\u00a0<\/strong>Puidust t\u00f6\u00f6pinnad sisetingimustes (lauad, toolid, t\u00f6\u00f6pinnad k\u00f6\u00f6gis, vannitoa m\u00f6\u00f6bel)<\/p>\n<p><strong>Kasutamisjuhend<\/strong><br \/>\nEnne kasutamist loksutada.Tee kindlaks, et puitpind\u00a0 oleks puhas, kuiv ning lihvpaberiga korralikult t\u00f6\u00f6deldud. Kanna T\u00f6\u00f6pinna \u00f5li ainult puhtale pinnale, eelnev viimistlus peab olema eemaldatud.<\/p>\n<p>Kui pinda on plaanis toonida, siis kasuta enne \u00f5li peitse. Teine v\u00f5imalus on T\u00f6\u00f6pinna \u00f5li toonida looduslike V\u00e4rvipigmentidega.<\/p>\n<p>Kanna \u00f5huke kiht T\u00f6\u00f6pinna \u00f5li puitpinnale pintsli v\u00f5i lapi abil. Liigse materjali osa, mis enam ei imendu peab hiljemalt 30 minuti p\u00e4rast p\u00fchkima \u00e4ra. Kanna peale teine \u00f5huke kiht p\u00e4rast esimese kihi minimaalset kuivamisaega 8 tundi. Viimistluskihtide arv on 2-4 s\u00f5ltudes puitpinna kvaliteedist ja imemisv\u00f5imest. Mida rohkem \u00f5likihte puitpinnale\u00a0 panna, seda l\u00e4ikivama ja tugevama pinna saame.<\/p>\n<p>Kulumise korral kanda uus kiht T\u00f6\u00f6pinna \u00f5li kulunud pindadele.<\/p>\n<p><span style=\"text-decoration: underline;\">Hoiatus:<\/span> T\u00f6\u00f6pinna \u00f5li v\u00f5ib tumendada teatud t\u00fc\u00fcpi puitu. T\u00f6\u00f6pinna \u00f5li\u00a0 kasutamisel peab ette antud aja jooksul kindlasti eemaldama \u00fcleliigse \u00f5li. \u00d5li ei sobi lakitud, v\u00e4rvitud v\u00f5i vin\u00fc\u00fclpindadele. Kasutamine muuks otstarbeks ja vastupidiselt antud n\u00f5uannetele ei ole soovitav.<\/p>\n","protected":false},"excerpt":{"rendered":"<p>T\u00f6\u00f6pinna \u00f5li on lina\u00f5li baasil valmistatud toode, mis sobib uuele v\u00f5i t\u00e4ielikult puhastatud puitpinnale sisetingimustes (n\u00e4iteks t\u00f6\u00f6pinnad k\u00f6\u00f6gis, toolid, lauad jm. m\u00f6\u00f6bel). T\u00f6\u00f6pinna \u00f5li kaitseb h\u00e4sti kulumise eest ja annab vett t\u00f5rjuva pinna. Toob h\u00e4sti esile puidu tekstuuri ning s\u00e4ilitab uute\u00a0 ja vanade puitpindade\u00a0 naturaalse tooni. Sobib nii heledate puiduliikide kui ka v\u00e4\u00e4rispuidust pindade viimistlemiseks. [&hellip;]<\/p>\n","protected":false},"featured_media":69467,"template":"","meta":{"_et_pb_use_builder":"","_et_pb_old_content":"","_et_gb_content_width":""},"product_brand":[],"product_cat":[29,311],"product_tag":[177,1166],"class_list":{"0":"post-1430","1":"product","2":"type-product","3":"status-publish","4":"has-post-thumbnail","6":"product_cat-oils","7":"product_cat-spetsiaalsed-olid","8":"product_tag-amello","9":"product_tag-toopinna-oli","11":"first","12":"instock","13":"taxable","14":"shipping-taxable","15":"purchasable","16":"product-type-variable"},"_links":{"self":[{"href":"https:\/\/majatohter.ee\/en\/wp-json\/wp\/v2\/product\/1430","targetHints":{"allow":["GET"]}}],"collection":[{"href":"https:\/\/majatohter.ee\/en\/wp-json\/wp\/v2\/product"}],"about":[{"href":"https:\/\/majatohter.ee\/en\/wp-json\/wp\/v2\/types\/product"}],"wp:featuredmedia":[{"embeddable":true,"href":"https:\/\/majatohter.ee\/en\/wp-json\/wp\/v2\/media\/69467"}],"wp:attachment":[{"href":"https:\/\/majatohter.ee\/en\/wp-json\/wp\/v2\/media?parent=1430"}],"wp:term":[{"taxonomy":"product_brand","embeddable":true,"href":"https:\/\/majatohter.ee\/en\/wp-json\/wp\/v2\/product_brand?post=1430"},{"taxonomy":"product_cat","embeddable":true,"href":"https:\/\/majatohter.ee\/en\/wp-json\/wp\/v2\/product_cat?post=1430"},{"taxonomy":"product_tag","embeddable":true,"href":"https:\/\/majatohter.ee\/en\/wp-json\/wp\/v2\/product_tag?post=1430"}],"curies":[{"name":"wp","href":"https:\/\/api.w.org\/{rel}","templated":true}]}}