{"id":1434,"date":"2016-07-20T14:50:37","date_gmt":"2016-07-20T12:50:37","guid":{"rendered":"http:\/\/uus.majatohter.ee\/tooted\/pinnaviimistlus\/oils\/kivikaitse-oli-amello\/"},"modified":"2025-10-31T19:45:36","modified_gmt":"2025-10-31T17:45:36","slug":"kivikaitse-oli-amello","status":"publish","type":"product","link":"https:\/\/majatohter.ee\/en\/tooted\/surface-treatment\/oils-en\/special-oils\/kivikaitse-oli-amello\/","title":{"rendered":"Kivi \u00f5li"},"content":{"rendered":"<p>Kivi \u00f5li on looduslike \u00f5lide baasil valmistatud toode. Kivi \u00f5li on 100 % looduslik. Toode ei sisalda lahusteid. Kivi \u00f5li imendub kivi sisse kaitstes teda niiskuse ja mustuse eest\u00a0 ning toob esile kivi kauni tekstuuri. Kivi \u00f5liga sobib \u00f5litada viimistlemata kivipinnad sisetingimustes.<br \/>\nKulu kivipinnale on 6 -10 m2\/l.<\/p>\n<p><strong>Kasutuskohad:\u00a0<\/strong>kivist ahjud ja kaminad,\u00a0pesuruumi kivip\u00f5randad,\u00a0looduskivist pinnad<\/p>\n<p><strong>Kasutamisjuhend<br \/>\n<\/strong><span style=\"text-decoration: underline;\">Eelt\u00f6\u00f6tlus:<\/span>\u00a0Puhasta vanad viimistletavad pinnad seebilahusega. Lase pinnal korralikult kuivada.<strong><br \/>\n<\/strong>Ei lahjendata. Sega\u00a0 hoolikalt enne kasutamist. Doseeri\u00a0 materjali \u00f5hukeste kihtidena pintsli v\u00f5i lapiga. Anna \u00f5lil\u00a0 imenduda umbes 30 minutit ning p\u00fchi \u00e4ra liigne \u00f5li, mis enam ei imendu.\u00a0 Viimistluskihtide arv on 1-3 s\u00f5ltudes pinna kvaliteedist ja kasutamise eesm\u00e4rgist.\u00a0\u00a0 Kivi\u00f5li ei sobi v\u00e4rvitud v\u00f5i glasuurpindadele. Kasutamine muuks otstarbeks ja vastupidiselt antud n\u00f5uannetele ei ole soovitav.<br \/>\nKuivamisaeg: \u00d5hukeselt pintseldatuna 1-2 \u00f6\u00f6p\u00e4eva alusmaterjalist s\u00f5ltuvalt.<\/p>\n","protected":false},"excerpt":{"rendered":"<p>Kivi \u00f5li on looduslike \u00f5lide baasil valmistatud toode. Kivi \u00f5li on 100 % looduslik. Toode ei sisalda lahusteid. Kivi \u00f5li imendub kivi sisse kaitstes teda niiskuse ja mustuse eest\u00a0 ning toob esile kivi kauni tekstuuri. Kivi \u00f5liga sobib \u00f5litada viimistlemata kivipinnad sisetingimustes. Kulu kivipinnale on 6 -10 m2\/l. Kasutuskohad:\u00a0kivist ahjud ja kaminad,\u00a0pesuruumi kivip\u00f5randad,\u00a0looduskivist pinnad Kasutamisjuhend [&hellip;]<\/p>\n","protected":false},"featured_media":69470,"template":"","meta":{"_et_pb_use_builder":"","_et_pb_old_content":"","_et_gb_content_width":""},"product_brand":[],"product_cat":[29,311],"product_tag":[177,1165],"class_list":{"0":"post-1434","1":"product","2":"type-product","3":"status-publish","4":"has-post-thumbnail","6":"product_cat-oils","7":"product_cat-spetsiaalsed-olid","8":"product_tag-amello","9":"product_tag-kivi-oli","11":"first","12":"instock","13":"taxable","14":"shipping-taxable","15":"purchasable","16":"product-type-variable"},"_links":{"self":[{"href":"https:\/\/majatohter.ee\/en\/wp-json\/wp\/v2\/product\/1434","targetHints":{"allow":["GET"]}}],"collection":[{"href":"https:\/\/majatohter.ee\/en\/wp-json\/wp\/v2\/product"}],"about":[{"href":"https:\/\/majatohter.ee\/en\/wp-json\/wp\/v2\/types\/product"}],"wp:featuredmedia":[{"embeddable":true,"href":"https:\/\/majatohter.ee\/en\/wp-json\/wp\/v2\/media\/69470"}],"wp:attachment":[{"href":"https:\/\/majatohter.ee\/en\/wp-json\/wp\/v2\/media?parent=1434"}],"wp:term":[{"taxonomy":"product_brand","embeddable":true,"href":"https:\/\/majatohter.ee\/en\/wp-json\/wp\/v2\/product_brand?post=1434"},{"taxonomy":"product_cat","embeddable":true,"href":"https:\/\/majatohter.ee\/en\/wp-json\/wp\/v2\/product_cat?post=1434"},{"taxonomy":"product_tag","embeddable":true,"href":"https:\/\/majatohter.ee\/en\/wp-json\/wp\/v2\/product_tag?post=1434"}],"curies":[{"name":"wp","href":"https:\/\/api.w.org\/{rel}","templated":true}]}}