{"id":1441,"date":"2016-07-20T14:54:47","date_gmt":"2016-07-20T12:54:47","guid":{"rendered":"http:\/\/uus.majatohter.ee\/tooted\/pinnaviimistlus\/oils\/olivaha-amello\/"},"modified":"2026-03-26T01:42:50","modified_gmt":"2026-03-25T23:42:50","slug":"olivaha-amello","status":"publish","type":"product","link":"https:\/\/majatohter.ee\/en\/tooted\/surface-treatment\/oils-en\/special-oils\/olivaha-amello\/","title":{"rendered":"\u00d5livaha"},"content":{"rendered":"<p>\u00d5livaha on lina\u00f5li baasil valmistatud toode, mis s\u00e4ilitab uute ja vanade puitp\u00f5randate naturaalse tooni, toob h\u00e4sti esile puidu tekstuuri. \u00d5livaha sisaldab karnauba vaha, mis annab puitpinnale siidise l\u00e4ike. Sobib nii heledate puiduliikide kui ka v\u00e4\u00e4rispuidust pindade viimistlemiseks. \u00d5li kaitseb h\u00e4sti kulumise eest ning on niiskuskindel. Lihtne kasutada, baseerub looduslikul toorainel; on ideaalne , et hoida enamik puitp\u00f5randa t\u00fc\u00fcpe suurep\u00e4raselt naturaalsetena. Vastupidavama viimistluse saamiseks kasuta eelnevat kruntimist Amello P\u00f5randa\u00f5liga. Sobib h\u00e4sti eluruumide, magamistubade, treppide, m\u00f6\u00f6bli ja siseuste viimistlemiseks. \u00d5livaha ei sobi saunaruumide, k\u00f6\u00f6gi p\u00f5randate ja t\u00f6\u00f6tasapindade viimistlemiseks.<\/p>\n<p><b>Kasutuskohad:\u00a0<\/b>Puitp\u00f5randad, trepid, m\u00f6\u00f6bel, siseuksed<\/p>\n<p class=\"catcont\" align=\"justify\"><strong>Kasutamisjuhend<\/strong><br \/>\nEnne kasutamist korralikult segada. Tee kindlaks, et puitpind oleks puhas, kuiv ning lihvpaberiga korralikult t\u00f6\u00f6deldud. Kanna \u00d5livaha puhtale pinnale, kus eelnev viimistlus on eemaldatud. \u00d5livaha on soovitav kanda ka eelnevalt Amello P\u00f5randa\u00f5liga krunditud pinnale. Kui puitpinda on plaanis toonida, siis tooni \u00d5livaha V\u00e4rvipigmentidega, lisades viimast keskmiselt 5 %. Toonitud \u00d5livaha tuleb korralikult segada enne t\u00f6\u00f6 algust ning ka t\u00f6\u00f6tamise ajal, sest V\u00e4rvipigmendil on omadus sadestuda taara p\u00f5hja. Kanna \u00f5huke kiht \u00d5livaha puitpinnale pintsli v\u00f5i lapi abil. Liigse materjali osa, mis enam ei imendu peab hiljemalt 30 minuti p\u00e4rast \u00e4ra p\u00fchkima. Kanna peale teine \u00f5huke kiht p\u00e4rast esimese kihi minimaalset kuivamisaega 12-15 tundi. Viimistluskihtide arv on 2-3 s\u00f5ltudes puitpinna kvaliteedist ja kasutamise eesm\u00e4rgist. P\u00e4rast puitpinna l\u00f5plikku kuivamist poleeri pind kuiva puuvillase lapiga. Nii saame p\u00f5randale pehmelt siidise l\u00e4ike. Kulu: 12-15 m2 liitri kohta<\/p>\n","protected":false},"excerpt":{"rendered":"<p>\u00d5livaha on lina\u00f5li baasil valmistatud toode, mis s\u00e4ilitab uute ja vanade puitp\u00f5randate naturaalse tooni, toob h\u00e4sti esile puidu tekstuuri. \u00d5livaha sisaldab karnauba vaha, mis annab puitpinnale siidise l\u00e4ike. Sobib nii heledate puiduliikide kui ka v\u00e4\u00e4rispuidust pindade viimistlemiseks. \u00d5li kaitseb h\u00e4sti kulumise eest ning on niiskuskindel. Lihtne kasutada, baseerub looduslikul toorainel; on ideaalne , et hoida [&hellip;]<\/p>\n","protected":false},"featured_media":69558,"template":"","meta":{"_et_pb_use_builder":"","_et_pb_old_content":"","_et_gb_content_width":""},"product_brand":[],"product_cat":[29,311],"product_tag":[177,1162,1163,616],"class_list":{"0":"post-1441","1":"product","2":"type-product","3":"status-publish","4":"has-post-thumbnail","6":"product_cat-oils","7":"product_cat-spetsiaalsed-olid","8":"product_tag-amello","9":"product_tag-olivaha","10":"product_tag-porandavaha","11":"product_tag-vaha","13":"first","14":"instock","15":"taxable","16":"shipping-taxable","17":"purchasable","18":"product-type-variable"},"_links":{"self":[{"href":"https:\/\/majatohter.ee\/en\/wp-json\/wp\/v2\/product\/1441","targetHints":{"allow":["GET"]}}],"collection":[{"href":"https:\/\/majatohter.ee\/en\/wp-json\/wp\/v2\/product"}],"about":[{"href":"https:\/\/majatohter.ee\/en\/wp-json\/wp\/v2\/types\/product"}],"wp:featuredmedia":[{"embeddable":true,"href":"https:\/\/majatohter.ee\/en\/wp-json\/wp\/v2\/media\/69558"}],"wp:attachment":[{"href":"https:\/\/majatohter.ee\/en\/wp-json\/wp\/v2\/media?parent=1441"}],"wp:term":[{"taxonomy":"product_brand","embeddable":true,"href":"https:\/\/majatohter.ee\/en\/wp-json\/wp\/v2\/product_brand?post=1441"},{"taxonomy":"product_cat","embeddable":true,"href":"https:\/\/majatohter.ee\/en\/wp-json\/wp\/v2\/product_cat?post=1441"},{"taxonomy":"product_tag","embeddable":true,"href":"https:\/\/majatohter.ee\/en\/wp-json\/wp\/v2\/product_tag?post=1441"}],"curies":[{"name":"wp","href":"https:\/\/api.w.org\/{rel}","templated":true}]}}