{"id":1450,"date":"2016-07-20T14:58:51","date_gmt":"2016-07-20T12:58:51","guid":{"rendered":"http:\/\/uus.majatohter.ee\/tooted\/pinnaviimistlus\/oils\/puiduoli-amello\/"},"modified":"2026-03-26T01:42:50","modified_gmt":"2026-03-25T23:42:50","slug":"puiduoli-amello","status":"publish","type":"product","link":"https:\/\/majatohter.ee\/en\/tooted\/surface-treatment\/oils-en\/special-oils\/puiduoli-amello\/","title":{"rendered":"Puidu\u00f5li"},"content":{"rendered":"<p>Puidu\u00f5li on hiina puu\u00f5li baasil valmistatud toode. Puidu\u00f5li on 100 % looduslik toode. Ei sisalda lahusteid. Puidu\u00f5li imendub puidu sisse kaitstes teda niiskuse ja mustuse eest ning annab \u00f5hku l\u00e4bilaskva kihi. Puidu\u00f5li tihendab puitu ja toob esile kauni puus\u00fc\u00fc ja oksakohad. Puidu\u00f5liga sobib viimistleda k\u00f5ik puitseinad ja -laed sisetingimustes, kus ruumi niiskus on k\u00f5rgem. Puidu\u00f5liga on sobiv viimistleda saunad seestpoolt (laed ja seinad). Kuna Puidu\u00f5li ei sisalda keemilisi lisaaineid on temaga soovitav viimistleda puitseinad ja &#8211; laed n\u00e4iteks lastetoas ja magamistoas. Puidu\u00f5li sobib nii heledale puidule kui ka v\u00e4\u00e4rispuidule. Kulu h\u00f6\u00f6veldatud puitpinnale on 8 -10 m<sup>2<\/sup>\/l.<\/p>\n<p><strong>Kasutuskohad:\u00a0<\/strong>Leiliruumi laed ja seinad, pesuruumi laed ja seinad,puitpinnad sisetingimustes,m\u00f6\u00f6bel, termiliselt t\u00f6\u00f6deldud puit.<\/p>\n<p><strong>Kasutamisjuhend<\/strong><br \/>\nEi lahjendata. Sega hoolikalt enne kasutamist. Doseeri materjali \u00f5hukeste kihtidena pintsli v\u00f5i kaltsuga. Anna \u00f5lil imenduda umbes 30 minutit ning p\u00fchi \u00e4ra liigne \u00f5li, mis enam ei imendu. Puitpinnad lihvitakse vahepeal ja viimistletakse uuesti. Viimistluskihtide arv on 1-3 s\u00f5ltudes puitpinna kvaliteedist ja kasutamise eesm\u00e4rgist. Viimistle puidu otspinnad eriti hoolikalt. Puidu\u00f5li saab toonida v\u00e4rvipigmentidega. Puidu\u00f5li ei sobi lakitud v\u00f5i v\u00e4rvitud pindadele. Kasutamine muuks otstarbeks ja vastupidiselt antud n\u00f5uannetele ei ole soovitav.<\/p>\n","protected":false},"excerpt":{"rendered":"<p>Puidu\u00f5li on hiina puu\u00f5li baasil valmistatud toode. Puidu\u00f5li on 100 % looduslik toode. Ei sisalda lahusteid. Puidu\u00f5li imendub puidu sisse kaitstes teda niiskuse ja mustuse eest ning annab \u00f5hku l\u00e4bilaskva kihi. Puidu\u00f5li tihendab puitu ja toob esile kauni puus\u00fc\u00fc ja oksakohad. Puidu\u00f5liga sobib viimistleda k\u00f5ik puitseinad ja -laed sisetingimustes, kus ruumi niiskus on k\u00f5rgem. Puidu\u00f5liga [&hellip;]<\/p>\n","protected":false},"featured_media":109142,"template":"","meta":{"_et_pb_use_builder":"","_et_pb_old_content":"","_et_gb_content_width":""},"product_brand":[],"product_cat":[29,311],"product_tag":[177,1123],"class_list":{"0":"post-1450","1":"product","2":"type-product","3":"status-publish","4":"has-post-thumbnail","6":"product_cat-oils","7":"product_cat-spetsiaalsed-olid","8":"product_tag-amello","9":"product_tag-puiduoli","11":"first","12":"instock","13":"taxable","14":"shipping-taxable","15":"purchasable","16":"product-type-variable","17":"has-default-attributes"},"_links":{"self":[{"href":"https:\/\/majatohter.ee\/en\/wp-json\/wp\/v2\/product\/1450","targetHints":{"allow":["GET"]}}],"collection":[{"href":"https:\/\/majatohter.ee\/en\/wp-json\/wp\/v2\/product"}],"about":[{"href":"https:\/\/majatohter.ee\/en\/wp-json\/wp\/v2\/types\/product"}],"wp:featuredmedia":[{"embeddable":true,"href":"https:\/\/majatohter.ee\/en\/wp-json\/wp\/v2\/media\/109142"}],"wp:attachment":[{"href":"https:\/\/majatohter.ee\/en\/wp-json\/wp\/v2\/media?parent=1450"}],"wp:term":[{"taxonomy":"product_brand","embeddable":true,"href":"https:\/\/majatohter.ee\/en\/wp-json\/wp\/v2\/product_brand?post=1450"},{"taxonomy":"product_cat","embeddable":true,"href":"https:\/\/majatohter.ee\/en\/wp-json\/wp\/v2\/product_cat?post=1450"},{"taxonomy":"product_tag","embeddable":true,"href":"https:\/\/majatohter.ee\/en\/wp-json\/wp\/v2\/product_tag?post=1450"}],"curies":[{"name":"wp","href":"https:\/\/api.w.org\/{rel}","templated":true}]}}