{"id":1455,"date":"2016-07-20T13:00:54","date_gmt":"2016-07-20T13:00:54","guid":{"rendered":"http:\/\/uus.majatohter.ee\/tooted\/pinnaviimistlus\/oils\/porandaoli-amello\/"},"modified":"2025-07-09T20:42:29","modified_gmt":"2025-07-09T18:42:29","slug":"porandaoli-amello","status":"publish","type":"product","link":"https:\/\/majatohter.ee\/en\/tooted\/surface-treatment\/oils-en\/oils-for-floors\/porandaoli-amello\/","title":{"rendered":"P\u00f5randa\u00f5li"},"content":{"rendered":"<div class=\"catcont\" align=\"justify\">P\u00f5randa\u00f5li on lina\u00f5li baasil valmistatud toode, mis s\u00e4ilitab uute ja vanade puitp\u00f5randate naturaalse tooni ning toob h\u00e4sti esile puidu tekstuuri. Sobib nii heledate puiduliikide kui ka v\u00e4\u00e4rispuidust pindade viimistlemiseks. P\u00f5randa\u00f5li kaitseb h\u00e4sti kulumise eest ning on niiskuskindel. Lihtne kasutada, baseerub looduslikul toorainel; on ideaalne, et hoida enamik puitp\u00f5randa t\u00fc\u00fcpe suurep\u00e4raselt naturaalsetena. Sobib h\u00e4sti eluruumide, magamistubade, saunaruumide puitp\u00f5randate ja treppide viimistlemiseks. Hooldamine: Kui kasutatud on ainult P\u00f5randa\u00f5li, siis p\u00f5randalt peaks regulaarselt p\u00fchkima v\u00f5i imema tolmu ning seej\u00e4rel p\u00fchkima \u00fcle niiske lapiga. Kulumise korral kanda uus kiht P\u00f5randa\u00f5li kulunud pindadele. Tiheda l\u00e4bik\u00e4imisega p\u00f5randaalasid on vaja alguses uuesti \u00f5litada iga 3-4 kuu j\u00e4rel, v\u00e4hese l\u00e4bik\u00e4imisega alasid 1-2 korda aastas. Uute kihtide kandmine s\u00f5ltub liikumisest p\u00f5randal. Vahatatutel p\u00f5randatel peaks tolmu p\u00fchkima v\u00f5i imema ning seej\u00e4rel lapiga \u00fcle h\u00f5\u00f5ruma, et l\u00e4iget taastada.<\/div>\n<div align=\"justify\"><\/div>\n<p class=\"catcont\" align=\"justify\"><strong>Kasutuskohad:<\/strong> puitp\u00f5randad, trepid<br \/>\n<strong>V\u00e4rvus<\/strong>: v\u00e4rvitu<\/p>\n<p><strong>KASUTUSJUHEND<\/strong><br \/>\nEnne kasutamist loksutada Tee kindlaks, et p\u00f5rand oleks puhas, kuiv ning lihvpaberiga korralikult t\u00f6\u00f6deldud. Kanna P\u00f5randa\u00f5li ainult puhtale pinnale, eelnev viimistlus peab olema eemaldatud. Kui p\u00f5randat on plaanis toonida, siis kasuta enne P\u00f5randa\u00f5li peitse. Teine v\u00f5imalus on P\u00f5randa\u00f5li toonida V\u00e4rvipigmentidega, lisades viimast keskmiselt 5 %. Kanna \u00f5huke kiht P\u00f5randa\u00f5li puitpinnale pintsli v\u00f5i lapi abil. Liigse materjali osa, mis enam ei imendu peab hiljemalt 30 minuti p\u00e4rast p\u00fchkima \u00e4ra. Kanna peale teine \u00f5huke kiht p\u00e4rast esimese kihi minimaalset kuivamisaega 12-15 tundi. Viimistluskihtide arv on 2-3 s\u00f5ltudes puitpinna kvaliteedist ja kasutamise eesm\u00e4rgist. Vajadusel vahata pind hiljem p\u00f5randavahaga. Hoiatus : P\u00f5randa\u00f5li v\u00f5ib tumendada teatud t\u00fc\u00fcpi puitu. P\u00f5randa\u00f5li kasutamisel peab ette antud aja jooksul kindlasti eemaldama \u00fcleliigse \u00f5li.<br \/>\n\u00d5li ei sobi lakitud, v\u00e4rvitud v\u00f5i vin\u00fc\u00fclpindadele. Kasutamine muuks otstarbeks ja vastupidiselt antud n\u00f5uannetele ei ole soovitav.<\/p>\n<p>&nbsp;<\/p>\n","protected":false},"excerpt":{"rendered":"<p>P\u00f5randa\u00f5li on lina\u00f5li baasil valmistatud toode, mis s\u00e4ilitab uute ja vanade puitp\u00f5randate naturaalse tooni ning toob h\u00e4sti esile puidu tekstuuri. Sobib nii heledate puiduliikide kui ka v\u00e4\u00e4rispuidust pindade viimistlemiseks. P\u00f5randa\u00f5li kaitseb h\u00e4sti kulumise eest ning on niiskuskindel. Lihtne kasutada, baseerub looduslikul toorainel; on ideaalne, et hoida enamik puitp\u00f5randa t\u00fc\u00fcpe suurep\u00e4raselt naturaalsetena. Sobib h\u00e4sti eluruumide, magamistubade, [&hellip;]<\/p>\n","protected":false},"featured_media":69450,"template":"","meta":{"_et_pb_use_builder":"","_et_pb_old_content":"","_et_gb_content_width":""},"product_brand":[],"product_cat":[29,845],"product_tag":[177,2439,2440,650],"class_list":{"0":"post-1455","1":"product","2":"type-product","3":"status-publish","4":"has-post-thumbnail","6":"product_cat-oils","7":"product_cat-porandaolid","8":"product_tag-amello","9":"product_tag-naturaalne-oli","10":"product_tag-poranda-olitamine","11":"product_tag-porandaoli","13":"first","14":"instock","15":"taxable","16":"shipping-taxable","17":"purchasable","18":"product-type-variable"},"_links":{"self":[{"href":"https:\/\/majatohter.ee\/en\/wp-json\/wp\/v2\/product\/1455","targetHints":{"allow":["GET"]}}],"collection":[{"href":"https:\/\/majatohter.ee\/en\/wp-json\/wp\/v2\/product"}],"about":[{"href":"https:\/\/majatohter.ee\/en\/wp-json\/wp\/v2\/types\/product"}],"wp:featuredmedia":[{"embeddable":true,"href":"https:\/\/majatohter.ee\/en\/wp-json\/wp\/v2\/media\/69450"}],"wp:attachment":[{"href":"https:\/\/majatohter.ee\/en\/wp-json\/wp\/v2\/media?parent=1455"}],"wp:term":[{"taxonomy":"product_brand","embeddable":true,"href":"https:\/\/majatohter.ee\/en\/wp-json\/wp\/v2\/product_brand?post=1455"},{"taxonomy":"product_cat","embeddable":true,"href":"https:\/\/majatohter.ee\/en\/wp-json\/wp\/v2\/product_cat?post=1455"},{"taxonomy":"product_tag","embeddable":true,"href":"https:\/\/majatohter.ee\/en\/wp-json\/wp\/v2\/product_tag?post=1455"}],"curies":[{"name":"wp","href":"https:\/\/api.w.org\/{rel}","templated":true}]}}