{"id":1511,"date":"2016-07-21T10:22:57","date_gmt":"2016-07-21T10:22:57","guid":{"rendered":"http:\/\/uus.majatohter.ee\/tooted\/pinnaviimistlus\/antiikvaha-black-bison-varvitu\/"},"modified":"2026-04-08T13:43:17","modified_gmt":"2026-04-08T11:43:17","slug":"antiikvaha-black-bison-varvitu","status":"publish","type":"product","link":"https:\/\/majatohter.ee\/en\/tooted\/surface-treatment\/wax\/beeswax\/antiikvaha-black-bison-varvitu\/","title":{"rendered":"Antiikvaha Black Bison"},"content":{"rendered":"<p>Black Bison antiikvaha annab tugeva ja vastupidava viimistluse, muutes aja jooksul tuhmunud pinnad s\u00e4ravaks. Sobib kasutamiseks nii t\u00f6\u00f6tlemata kui ka vanale puidule, sisaldab mesilas- ja karnaubavaha.<\/p>\n<p><strong>Kasutuskohad:\u00a0<\/strong>Uute ja vanade puitpindade viimistlemine: antiikm\u00f6\u00f6bel jne. Ei soovitata pidevalt\u00a0niiskusega kokkupuutes olevatele pindadele (k\u00f6\u00f6gi t\u00f6\u00f6tasapinnad ja vannitoas olevad puitpinnad).<br \/>\n<strong>Koostis:<\/strong>\u00a0Karnauubavaha ja t\u00e4rpentin.<br \/>\n<strong>Kulu:<\/strong> 12m<sup>2<\/sup>\/L<strong><br \/>\nToonid:<\/strong> v\u00e4rvitu, tamm, tume tamm, p\u00e4hkel, mahagon.<br \/>\n<strong>Kuivamine:<\/strong>\u00a02-4 tundi.<\/p>\n<p><strong>KASUTUSJUHEND:<\/strong><br \/>\n<span style=\"text-decoration: underline;\">EELT\u00d6\u00d6D<\/span><br \/>\nVeendu, et pinda on v\u00f5imalik vahatada. Kui pind on v\u00e4rvitud v\u00f5i lakitud, puhasta pind eelnevalt hoolikalt<br \/>\nvanast v\u00e4rvist ja lakist (n\u00e4iteks <a href=\"https:\/\/majatohter.ee\/tooted\/kemikaalid\/stripper-varvieemaldaja\/\"><span style=\"text-decoration: underline;\">Stripper<\/span><\/a> V\u00e4rvieemaldajaga). Varem vahatatud, kuid m\u00e4\u00e4rdunud pind<br \/>\npuhastatakse Liberoni <a href=\"https:\/\/majatohter.ee\/tooted\/kemikaalid\/varvieemaldus\/moobli-puhastusaine-liberon\/\">M\u00f6\u00f6bli puhastusainega<\/a>. Freesitud pind on soovitav lihvida enne vahatamist nr. 180<br \/>\nliivapaberiga, see tagab vaha parema imendumise ja annab pinnale parema kaitse.<br \/>\n<span style=\"text-decoration: underline;\">VAHATAMINE<\/span><br \/>\nKanna puitpinnale \u00fchtlaselt puus\u00fc\u00fc suunas \u00f5huke kiht Antiikvaha, kasuta selleks puuvillast lappi v\u00f5i Liberon<br \/>\n<a href=\"https:\/\/majatohter.ee\/tooted\/tooriistad\/terasvill-100g\/\">Terasvillaga<\/a> no. 0000. Terasvilla abil kandes imbub vaha paremini puidu sisse, pind saab tugevam ja toon<br \/>\ntuleb intensiivsem.<br \/>\nLase pinnal kuivada 2-4 tundi kuni \u00f6\u00f6p\u00e4ev ja l\u00f6\u00f6 l\u00e4ikima puhta pehme riidega v\u00f5i harjaga.<br \/>\nV\u00f5imalik on peale kanda mitmeid kihte. Antiikvaha ei sobi v\u00e4listingimustes olevate puitpindade ning lakitud<br \/>\npindade viimistlemiseks.<\/p>\n<p><strong>Ohutus:<\/strong>\u00a0Tuleohtlik! Korduv toime v\u00f5ib p\u00f5hjustada naha kuivust v\u00f5i l\u00f5henemist. Hoolitseda<br \/>\nhea ventilatsiooni eest.\u00a0Hoida lastele k\u00e4ttesaamatus kohas.<\/p>\n<p><a href=\"http:\/\/majatohter.ee\/wp-content\/uploads\/2016\/07\/antiikvaha-Liberon.pdf\">Infoleht<\/a><\/p>\n","protected":false},"excerpt":{"rendered":"<p>Black Bison antiikvaha annab tugeva ja vastupidava viimistluse, muutes aja jooksul tuhmunud pinnad s\u00e4ravaks. Sobib kasutamiseks nii t\u00f6\u00f6tlemata kui ka vanale puidule, sisaldab mesilas- ja karnaubavaha. Kasutuskohad:\u00a0Uute ja vanade puitpindade viimistlemine: antiikm\u00f6\u00f6bel jne. Ei soovitata pidevalt\u00a0niiskusega kokkupuutes olevatele pindadele (k\u00f6\u00f6gi t\u00f6\u00f6tasapinnad ja vannitoas olevad puitpinnad). Koostis:\u00a0Karnauubavaha ja t\u00e4rpentin. Kulu: 12m2\/L Toonid: v\u00e4rvitu, tamm, tume tamm, [&hellip;]<\/p>\n","protected":false},"featured_media":69865,"template":"","meta":{"_et_pb_use_builder":"","_et_pb_old_content":"","_et_gb_content_width":""},"product_brand":[],"product_cat":[319,28,30],"product_tag":[321,322,168,320,323],"class_list":{"0":"post-1511","1":"product","2":"type-product","3":"status-publish","4":"has-post-thumbnail","6":"product_cat-mesilasvaha","7":"product_cat-pinnaviimistlus","8":"product_cat-vahad","9":"product_tag-antiikvaha","10":"product_tag-black-bison","11":"product_tag-liberon","12":"product_tag-mesilasvaha","13":"product_tag-viimistlusvaha","15":"first","16":"instock","17":"taxable","18":"shipping-taxable","19":"purchasable","20":"product-type-variable","21":"has-default-attributes"},"_links":{"self":[{"href":"https:\/\/majatohter.ee\/en\/wp-json\/wp\/v2\/product\/1511","targetHints":{"allow":["GET"]}}],"collection":[{"href":"https:\/\/majatohter.ee\/en\/wp-json\/wp\/v2\/product"}],"about":[{"href":"https:\/\/majatohter.ee\/en\/wp-json\/wp\/v2\/types\/product"}],"wp:featuredmedia":[{"embeddable":true,"href":"https:\/\/majatohter.ee\/en\/wp-json\/wp\/v2\/media\/69865"}],"wp:attachment":[{"href":"https:\/\/majatohter.ee\/en\/wp-json\/wp\/v2\/media?parent=1511"}],"wp:term":[{"taxonomy":"product_brand","embeddable":true,"href":"https:\/\/majatohter.ee\/en\/wp-json\/wp\/v2\/product_brand?post=1511"},{"taxonomy":"product_cat","embeddable":true,"href":"https:\/\/majatohter.ee\/en\/wp-json\/wp\/v2\/product_cat?post=1511"},{"taxonomy":"product_tag","embeddable":true,"href":"https:\/\/majatohter.ee\/en\/wp-json\/wp\/v2\/product_tag?post=1511"}],"curies":[{"name":"wp","href":"https:\/\/api.w.org\/{rel}","templated":true}]}}