{"id":1565,"date":"2016-07-21T11:24:29","date_gmt":"2016-07-21T11:24:29","guid":{"rendered":"http:\/\/uus.majatohter.ee\/tooted\/pinnaviimistlus\/peitsipulber-89-sinine\/"},"modified":"2026-04-15T14:44:01","modified_gmt":"2026-04-15T12:44:01","slug":"pulberpeits","status":"publish","type":"product","link":"https:\/\/majatohter.ee\/en\/tooted\/surface-treatment\/wood-stain\/pulberpeits\/","title":{"rendered":"Pulberpeits"},"content":{"rendered":"<p>Herdins vesilahuseline peits on l\u00e4bipaistev, toob esile puidu loomuliku struktuuri. V\u00e4rvitooni tugevust saab reguleerida peitsi lahustamiseks m\u00f5eldud vee kogusega. K\u00f5ik v\u00e4rvitoonid on omavahel segatavad.Kulu\u00a06-8m2 \/pakk.\u00a0Kuna Herdins pulberpeits ei sisalda sideaineid, siis tuleb pind \u00fcle lakkida v\u00f5i vahatada. Kindlasti tuleks v\u00e4ltida veep\u00f5hiseid lakke ja traditsioonilisi \u00f5lisid, kuna eksisteerib v\u00e4rvi \u00fcleslahustumise oht ning tulemuseks oleks laiguline pind.<\/p>\n<p><a href=\"http:\/\/uus.majatohter.ee\/wp-content\/uploads\/2016\/07\/Pulberpeits.pdf\">Pulberpeits<\/a><\/p>\n","protected":false},"excerpt":{"rendered":"<p>Herdins vesilahuseline peits on l\u00e4bipaistev, toob esile puidu loomuliku struktuuri. V\u00e4rvitooni tugevust saab reguleerida peitsi lahustamiseks m\u00f5eldud vee kogusega. K\u00f5ik v\u00e4rvitoonid on omavahel segatavad.Kulu\u00a06-8m2 \/pakk.\u00a0Kuna Herdins pulberpeits ei sisalda sideaineid, siis tuleb pind \u00fcle lakkida v\u00f5i vahatada. Kindlasti tuleks v\u00e4ltida veep\u00f5hiseid lakke ja traditsioonilisi \u00f5lisid, kuna eksisteerib v\u00e4rvi \u00fcleslahustumise oht ning tulemuseks oleks laiguline pind. [&hellip;]<\/p>\n","protected":false},"featured_media":2006,"template":"","meta":{"_et_pb_use_builder":"","_et_pb_old_content":"","_et_gb_content_width":""},"product_brand":[],"product_cat":[32,28],"product_tag":[325,326,328],"class_list":{"0":"post-1565","1":"product","2":"type-product","3":"status-publish","4":"has-post-thumbnail","6":"product_cat-peitsid","7":"product_cat-pinnaviimistlus","8":"product_tag-herdins","9":"product_tag-peits","10":"product_tag-pulberpeits","12":"first","13":"instock","14":"taxable","15":"shipping-taxable","16":"purchasable","17":"product-type-variable"},"_links":{"self":[{"href":"https:\/\/majatohter.ee\/en\/wp-json\/wp\/v2\/product\/1565","targetHints":{"allow":["GET"]}}],"collection":[{"href":"https:\/\/majatohter.ee\/en\/wp-json\/wp\/v2\/product"}],"about":[{"href":"https:\/\/majatohter.ee\/en\/wp-json\/wp\/v2\/types\/product"}],"wp:featuredmedia":[{"embeddable":true,"href":"https:\/\/majatohter.ee\/en\/wp-json\/wp\/v2\/media\/2006"}],"wp:attachment":[{"href":"https:\/\/majatohter.ee\/en\/wp-json\/wp\/v2\/media?parent=1565"}],"wp:term":[{"taxonomy":"product_brand","embeddable":true,"href":"https:\/\/majatohter.ee\/en\/wp-json\/wp\/v2\/product_brand?post=1565"},{"taxonomy":"product_cat","embeddable":true,"href":"https:\/\/majatohter.ee\/en\/wp-json\/wp\/v2\/product_cat?post=1565"},{"taxonomy":"product_tag","embeddable":true,"href":"https:\/\/majatohter.ee\/en\/wp-json\/wp\/v2\/product_tag?post=1565"}],"curies":[{"name":"wp","href":"https:\/\/api.w.org\/{rel}","templated":true}]}}