{"id":164629,"date":"2024-03-08T12:24:53","date_gmt":"2024-03-08T10:24:53","guid":{"rendered":"https:\/\/majatohter.ee\/?post_type=product&#038;p=164629"},"modified":"2026-03-26T01:42:49","modified_gmt":"2026-03-25T23:42:49","slug":"kummiaraabik-pulber","status":"publish","type":"product","link":"https:\/\/majatohter.ee\/en\/tooted\/general-construction\/glues\/kummiaraabik-pulber\/","title":{"rendered":"Kummiaraabik, pulber"},"content":{"rendered":"<p>Kummiaraabiku pulber. Kasutatakse emulsaatori, stabilisaatori, paksendajana. Traditsiooniline liimaine akvarell- ja gua\u0161\u0161v\u00e4rvides.<br \/>\nLahustada soojas vees 1 osa kummiaraabikut 2 osa vee kohta.<\/p>\n<p><strong>Vees lahustuvus:<\/strong> ~ 500g\/L<\/p>\n","protected":false},"excerpt":{"rendered":"<p>Kummiaraabiku pulber. Kasutatakse emulsaatori, stabilisaatori, paksendajana. Traditsiooniline liimaine akvarell- ja gua\u0161\u0161v\u00e4rvides. Lahustada soojas vees 1 osa kummiaraabikut 2 osa vee kohta. Vees lahustuvus: ~ 500g\/L<\/p>\n","protected":false},"featured_media":164633,"template":"","meta":{"_et_pb_use_builder":"","_et_pb_old_content":"","_et_gb_content_width":""},"product_brand":[],"product_cat":[57,58,54],"product_tag":[3555],"class_list":{"0":"post-164629","1":"product","2":"type-product","3":"status-publish","4":"has-post-thumbnail","6":"product_cat-liimid","7":"product_cat-lisaained","8":"product_cat-puisteained","9":"product_tag-kummiaraabik","11":"first","12":"instock","13":"taxable","14":"shipping-taxable","15":"purchasable","16":"product-type-variable"},"_links":{"self":[{"href":"https:\/\/majatohter.ee\/en\/wp-json\/wp\/v2\/product\/164629","targetHints":{"allow":["GET"]}}],"collection":[{"href":"https:\/\/majatohter.ee\/en\/wp-json\/wp\/v2\/product"}],"about":[{"href":"https:\/\/majatohter.ee\/en\/wp-json\/wp\/v2\/types\/product"}],"wp:featuredmedia":[{"embeddable":true,"href":"https:\/\/majatohter.ee\/en\/wp-json\/wp\/v2\/media\/164633"}],"wp:attachment":[{"href":"https:\/\/majatohter.ee\/en\/wp-json\/wp\/v2\/media?parent=164629"}],"wp:term":[{"taxonomy":"product_brand","embeddable":true,"href":"https:\/\/majatohter.ee\/en\/wp-json\/wp\/v2\/product_brand?post=164629"},{"taxonomy":"product_cat","embeddable":true,"href":"https:\/\/majatohter.ee\/en\/wp-json\/wp\/v2\/product_cat?post=164629"},{"taxonomy":"product_tag","embeddable":true,"href":"https:\/\/majatohter.ee\/en\/wp-json\/wp\/v2\/product_tag?post=164629"}],"curies":[{"name":"wp","href":"https:\/\/api.w.org\/{rel}","templated":true}]}}