{"id":164667,"date":"2024-03-18T10:37:07","date_gmt":"2024-03-18T08:37:07","guid":{"rendered":"https:\/\/majatohter.ee\/?post_type=product&#038;p=164667"},"modified":"2025-07-05T04:01:00","modified_gmt":"2025-07-05T02:01:00","slug":"vaikese-linna-suured-mustrid","status":"publish","type":"product","link":"https:\/\/majatohter.ee\/en\/tooted\/literature\/books\/vaikese-linna-suured-mustrid\/","title":{"rendered":"V\u00e4ikese linna suured mustrid"},"content":{"rendered":"<div class=\"styles_descriptionContainer__1O5vs dangerHtml styles_descriptionOpen__et78T\">\n<p>Raamat Paide ajaloolistest interj\u00f6\u00f6ridest &#8220;<strong>V\u00e4ikese linna suured mustrid<\/strong>&#8220;.<\/p>\n<p>Paide linnakodu interj\u00f6\u00f6ri ajalugu on \u00fchtlasi tapeediajalugu &#8211; lummavaid mustreid on Paide vanadest majadest p\u00e4evavalgele tulnud lugematul hulgal, millest paremik on koondatud v\u00e4rskelt valminud raamatu kaante vahele. P\u00e4rast selle meelik\u00f6itva kollektsiooniga tutvumist ei paista \u00fckski vana foto enam must-valgena. Ajaloolised interj\u00f6\u00f6rid jutustavad selles raamatus k\u00f6itva loo, mille peategelasteks on mustrid.<\/p>\n<p>Raamatu n\u00e4ol on tegemist tapeediaabitsaga, kust lisaks mustritele ja ajaloolistele interj\u00f6\u00f6rifotodele leiab \u00fclevaate tapeediajaloost. Lisaks on juttu Eesti tapeeditootmise ajaloost ning v\u00e4ikelinna kaupmeestest, kes kohalikku rahvast selle nii levinud tarbekaubaga varustasid. Tapeedimustrid on dateeritud &#8211; analoogiatele, stiilikriitikale ning leiukontekstile tuginedes k\u00fcmnenditesse jaotatud, mis v\u00f5imaldab tr\u00fckist kasutada abivahendina nii interj\u00f6\u00f6ride kujundamisel kui ka uurimisel.<\/p>\n<p>Lisaks rikkalikele ajaloolistele tapeedileidudele on Paide interj\u00f6\u00f6ride mustrite maailma kaaluka ja oman\u00e4olise panuse andnud August Roosileht, kelle looming on v\u00e4rvikaks laiguks meie interj\u00f6\u00f6riajaloos. Eksib see, kes arvab, et v\u00e4ikese provintsilinna kodud on olnud k\u00f5ik tagasihoidlikud v\u00f5i vanamoodsad. Kaugeltki mitte! Raamat pakub \u00fclevaate August Roosilehe kujundatud sisustuselementidest, mis lausa vastanduvad vanamoodsale ja traditsioonilisele.<\/p>\n<\/div>\n","protected":false},"excerpt":{"rendered":"<p>Raamat Paide ajaloolistest interj\u00f6\u00f6ridest &#8220;V\u00e4ikese linna suured mustrid&#8220;. Paide linnakodu interj\u00f6\u00f6ri ajalugu on \u00fchtlasi tapeediajalugu &#8211; lummavaid mustreid on Paide vanadest majadest p\u00e4evavalgele tulnud lugematul hulgal, millest paremik on koondatud v\u00e4rskelt valminud raamatu kaante vahele. P\u00e4rast selle meelik\u00f6itva kollektsiooniga tutvumist ei paista \u00fckski vana foto enam must-valgena. Ajaloolised interj\u00f6\u00f6rid jutustavad selles raamatus k\u00f6itva loo, mille [&hellip;]<\/p>\n","protected":false},"featured_media":164669,"template":"","meta":{"_et_pb_use_builder":"","_et_pb_old_content":"","_et_gb_content_width":""},"product_brand":[],"product_cat":[142,143],"product_tag":[],"class_list":{"0":"post-164667","1":"product","2":"type-product","3":"status-publish","4":"has-post-thumbnail","6":"product_cat-kirjandus","7":"product_cat-raamatud","9":"first","10":"outofstock","11":"taxable","12":"shipping-taxable","13":"purchasable","14":"product-type-simple"},"_links":{"self":[{"href":"https:\/\/majatohter.ee\/en\/wp-json\/wp\/v2\/product\/164667","targetHints":{"allow":["GET"]}}],"collection":[{"href":"https:\/\/majatohter.ee\/en\/wp-json\/wp\/v2\/product"}],"about":[{"href":"https:\/\/majatohter.ee\/en\/wp-json\/wp\/v2\/types\/product"}],"wp:featuredmedia":[{"embeddable":true,"href":"https:\/\/majatohter.ee\/en\/wp-json\/wp\/v2\/media\/164669"}],"wp:attachment":[{"href":"https:\/\/majatohter.ee\/en\/wp-json\/wp\/v2\/media?parent=164667"}],"wp:term":[{"taxonomy":"product_brand","embeddable":true,"href":"https:\/\/majatohter.ee\/en\/wp-json\/wp\/v2\/product_brand?post=164667"},{"taxonomy":"product_cat","embeddable":true,"href":"https:\/\/majatohter.ee\/en\/wp-json\/wp\/v2\/product_cat?post=164667"},{"taxonomy":"product_tag","embeddable":true,"href":"https:\/\/majatohter.ee\/en\/wp-json\/wp\/v2\/product_tag?post=164667"}],"curies":[{"name":"wp","href":"https:\/\/api.w.org\/{rel}","templated":true}]}}