{"id":165804,"date":"2024-10-10T12:06:16","date_gmt":"2024-10-10T10:06:16","guid":{"rendered":"https:\/\/majatohter.ee\/?post_type=product&#038;p=165804"},"modified":"2026-04-08T19:42:42","modified_gmt":"2026-04-08T17:42:42","slug":"uku-lubivarv","status":"publish","type":"product","link":"https:\/\/majatohter.ee\/en\/tooted\/paints\/lime-paint\/uku-lubivarv\/","title":{"rendered":"UKU Lubiv\u00e4rv"},"content":{"rendered":"<div class=\"elementor-element elementor-element-14edf24b elementor-widget elementor-widget-text-editor\" data-id=\"14edf24b\" data-element_type=\"widget\" data-widget_type=\"text-editor.default\">\n<div class=\"elementor-widget-container\">\n<p>UKU lubiv\u00e4rv on hea katvusega matt v\u00e4rv, mis lisab siledatele pindadele isikup\u00e4ra, j\u00e4ttes pinnale kerge tekstuuri. Looduslikult valget lubiv\u00e4rvi saab toonida laia valiku v\u00e4rvimuldadega. Sobib ideaalselt nii ajalooliste kui ka moodsate\u00a0 ehitiste v\u00e4rvimiseks sise- ja v\u00e4litingimustes.<\/p>\n<p>Lubiv\u00e4rv on suurep\u00e4rane valik neile, kes otsivad looduslikku, j\u00e4tkusuutlikku ja pikaajalist v\u00e4rvi, mis on ka esteetiliselt pilkup\u00fc\u00fcdev.<\/p>\n<div class=\"elementor-column elementor-col-50 elementor-inner-column elementor-element elementor-element-4c145faa\" data-id=\"4c145faa\" data-element_type=\"column\">\n<div class=\"elementor-widget-wrap elementor-element-populated\">\n<div class=\"elementor-element elementor-element-6636e142 elementor-widget elementor-widget-text-editor\" data-id=\"6636e142\" data-element_type=\"widget\" data-widget_type=\"text-editor.default\">\n<div class=\"elementor-widget-container\">\n<p>Lubiv\u00e4rv on l\u00f5hnavaba, ei sisalda lenduvaid orgaanilisi \u00fchendeid ega s\u00fcnteetilisi liim- ja s\u00e4ilitusaineid. Seda saab kasutada k\u00f5ikjal majas, lisaks seintele ja lagedele ka vannitoas, k\u00f6\u00f6gis, k\u00fcttekolletel ja fassaadidel.<\/p>\n<p>Lubiv\u00e4rv ei takista aluspinna veeaurusiduvust ning seda on lihtne paigaldada. V\u00e4rvitud pind j\u00e4\u00e4b matt ega peegelda valgust. T\u00e4ieliku katvuse saavutab juba kahe kihiga, pintsliga pealekandmisel loob see pinnale ilusa pilvise efekti.<\/p>\n<div class=\"elementor-element elementor-element-27f8bd4a elementor-widget elementor-widget-text-editor\" data-id=\"27f8bd4a\" data-element_type=\"widget\" data-widget_type=\"text-editor.default\">\n<div class=\"elementor-widget-container\">\n<p><strong>Sobivad aluspinnad:<\/strong> krohv (lubikrohv, mineraalkrohvid), kivi (tellis, struktuurne betoon), ehitusplokk (Bauroc, Fibo, Columbia), kipsplaat (Knauf, Fermacell).<\/p>\n<p><strong>V\u00e4rvus:<\/strong> valge, v\u00f5imalik toonida v\u00e4rvimuldadega<br \/>\n<strong>Tera suurus:<\/strong>\u00a00\u20130,2 mm<br \/>\n<strong>Kulu: <\/strong>0,2 kg\/m2 kahes kihis<br \/>\n<strong>Pakend:<\/strong>\u00a01 kg \u00e4mber, 5 kg \u00e4mber, 10 kg \u00e4mber<\/p>\n<p>&nbsp;<\/p>\n<h3>KASUTUSJUHEND<\/h3>\n<p><strong>Aluspind<\/strong><br \/>\nAluspind peab olema kuiv, imav, ning puhas tolmust, v\u00e4rvidest (akr\u00fc\u00fcl, \u00f5li jt. mitteimavad siledad, l\u00e4ikivad v\u00e4rvid) ja m\u00e4\u00e4rdeainetest (\u00f5lid, rasvad jne.). K\u00f5ik aluspinna ebatasasused joonistuvad v\u00e4lja pinnaviimistluse k\u00e4igus, seega s\u00f5ltub aluspinna tasasusest l\u00f5ppviimistluse kvaliteet.<\/p>\n<p><strong>Tingimused<\/strong><br \/>\nAluspinna ja \u00fcmbritseva \u00f5hu temperatuur peab olema k\u00f5rgem kui 5\u00b0C. Lubi karboniseerub niiskuse m\u00f5jul, seet\u00f5ttu tuleb v\u00e4rvimisel v\u00e4listingimustes lubiv\u00e4rvitud pinda kaitsta tuule ja p\u00e4ikse poolt p\u00f5hjustatud liiga kiire kuivamise eest.<\/p>\n<p><strong>V\u00e4rvi valmistamine<\/strong><br \/>\nKanna kindlasti kaitseprille ja maski. Sega toote \u00e4mbris milles ta tuleb v\u00f5i v\u00f5ta puhas anum v\u00e4rvi valmistamiseks ja valapulber anumasse. Lisa v\u00e4hehaaval vett, samal ajal mikserdades kuni v\u00e4rv muutub \u00fchtlaseks pastaks ja t\u00fckke enam ei ole. Puhasta kelluga anuma servad, sest mikserdades koguneb sinna v\u00e4rvit\u00fckke. J\u00e4tka vee lisamist v\u00e4hehaaval, samal ajal mikserdades kuni oled lisanud vee vastavalt pangel v\u00f5i juhendis m\u00e4rgitud kogusele. Juhul kui v\u00e4rv tundub veel t\u00fckkis, lase seista 15min ja mikserda uuesti. J\u00e4tka kuni t\u00fckid on kadunud. Lase v\u00e4rvil seista v\u00e4hemalt 30 minutit ning sega enne v\u00e4rvima asumist uuesti l\u00e4bi. Pigmendiga lubiv\u00e4rvi toonides loe esmalt l\u00e4bi pigmendi kasutusjuhend.<\/p>\n<p><strong>Paigaldus<\/strong><br \/>\nH\u00e4sti imavad aluspinnad (savi- ja lubikrohvid jt.) v\u00f5ib eelnevalt kruntida UKU tselluloosikrundiga, et tagada \u00fchtlane nake ja imavus. Kanna v\u00e4rv pinnale kahes kihis pintsliga, et aluspind ei j\u00e4\u00e4ks l\u00e4bi kumama. Kui aluspind on imav, tuleks esimese kihi v\u00e4rv segada vedelam. Mitteimava aluspinna puhul peaks esimese kihi v\u00e4rvi segama paksema, et katvus oleks parem ja \u00fchtlasem. Lase esimesel kihil t\u00e4ielikult kuivada enne kui teisega alustad. Pintsliga v\u00e4rvides kasuta eri suunalisi t\u00f5mbeid. \u00c4ra j\u00e4\u00e4 v\u00e4rvimisel liiga kauaks \u00fche koha peale pintseldama, sest olenevalt aluspinnast v\u00f5ib v\u00e4rv sellega segunema hakata ning tooni muuta.<\/p>\n<p><strong>Materjali kulu<\/strong><br \/>\nOlenevalt aluspinnast ja lisatud veehulgast 0,2-0,3kg\/m\u00b2 kahes kihis.<br \/>\n1 kg \u00e4mber Vett : 1,4-1,8l Katvus: 3-5m\u00b2 kahes kihis<br \/>\n5 kg \u00e4mber Vett: 7-9l Katvus: 16-25m\u00b2 kahes kihis<br \/>\n10 kg \u00e4mber Vett: 14-18l Katvus: 33-50m\u00b2 kahes kihis<\/p>\n<p><strong>Ohutus<\/strong><br \/>\nLubi on s\u00f6\u00f6vitava toimega. V\u00e4ltida tolmu sissehingamist, kokkupuudet nahaga ja silma sattumist. Soovitav on kasutada respiraatorit, kaitseprille ja -riietust. Silma sattumisel pesta silm f\u00fcsioloogilise lahusega. Klaas, metall ja lakitud pinnad ning teised lubja suhtes tundlikud pinnad kata pritsmete eest enne paigaldamist. Hoida laste eest k\u00e4ttesaamatus kohas.<\/p>\n<p><strong>S\u00e4ilitamine<\/strong><br \/>\nS\u00e4ilitada kuivades tingimustes. S\u00e4ilivusaeg 1 aasta alates tootmiskuup\u00e4evast. Tootmiskuup\u00e4ev asub pakendi p\u00f5hjal.<br \/>\nEri partiides v\u00f5ivad esineda v\u00e4hesed toonierinevused.<\/p>\n<\/div>\n<\/div>\n<\/div>\n<\/div>\n<\/div>\n<\/div>\n<\/div>\n<\/div>\n","protected":false},"excerpt":{"rendered":"<p>UKU lubiv\u00e4rv on hea katvusega matt v\u00e4rv, mis lisab siledatele pindadele isikup\u00e4ra, j\u00e4ttes pinnale kerge tekstuuri. Looduslikult valget lubiv\u00e4rvi saab toonida laia valiku v\u00e4rvimuldadega. Sobib ideaalselt nii ajalooliste kui ka moodsate\u00a0 ehitiste v\u00e4rvimiseks sise- ja v\u00e4litingimustes. Lubiv\u00e4rv on suurep\u00e4rane valik neile, kes otsivad looduslikku, j\u00e4tkusuutlikku ja pikaajalist v\u00e4rvi, mis on ka esteetiliselt pilkup\u00fc\u00fcdev. Lubiv\u00e4rv on [&hellip;]<\/p>\n","protected":false},"featured_media":165807,"template":"","meta":{"_et_pb_use_builder":"","_et_pb_old_content":"","_et_gb_content_width":""},"product_brand":[],"product_cat":[43,22],"product_tag":[695],"class_list":{"0":"post-165804","1":"product","2":"type-product","3":"status-publish","4":"has-post-thumbnail","6":"product_cat-lubivarv","7":"product_cat-varvid","8":"product_tag-lubivarv","10":"first","11":"instock","12":"taxable","13":"shipping-taxable","14":"purchasable","15":"product-type-variable"},"_links":{"self":[{"href":"https:\/\/majatohter.ee\/en\/wp-json\/wp\/v2\/product\/165804","targetHints":{"allow":["GET"]}}],"collection":[{"href":"https:\/\/majatohter.ee\/en\/wp-json\/wp\/v2\/product"}],"about":[{"href":"https:\/\/majatohter.ee\/en\/wp-json\/wp\/v2\/types\/product"}],"wp:featuredmedia":[{"embeddable":true,"href":"https:\/\/majatohter.ee\/en\/wp-json\/wp\/v2\/media\/165807"}],"wp:attachment":[{"href":"https:\/\/majatohter.ee\/en\/wp-json\/wp\/v2\/media?parent=165804"}],"wp:term":[{"taxonomy":"product_brand","embeddable":true,"href":"https:\/\/majatohter.ee\/en\/wp-json\/wp\/v2\/product_brand?post=165804"},{"taxonomy":"product_cat","embeddable":true,"href":"https:\/\/majatohter.ee\/en\/wp-json\/wp\/v2\/product_cat?post=165804"},{"taxonomy":"product_tag","embeddable":true,"href":"https:\/\/majatohter.ee\/en\/wp-json\/wp\/v2\/product_tag?post=165804"}],"curies":[{"name":"wp","href":"https:\/\/api.w.org\/{rel}","templated":true}]}}