{"id":165866,"date":"2024-10-21T13:46:53","date_gmt":"2024-10-21T11:46:53","guid":{"rendered":"https:\/\/majatohter.ee\/?post_type=product&#038;p=165866"},"modified":"2026-03-07T00:43:54","modified_gmt":"2026-03-06T22:43:54","slug":"le-tonkinois-marine-no1-linaolilakk","status":"publish","type":"product","link":"https:\/\/majatohter.ee\/en\/tooted\/surface-treatment\/varnish\/le-tonkinois-marine-no1-linaolilakk\/","title":{"rendered":"Le Tonkinois Marine No1 lina\u00f5lilakk"},"content":{"rendered":"<p>Edasiarendatud versioon klassikalisest lina\u00f5lilakist.<\/p>\n<p>Eelised:<\/p>\n<ul>\n<li>Veelgi parem UV ja mereveekindlus<\/li>\n<li>L\u00fchem kuivamisaeg<\/li>\n<li>V\u00e4hem kile moodustumist avatud purgis<\/li>\n<\/ul>\n<p><strong>Koostis:<\/strong> lina\u00f5liv\u00e4rnits, tunga\u00f5li, looduslikud vaigud.<br \/>\n<strong>Kasutuskohad:<\/strong> Puit- ja metallpinnad sise- ja v\u00e4litingimustes.<br \/>\n<strong>Kulu:<\/strong> Puhtale puitpinnale umbes 20 m\u00b2\/l.<br \/>\n<strong>Kuivamisaeg:<\/strong> Tolmukuiv 6 tunni p\u00e4rast, \u00fclelakitav 24 tunni p\u00e4rast. K\u00e4sitluskordade maksimaalne ajavahemik ei ole piiratud. V\u00e4ldi lakitud pindade liigset koormamist vahetult peale laki kuivamist.<br \/>\nAluspinnad: t\u00f6\u00f6tlemata puit ja puidubaasil ehitusmaterjalid ka. kork. Aluspind peab olema tolmu- ja rasvavaba, puhas ja kuiv.<br \/>\nMaksimaalne niiskusesisaldus puidus 15%.<br \/>\n<strong>T\u00f6\u00f6vahendite puhastamine:<\/strong> Koheselt peale kasutamist Le Tonkinois lahustiga.<br \/>\n<strong>Hoiustamine:<\/strong> \u00d5hutihedalt suletud anumas.<br \/>\n<strong>S\u00e4ilivusaeg:<\/strong> V\u00e4hemalt 5 aastat.<\/p>\n<p><strong>KASUTAMINE<\/strong><br \/>\nSegada enne kasutamist hoolikalt. \u00d5hutemperatuur peab olema kasutamise ajal v\u00e4hemalt 12\u00b0C. Kanna pinnale pintsliga \u00f5hukeste kihtidena. Vahelihvimiseks sobib karedusaste 180.<\/p>\n","protected":false},"excerpt":{"rendered":"<p>Edasiarendatud versioon klassikalisest lina\u00f5lilakist. Eelised: Veelgi parem UV ja mereveekindlus L\u00fchem kuivamisaeg V\u00e4hem kile moodustumist avatud purgis Koostis: lina\u00f5liv\u00e4rnits, tunga\u00f5li, looduslikud vaigud. Kasutuskohad: Puit- ja metallpinnad sise- ja v\u00e4litingimustes. Kulu: Puhtale puitpinnale umbes 20 m\u00b2\/l. Kuivamisaeg: Tolmukuiv 6 tunni p\u00e4rast, \u00fclelakitav 24 tunni p\u00e4rast. K\u00e4sitluskordade maksimaalne ajavahemik ei ole piiratud. V\u00e4ldi lakitud pindade liigset koormamist [&hellip;]<\/p>\n","protected":false},"featured_media":165867,"template":"","meta":{"_et_pb_use_builder":"","_et_pb_old_content":"","_et_gb_content_width":""},"product_brand":[],"product_cat":[31,28],"product_tag":[166,610],"class_list":{"0":"post-165866","1":"product","2":"type-product","3":"status-publish","4":"has-post-thumbnail","6":"product_cat-lakid","7":"product_cat-pinnaviimistlus","8":"product_tag-linaolilakk","9":"product_tag-paadilakk","11":"first","12":"instock","13":"taxable","14":"shipping-taxable","15":"purchasable","16":"product-type-variable"},"_links":{"self":[{"href":"https:\/\/majatohter.ee\/en\/wp-json\/wp\/v2\/product\/165866","targetHints":{"allow":["GET"]}}],"collection":[{"href":"https:\/\/majatohter.ee\/en\/wp-json\/wp\/v2\/product"}],"about":[{"href":"https:\/\/majatohter.ee\/en\/wp-json\/wp\/v2\/types\/product"}],"wp:featuredmedia":[{"embeddable":true,"href":"https:\/\/majatohter.ee\/en\/wp-json\/wp\/v2\/media\/165867"}],"wp:attachment":[{"href":"https:\/\/majatohter.ee\/en\/wp-json\/wp\/v2\/media?parent=165866"}],"wp:term":[{"taxonomy":"product_brand","embeddable":true,"href":"https:\/\/majatohter.ee\/en\/wp-json\/wp\/v2\/product_brand?post=165866"},{"taxonomy":"product_cat","embeddable":true,"href":"https:\/\/majatohter.ee\/en\/wp-json\/wp\/v2\/product_cat?post=165866"},{"taxonomy":"product_tag","embeddable":true,"href":"https:\/\/majatohter.ee\/en\/wp-json\/wp\/v2\/product_tag?post=165866"}],"curies":[{"name":"wp","href":"https:\/\/api.w.org\/{rel}","templated":true}]}}