{"id":165946,"date":"2024-11-07T12:45:46","date_gmt":"2024-11-07T10:45:46","guid":{"rendered":"https:\/\/majatohter.ee\/?post_type=product&#038;p=165946"},"modified":"2025-07-05T04:42:34","modified_gmt":"2025-07-05T02:42:34","slug":"lalitavistara-ajaloolise-buddha-kujunemise-lugu","status":"publish","type":"product","link":"https:\/\/majatohter.ee\/en\/tooted\/literature\/books\/lalitavistara-ajaloolise-buddha-kujunemise-lugu\/","title":{"rendered":"Lalitavistara &#8211; ajaloolise Buddha kujunemise lugu"},"content":{"rendered":"<p>\u201eLalitavistara: ajaloolise Buddha kujunemise lugu\u201c on elulooraamat, milles kirjeldatakse Siddh\u0101rtha Gautama ehk ajaloolise Buddha noorp\u00f5lve, tema aastaid kestnud otsinguid ja vaimset teekonda kuni budismi \u00f5petuse s\u00f5nastamiseni.<\/p>\n<p>Raamat on kokku pandud kaks tuhat aastat tagasi ja tugineb allikatele, mis on p\u00e4rit budismi algusaegadest. Eriti v\u00e4\u00e4rtuslikuks muudavad \u201eLalitavistara\u201c autobiograafilise elemendiga tekstil\u00f5igud, kus Gautama r\u00e4\u00e4gib m\u00e4lestusi ja kirjeldab oma meeleseisundeid. Osa neist on esitatud koguni mina-vormis sisek\u00f5nena.<\/p>\n<p>\u201eLalitavistara\u201c pajatab muidugi ka peamised seigad Buddha elust. N\u00e4iteks selle loo, kuidas ta kohtab vana inimest, siis haiget ja l\u00f5puks surnut. N\u00e4htu vapustab teda v\u00e4ga ja ajendab elu m\u00f5tte \u00fcle j\u00e4rele m\u00f5tlema. Ta lahkub kodust, harib end mitme vaimse \u00f5petaja juures, seej\u00e4rel praktiseerib askeetide r\u00e4nki harjutusi. L\u00f5puks m\u00f5tiskleb ta puu all ja taipab ehk j\u00f5uab budismini.<\/p>\n<p>Teose l\u00f5petab kuulus loeng budismi p\u00f5hialustest, mille Buddha pidas 35-aastasena oma esimestele \u00f5pilastele, keda oli viis. Sellest algas tema \u00f5petuse v\u00f5iduk\u00e4ik.<\/p>\n<p>Raamatu sissejuhatuses kirjeldatakse ajalises j\u00e4rgnevuses, kuidas Gautama j\u00f5udis budismi alusvaadete s\u00f5nastamiseni ja mis need \u201eLalitavistara&#8221; j\u00e4rgi on. L\u00f5ppu on lisatud budismi m\u00fctoloogia s\u00f5nastik ning nimede, nimetuste ja vaimsete m\u00f5istete seletused.<\/p>\n<p>Raamat j\u00e4tkab sarja \u201eTaipamis\u00f5petus: budismi klassika\u201c, kus avaldatakse eesti keeles iidsed teosed, mis panid budismile aluse. Eelmine oli Buddha loenguraamat \u201eNid\u0101nasa\u1e43yukta\u201c. J\u00e4rgmisena ilmub teadvus\u00fcletuse suurteoste kogumik \u201ePraj\u00f1\u0101p\u0101ramit\u0101\u201c. K\u00f5ik sarja teosed t\u00f5lgitakse sanskriti keelest.<\/p>\n<p>kirjastus MR Piller, 2024<br \/>\ntr\u00fckikoda Greif<br \/>\n192 lk, k\u00f5vad kaaned<br \/>\n\u00a9 t\u00f5lge sanskriti keelest MHR<br \/>\nISBN 978-9985-9596-7-1<br \/>\nISBN 978-9916-4-1951-9 (Budismi klassika)<\/p>\n","protected":false},"excerpt":{"rendered":"<p>\u201eLalitavistara: ajaloolise Buddha kujunemise lugu\u201c on elulooraamat, milles kirjeldatakse Siddh\u0101rtha Gautama ehk ajaloolise Buddha noorp\u00f5lve, tema aastaid kestnud otsinguid ja vaimset teekonda kuni budismi \u00f5petuse s\u00f5nastamiseni. Raamat on kokku pandud kaks tuhat aastat tagasi ja tugineb allikatele, mis on p\u00e4rit budismi algusaegadest. Eriti v\u00e4\u00e4rtuslikuks muudavad \u201eLalitavistara\u201c autobiograafilise elemendiga tekstil\u00f5igud, kus Gautama r\u00e4\u00e4gib m\u00e4lestusi ja kirjeldab [&hellip;]<\/p>\n","protected":false},"featured_media":165947,"template":"","meta":{"_et_pb_use_builder":"","_et_pb_old_content":"","_et_gb_content_width":""},"product_brand":[],"product_cat":[142,143],"product_tag":[],"class_list":{"0":"post-165946","1":"product","2":"type-product","3":"status-publish","4":"has-post-thumbnail","6":"product_cat-kirjandus","7":"product_cat-raamatud","9":"first","10":"onbackorder","11":"taxable","12":"shipping-taxable","13":"purchasable","14":"product-type-simple"},"_links":{"self":[{"href":"https:\/\/majatohter.ee\/en\/wp-json\/wp\/v2\/product\/165946","targetHints":{"allow":["GET"]}}],"collection":[{"href":"https:\/\/majatohter.ee\/en\/wp-json\/wp\/v2\/product"}],"about":[{"href":"https:\/\/majatohter.ee\/en\/wp-json\/wp\/v2\/types\/product"}],"wp:featuredmedia":[{"embeddable":true,"href":"https:\/\/majatohter.ee\/en\/wp-json\/wp\/v2\/media\/165947"}],"wp:attachment":[{"href":"https:\/\/majatohter.ee\/en\/wp-json\/wp\/v2\/media?parent=165946"}],"wp:term":[{"taxonomy":"product_brand","embeddable":true,"href":"https:\/\/majatohter.ee\/en\/wp-json\/wp\/v2\/product_brand?post=165946"},{"taxonomy":"product_cat","embeddable":true,"href":"https:\/\/majatohter.ee\/en\/wp-json\/wp\/v2\/product_cat?post=165946"},{"taxonomy":"product_tag","embeddable":true,"href":"https:\/\/majatohter.ee\/en\/wp-json\/wp\/v2\/product_tag?post=165946"}],"curies":[{"name":"wp","href":"https:\/\/api.w.org\/{rel}","templated":true}]}}