{"id":165950,"date":"2024-11-07T12:55:48","date_gmt":"2024-11-07T10:55:48","guid":{"rendered":"https:\/\/majatohter.ee\/?post_type=product&#038;p=165950"},"modified":"2025-12-20T15:50:01","modified_gmt":"2025-12-20T13:50:01","slug":"nidanasa%e1%b9%83yukta-algbudismi-suutrad","status":"publish","type":"product","link":"https:\/\/majatohter.ee\/en\/tooted\/literature\/books\/nidanasa%e1%b9%83yukta-algbudismi-suutrad\/","title":{"rendered":"Nid\u0101nasa\u1e43yukta &#8211; Algbudismi suutrad"},"content":{"rendered":"<p>\u201cNid\u0101nasa\u1e43yukta\u201d on vanimaid budistlikke raamatuid ja annab edasi selle \u00f5petuse algusaegade h\u00f5ngu. Tegevus toimub ajaloolise Buddha (Siddh\u0101rtha Gautama) eluajal rohkem kui 2500 aastat tagasi ning ka tema ise on neis juttudes aktiivne osaline.<\/p>\n<p>Enamik raamatu tekste on Buddha loengud, mis ta pidas oma kuulajateringile v\u00f5i ka ainult \u00fchele \u00f5pilasele \u2014 \u201ePuu\u201c, \u201eLinn\u201c, \u201eAhv\u201c, \u201ePott\u201c, \u201eKes s\u00f5naks\u201c, \u201ePiiratud\u201c, \u201ePole meie oma\u201c, \u201eTingitult\u201c, \u201eT\u00fchjus\u201c, \u201eAlgus\u201c, \u201eVaimulik\u201c ja \u201eTulutu\u201c. Teised on tema suunamisel toimunud vestlused \u2014 \u201eK\u0101ty\u0101yana\u201c, \u201eR\u00fc\u00fctamata\u201c,\u201eTuleb nii\u201c. Kolmandaks on \u00f5pilaste omavahelised dialoogid \u2014 \u201ePillirookimbust\u201c, \u201eBh\u016bmika\u201c, \u201eN\u00e4gemine tuleb ilmsiks\u201c.<\/p>\n<p>Raamatu lisades selgitatakse p\u00f5hjalikult budismi aluseid ning kommenteeritakse \u201cNid\u0101nasa\u1e43yuktaga\u201d seotud seiku ja inimesi. Leidub ka sanskriti-eesti s\u00f5navastete tabel.<\/p>\n<p>\u201cNid\u0101nasa\u1e43yukta\u201d kuulub budismi kaanonisse (\u201cTripi\u1e6daka\u201d) ja on Linnart M\u00e4lli m\u00e4\u00e4ratluse j\u00e4rgi humanistlik baastekst. See raamat avab sarja \u201eTaipamis\u00f5petus: budismi klassika\u201c, kus avaldatakse eesti keeles iidsed teosed, mis panid budismile aluse. Sarja j\u00e4rgmine k\u00f6ide on ajaloolise Buddha kujunemislugu &#8220;Lalitavistara&#8221;. K\u00f5ik sarja raamatud on t\u00f5lgitud sanskriti keelest.<\/p>\n<p>kirjastus MR Piller, 2023<br \/>\ntr\u00fckikoda Greif<br \/>\n192 lk, k\u00f5vad kaaned<br \/>\n\u00a9 t\u00f5lge sanskriti keelest MHR<br \/>\nISBN 978-9916-4-1952-6<br \/>\nISBN 978-9916-4-1951-9 (Budismi klassika)<\/p>\n","protected":false},"excerpt":{"rendered":"<p>\u201cNid\u0101nasa\u1e43yukta\u201d on vanimaid budistlikke raamatuid ja annab edasi selle \u00f5petuse algusaegade h\u00f5ngu. Tegevus toimub ajaloolise Buddha (Siddh\u0101rtha Gautama) eluajal rohkem kui 2500 aastat tagasi ning ka tema ise on neis juttudes aktiivne osaline. Enamik raamatu tekste on Buddha loengud, mis ta pidas oma kuulajateringile v\u00f5i ka ainult \u00fchele \u00f5pilasele \u2014 \u201ePuu\u201c, \u201eLinn\u201c, \u201eAhv\u201c, \u201ePott\u201c, \u201eKes [&hellip;]<\/p>\n","protected":false},"featured_media":165951,"template":"","meta":{"_et_pb_use_builder":"","_et_pb_old_content":"","_et_gb_content_width":""},"product_brand":[],"product_cat":[142,143],"product_tag":[],"class_list":{"0":"post-165950","1":"product","2":"type-product","3":"status-publish","4":"has-post-thumbnail","6":"product_cat-kirjandus","7":"product_cat-raamatud","9":"first","10":"onbackorder","11":"taxable","12":"shipping-taxable","13":"purchasable","14":"product-type-simple"},"_links":{"self":[{"href":"https:\/\/majatohter.ee\/en\/wp-json\/wp\/v2\/product\/165950","targetHints":{"allow":["GET"]}}],"collection":[{"href":"https:\/\/majatohter.ee\/en\/wp-json\/wp\/v2\/product"}],"about":[{"href":"https:\/\/majatohter.ee\/en\/wp-json\/wp\/v2\/types\/product"}],"wp:featuredmedia":[{"embeddable":true,"href":"https:\/\/majatohter.ee\/en\/wp-json\/wp\/v2\/media\/165951"}],"wp:attachment":[{"href":"https:\/\/majatohter.ee\/en\/wp-json\/wp\/v2\/media?parent=165950"}],"wp:term":[{"taxonomy":"product_brand","embeddable":true,"href":"https:\/\/majatohter.ee\/en\/wp-json\/wp\/v2\/product_brand?post=165950"},{"taxonomy":"product_cat","embeddable":true,"href":"https:\/\/majatohter.ee\/en\/wp-json\/wp\/v2\/product_cat?post=165950"},{"taxonomy":"product_tag","embeddable":true,"href":"https:\/\/majatohter.ee\/en\/wp-json\/wp\/v2\/product_tag?post=165950"}],"curies":[{"name":"wp","href":"https:\/\/api.w.org\/{rel}","templated":true}]}}