{"id":166097,"date":"2024-12-18T15:21:21","date_gmt":"2024-12-18T13:21:21","guid":{"rendered":"https:\/\/majatohter.ee\/?post_type=product&#038;p=166097"},"modified":"2026-02-07T02:43:27","modified_gmt":"2026-02-07T00:43:27","slug":"le-tonkinois-viimistlusoli-hardoil","status":"publish","type":"product","link":"https:\/\/majatohter.ee\/en\/tooted\/surface-treatment\/oils-en\/wood-oils\/le-tonkinois-viimistlusoli-hardoil\/","title":{"rendered":"Le Tonkinois viimistlus\u00f5li Hardoil"},"content":{"rendered":"<p><strong>Kasutuskohad:<\/strong> K\u00f5igil t\u00f6\u00f6tlemata v\u00f5i varasemalt \u00f5litatud puitpindadel sisetingimustes. Nt. laudp\u00f5randad, parkett, OSB-plaat, uksed, m\u00f6\u00f6bel jne. Sobib ka glasuurimata keraamilistele plaatidele. Vastupidav enamikele majapidamises leiduvatele vedelikele. S\u00fclje ja higikindel (DIN 53 160). Sobilik laste m\u00e4nguasjadele.<br \/>\n<strong>Toon:<\/strong> V\u00e4rvitu<br \/>\n<strong>Kulu:<\/strong> 15-20 m\u00b2\/L kihi kohta, s\u00f5ltuvalt pinna imavusest.<br \/>\n<strong>Kuivamisaeg:<\/strong> 8-10 tundi 20\u00baC ja normaalse \u00f5huniiskuse korral. Soovituslik on oodata 12h. Suur \u00f5huniiskus ja madal temperatuur pikendavad kuivamisaega. Oluline on kuivamise perioodil tagada korralik ventileeritus. V\u00e4ldi pinna koormamist v\u00e4hemalt 7-10 p\u00e4eva peale t\u00f6\u00f6tlust.<\/p>\n<h3>Kasutamine<\/h3>\n<p><strong>Aluspind:<\/strong> Puitpinnad lihvida K 120-180 lihvpaberiga. Pind peab olema tolmuvaba, puhas ja kuiv.<br \/>\n<strong>Pealekandmine:<\/strong> Mitte lahjendada. Segada\/ raputada hoolikalt enne kasutamist. Kanda peale pintsliga \u00f5hukese \u00fchtlase kihina. 12-16 tunni p\u00e4rast v\u00f5ib peale kanda teise kihi. Vajadusel teostada vahelihv.<\/p>\n<p><strong>T\u00f6\u00f6vahendite puhastamine:<\/strong> Koheselt peale kasutamist Le Tonkinois lahustiga.<br \/>\n<strong>Hoiustamine:<\/strong> Korralikult suletuna, kuivas ja jahedas. V\u00e4ltida miinuskraade!<br \/>\n<strong>J\u00e4\u00e4tmete k\u00e4itlus:<\/strong> Vastavalt kohalikele eeskirjadele. Ainult t\u00fchi metalltaara on taaskasutatav.<br \/>\n<strong>Ohutus:<\/strong> Hoida lastele k\u00e4ttesaamatus kohas. T\u00e4psem ohutusalane info on leitav toote ohutuskaardilt.<br \/>\n<strong>Koostis:<\/strong> Aroomivaba lahusti, derisool\u00f5li, vaigud, tunga\u00f5li, bentoniit, talk, vaha, tsinkoksiid, kuivatusained (plii- ja koobaltivabad).<\/p>\n<p>Tootekirjelduses on v\u00e4lja toodud toote kasutusv\u00f5imalused ja soovitused t\u00f6\u00f6tamiseks. Tootja on materjali testinud ja tagab toote kvaliteedi, kuid ei saa garanteerida selle \u00f5iget kasutusviisi ega vabasta seega kasutajat vastutusest. Iga objekti puhul tuleb l\u00e4htuda konkreetsetest tingimustest ja pindadest ning teha proovit\u00f6\u00f6.<\/p>\n","protected":false},"excerpt":{"rendered":"<p>Le Tonkinois viimistlus\u00f5li Hardoil on siidja l\u00e4ikega, tagab pindadele vastupidava ja vetth\u00fclgava kaitse. Sobib suure koormusega pindadele.<\/p>\n","protected":false},"featured_media":0,"template":"","meta":{"_et_pb_use_builder":"","_et_pb_old_content":"","_et_gb_content_width":""},"product_brand":[],"product_cat":[29,28,313,311],"product_tag":[3592,3120,1335],"class_list":{"0":"post-166097","1":"product","2":"type-product","3":"status-publish","5":"product_cat-oils","6":"product_cat-pinnaviimistlus","7":"product_cat-puiduoli","8":"product_cat-spetsiaalsed-olid","9":"product_tag-hardoil","10":"product_tag-letonkinois","11":"product_tag-viimistlusoli","13":"first","14":"instock","15":"taxable","16":"shipping-taxable","17":"purchasable","18":"product-type-variable"},"_links":{"self":[{"href":"https:\/\/majatohter.ee\/en\/wp-json\/wp\/v2\/product\/166097","targetHints":{"allow":["GET"]}}],"collection":[{"href":"https:\/\/majatohter.ee\/en\/wp-json\/wp\/v2\/product"}],"about":[{"href":"https:\/\/majatohter.ee\/en\/wp-json\/wp\/v2\/types\/product"}],"wp:attachment":[{"href":"https:\/\/majatohter.ee\/en\/wp-json\/wp\/v2\/media?parent=166097"}],"wp:term":[{"taxonomy":"product_brand","embeddable":true,"href":"https:\/\/majatohter.ee\/en\/wp-json\/wp\/v2\/product_brand?post=166097"},{"taxonomy":"product_cat","embeddable":true,"href":"https:\/\/majatohter.ee\/en\/wp-json\/wp\/v2\/product_cat?post=166097"},{"taxonomy":"product_tag","embeddable":true,"href":"https:\/\/majatohter.ee\/en\/wp-json\/wp\/v2\/product_tag?post=166097"}],"curies":[{"name":"wp","href":"https:\/\/api.w.org\/{rel}","templated":true}]}}