{"id":166133,"date":"2024-12-18T17:07:46","date_gmt":"2024-12-18T15:07:46","guid":{"rendered":"https:\/\/majatohter.ee\/?post_type=product&#038;p=166133"},"modified":"2026-03-07T00:42:56","modified_gmt":"2026-03-06T22:42:56","slug":"lubi-dekoratiivpahtel","status":"publish","type":"product","link":"https:\/\/majatohter.ee\/en\/tooted\/plasters\/lime-plaster\/lubi-dekoratiivpahtel\/","title":{"rendered":"Lubi dekoratiivpahtel"},"content":{"rendered":"<p>UKU lubipahtel on mitmek\u00fclgne viimistlusmaterjal, mis j\u00e4tab sileda ja mati pinna. See lubja baasil pahtel on loodud rustikaalse viimistluse f\u00e4nnile, j\u00e4ttes v\u00f5imaluse luua v\u00e4ga mitmek\u00fclgseid pinnaviimistlusi ja reljeefe. Peened Itaaliap\u00e4rased viimistlussegud vajavad paigaldamiseks siledat pinda. Lubipahtel on selleks t\u00f6\u00f6ks ideaalne valik, tekitades maheda tasase tekstuuri j\u00e4rgnevale viimistlusmaterjalile.<\/p>\n<p>Lubipahtli \u00fcks unikaalseid omadusi on tema tugevus ja hea nake. Sellega v\u00f5ib luua seintele ja lagedele erinevaid tasandeid ja mustreid, mis ulatuvad pinnalt v\u00e4lja ja j\u00e4tavad viimistluse k\u00e4e all katsudes krobelise ja efektse, meenutamaks kaljupinda.<\/p>\n<p>Sobivad aluspinnad: Kipsplaat (Knauf, Fermacell)<br \/>\nKrohvipinnad (lubikrohv, mineraalkrohvid)<br \/>\nV\u00e4rvus: valge, v\u00f5imalik toonida v\u00e4rvimuldadega<br \/>\nTera suurus: 0\u20130,5mm<br \/>\nKulu: kuni 1,6kg\/m\u00b2 (kolmes kihis)<br \/>\nPakend:\u00a020kg kott<\/p>\n<h3>KASUTUSJUHEND<\/h3>\n<p><strong>Aluspind<\/strong><br \/>\nAluspind peab olema kuiv, imav ning puhas tolmust, v\u00e4rvidest (akr\u00fc\u00fcl, \u00f5li jt. mitteimavad siledad, l\u00e4ikivad v\u00e4rvid) ja m\u00e4\u00e4rdeainetest (\u00f5lid, rasvad jne.). K\u00f5ik aluspinna ebatasasused joonistuvad v\u00e4lja pinnaviimistluse k\u00e4igus, seega s\u00f5ltub aluspinna tasasusest l\u00f5ppviimistluse kvaliteet. Sobib kasutamiseks marmor lubikrohvi fraktsioonide 0-1mm ja 0-0,5mm peale siledaks v\u00f5i tasapinnaliseks viimistluseks v\u00f5i peenemate pahtlite aluspinnaks (Marmorino, Stucco, Grassello).<\/p>\n<p><strong>Tingimused<\/strong><br \/>\nAluspinna ja \u00fcmbritseva \u00f5hu temperatuur peaks olema k\u00f5rgem kui 5\u00b0C. Lubi karboniseerub niiskuse m\u00f5jul, seet\u00f5ttu tuleb v\u00e4ltida pinna liigkiiret kuivamist (oht pragude tekkeks). Soovitame aluspinna vahetult enne paigaldamist \u00fcle niisutada.<\/p>\n<p><strong>Segu valmistamine<\/strong><br \/>\n1kg kuivsegule lisada 340 ml puhast vett ja segada p\u00f5hjalikult l\u00e4bi \u00fchtlaseks massiks. Vee lisamisel arvestadapigmendi\/v\u00e4rvimuldadega lisatava vee hulka (vt. v\u00e4rvimulla\/pigmendi kasutusjuhend). Lisa alguses \u00be veekogusest ning sega \u00fchtlaseks pastaks (j\u00e4lgi, et ei oleks t\u00fckke) ning seej\u00e4rel j\u00e4rk-j\u00e4rgult \u00fclej\u00e4\u00e4nud vesi. K\u00f5ige parem on segu valmistada krohvimisele eelneval p\u00e4eval, minimaalselt v\u00f5iks segu enne kasutamist seista 1h. P\u00e4rast seismist tuleb segu uuesti l\u00e4bi segada. Kui segu j\u00e4etakse seisma, tuleb \u00e4mbri seinad segust puhastada, et v\u00e4ltida kuivanud segut\u00fckkide sattumist<br \/>\nseinale kantava segu sisse hilisemal segu l\u00e4bisegamisel. Pigmendiga pahtlit toonides loe esmalt l\u00e4bi pigmendi kasutusjuhend.<\/p>\n<p><strong>Paigaldus<\/strong><br \/>\n<strong>(L\u00f5pptulemus &#8211; sile pind)<\/strong><br \/>\nKontrolli aluspinna tasasus ning vajadusel eemalda ebatasasused. Kui aluspind on tolmune, tuleb tolm eemaldada ningkruntida kogu pind UKU krundiga v\u00f5i m\u00f5ne nakkedispersiooniga. Lase krundil t\u00e4ielikult kuivada ning enne esimese kihi paigaldamist niisuta aluspind. Veneetsia v\u00f5i Jaapani kellut kasutades kanna segu seinale \u00fches kihis ning lasta \u00e4ra kuivada. Teisele kihile v\u00f5ib kanda peale ka kolmanda kihi, et saada juurde segu t\u00f6\u00f6tlemise aega. V\u00f5imalikult \u00fchtlase viimistluse saavutamiseks v\u00f5ib esimese kihi ebatasasused lihvida. Seej\u00e4rel eemalda tolm ja kruntida.<\/p>\n<p><strong>Paigaldus<\/strong><br \/>\n<strong>(L\u00f5pptulemus &#8211; m\u00fcgarlik pind)<\/strong><br \/>\nEt saavutada m\u00fcgarlik pind tuleb seguga luua ebatasasusi, pinda seguse kelluga tupsutades v\u00f5i kandes materjali mitmes kihis \u00fcksteise peale. Pinna v\u00f5ib j\u00e4tta struktuurse v\u00f5i siluda segu tahenedes suuremad v\u00e4ljaulatuvad kohad siledamaks.<\/p>\n<p><strong>L\u00f5ppviimistlus<\/strong><br \/>\nSile pahtlipind on hea Marmorino, Stucco ja Grassello pahtlite paigaldamiseks. Lubipahtel v\u00f5ib j\u00e4\u00e4da ka l\u00f5ppviimistluseks. Suurema vetth\u00fclgavuse saavutamiseks tuleb pinnale kanda oliivi\u00f5li seep 1-2 kihti. Seep kantakse pinnale peale viimase kihi paigaldamist ja silumist. Karboniseerumisj\u00e4rgus tahenenud pinnale (kui pind hakkab heledamaks kuivama) kanda seepi pehme laia pintsliga. Soovitame kasutada vedelat (lahjendatud) oliivi\u00f5liseepi. J\u00e4lgida, et pintsli k\u00fclge ei j\u00e4\u00e4 lubjast materjali (m\u00e4rk sellest, et seebi pealekandmiseks on veel vara). Peale seebitamist silu pind Veneetsia v\u00f5i Jaapani kelluga. N\u00e4dala m\u00f6\u00f6dudes seebitamisest kui segu on t\u00e4ielikult kuivanud v\u00f5ib lisakaitse saavutamiseks pinna vahatada \u00fches v\u00f5i kahes kihis plastikkellu v\u00f5i lapiga.<\/p>\n<p><strong>Hooldus<\/strong><br \/>\nHooldatakse looduslike pesuvahenditega (oliivi\u00f5li seep) ning vastavalt vajadusele tuleb aeg-ajalt j\u00e4relhooldusena vahakihti uuendada. Kindlasti ei tohi kasutada puhastamiseks kangeid kemikaale ega \u00e4\u00e4dikat.<\/p>\n<p><strong>Materjali kulu<\/strong><br \/>\nS\u00f5ltuvalt aluspinna tasasusest ja kihtide arvust<br \/>\n1 kiht + 2 kihti m\u00e4rg m\u00e4rjale 1,6kg\/m\u00b2 (Kogupaksus 1,5mm)<br \/>\n20 kg kott &#8211; vett : 6,8l &#8211; katvus: 12,5-13m\u00b2<\/p>\n<p><strong>Ohutus<\/strong><br \/>\nLubi on s\u00f6\u00f6vitava toimega. V\u00e4ltida tolmu sissehingamist, kokkupuudet nahaga ja silma sattumist. Soovitav on kasutada respiraatorit, kaitseprille ja -riietust. Silma sattumisel pesta silm f\u00fcsioloogilise lahusega. Klaas, metall ja lakitud pinnad ning teised lubja suhtes tundlikud pinnad kata pritsmete eest enne paigaldamist. Hoida laste eest k\u00e4ttesaamatus kohas.<\/p>\n<p><strong>S\u00e4ilitamine<\/strong><br \/>\nS\u00e4ilitada kuivades tingimustes. S\u00e4ilivusaeg 1 aasta alates tootmiskuup\u00e4evast. Tootmiskuup\u00e4ev asub pakendi p\u00f5hjal. Eri partiides v\u00f5ivad esineda v\u00e4hesed toonierinevused.<\/p>\n","protected":false},"excerpt":{"rendered":"<p>UKU lubipahtel on mitmek\u00fclgne viimistlusmaterjal, mis j\u00e4tab sileda ja mati pinna. See lubja baasil pahtel on loodud rustikaalse viimistluse f\u00e4nnile, j\u00e4ttes v\u00f5imaluse luua v\u00e4ga mitmek\u00fclgseid pinnaviimistlusi ja reljeefe. Peened Itaaliap\u00e4rased viimistlussegud vajavad paigaldamiseks siledat pinda. Lubipahtel on selleks t\u00f6\u00f6ks ideaalne valik, tekitades maheda tasase tekstuuri j\u00e4rgnevale viimistlusmaterjalile. Lubipahtli \u00fcks unikaalseid omadusi on tema tugevus ja [&hellip;]<\/p>\n","protected":false},"featured_media":166134,"template":"","meta":{"_et_pb_use_builder":"","_et_pb_old_content":"","_et_gb_content_width":""},"product_brand":[],"product_cat":[25,27,104],"product_tag":[1384],"class_list":{"0":"post-166133","1":"product","2":"type-product","3":"status-publish","4":"has-post-thumbnail","6":"product_cat-krohvid","7":"product_cat-lubikrohv","8":"product_cat-lubipahtel","9":"product_tag-lubipahtel","11":"first","12":"instock","13":"taxable","14":"shipping-taxable","15":"purchasable","16":"product-type-simple"},"_links":{"self":[{"href":"https:\/\/majatohter.ee\/en\/wp-json\/wp\/v2\/product\/166133","targetHints":{"allow":["GET"]}}],"collection":[{"href":"https:\/\/majatohter.ee\/en\/wp-json\/wp\/v2\/product"}],"about":[{"href":"https:\/\/majatohter.ee\/en\/wp-json\/wp\/v2\/types\/product"}],"wp:featuredmedia":[{"embeddable":true,"href":"https:\/\/majatohter.ee\/en\/wp-json\/wp\/v2\/media\/166134"}],"wp:attachment":[{"href":"https:\/\/majatohter.ee\/en\/wp-json\/wp\/v2\/media?parent=166133"}],"wp:term":[{"taxonomy":"product_brand","embeddable":true,"href":"https:\/\/majatohter.ee\/en\/wp-json\/wp\/v2\/product_brand?post=166133"},{"taxonomy":"product_cat","embeddable":true,"href":"https:\/\/majatohter.ee\/en\/wp-json\/wp\/v2\/product_cat?post=166133"},{"taxonomy":"product_tag","embeddable":true,"href":"https:\/\/majatohter.ee\/en\/wp-json\/wp\/v2\/product_tag?post=166133"}],"curies":[{"name":"wp","href":"https:\/\/api.w.org\/{rel}","templated":true}]}}