{"id":166534,"date":"2025-04-10T10:59:14","date_gmt":"2025-04-10T08:59:14","guid":{"rendered":"https:\/\/majatohter.ee\/?post_type=product&#038;p=166534"},"modified":"2025-07-04T23:56:12","modified_gmt":"2025-07-04T21:56:12","slug":"pingupapi-naelutusriba","status":"publish","type":"product","link":"https:\/\/majatohter.ee\/en\/tooted\/general-construction\/building-paper\/pingupapi-naelutusriba\/","title":{"rendered":"Pingupapi naelutusriba"},"content":{"rendered":"<p>20mm laiune naelutusriba pingupapi paigaldamiseks. Riba naelutatakse seina \u00fclemisse ja alumisse \u00e4\u00e4rde ning selle peale liimitakse 10 &#8211; 15 cm laiune pingupapi riba.<\/p>\n<p><a href=\"https:\/\/majatohter.ee\/wp-content\/uploads\/Pingupapp-Majatohter.pdf\" target=\"_blank\" rel=\"noopener\"><span style=\"text-decoration: underline;\">PINGUPAPI JUHEND<\/span><\/a><\/p>\n","protected":false},"excerpt":{"rendered":"<p>Hind \u00fche meetri kohta. Terves rullis on 50m<\/p>\n","protected":false},"featured_media":166541,"template":"","meta":{"_et_pb_use_builder":"","_et_pb_old_content":"","_et_gb_content_width":""},"product_brand":[],"product_cat":[74],"product_tag":[1003],"class_list":{"0":"post-166534","1":"product","2":"type-product","3":"status-publish","4":"has-post-thumbnail","6":"product_cat-pingupapp","7":"product_tag-pingupapp","9":"first","10":"instock","11":"taxable","12":"shipping-taxable","13":"purchasable","14":"product-type-simple"},"_links":{"self":[{"href":"https:\/\/majatohter.ee\/en\/wp-json\/wp\/v2\/product\/166534","targetHints":{"allow":["GET"]}}],"collection":[{"href":"https:\/\/majatohter.ee\/en\/wp-json\/wp\/v2\/product"}],"about":[{"href":"https:\/\/majatohter.ee\/en\/wp-json\/wp\/v2\/types\/product"}],"wp:featuredmedia":[{"embeddable":true,"href":"https:\/\/majatohter.ee\/en\/wp-json\/wp\/v2\/media\/166541"}],"wp:attachment":[{"href":"https:\/\/majatohter.ee\/en\/wp-json\/wp\/v2\/media?parent=166534"}],"wp:term":[{"taxonomy":"product_brand","embeddable":true,"href":"https:\/\/majatohter.ee\/en\/wp-json\/wp\/v2\/product_brand?post=166534"},{"taxonomy":"product_cat","embeddable":true,"href":"https:\/\/majatohter.ee\/en\/wp-json\/wp\/v2\/product_cat?post=166534"},{"taxonomy":"product_tag","embeddable":true,"href":"https:\/\/majatohter.ee\/en\/wp-json\/wp\/v2\/product_tag?post=166534"}],"curies":[{"name":"wp","href":"https:\/\/api.w.org\/{rel}","templated":true}]}}