{"id":167664,"date":"2026-01-13T12:02:23","date_gmt":"2026-01-13T10:02:23","guid":{"rendered":"https:\/\/majatohter.ee\/?post_type=product&#038;p=167664"},"modified":"2026-03-13T15:42:27","modified_gmt":"2026-03-13T13:42:27","slug":"vanade-puitmajade-renoveerimine-puust-ja-punaseks","status":"publish","type":"product","link":"https:\/\/majatohter.ee\/en\/tooted\/other-products\/vanade-puitmajade-renoveerimine-puust-ja-punaseks\/","title":{"rendered":"Vanade puitmajade renoveerimine &#8211; puust ja punaseks."},"content":{"rendered":"<p>Autor Kalle Pilt<\/p>\n<p>Raamatus \u201eVanade puitmajade renoveerimine\u201c on kolm peat\u00fckki. Alustatakse oma vana puitmaja tundma\u00f5ppimisest ja l\u00f5petatakse renoveerimise lahendustega, mille hulka kuuluvad lisaks konstruktsioonidele ka eriosade lahendused.<br \/>\nEsimeses peat\u00fckis tutvustatakse vanade puitmajade konstruktsioone.<br \/>\nTeises peat\u00fckis antakse p\u00f5hjalik \u00fclevaade puitmaja tehnilise seisukorra hindamisest.<br \/>\nKolmas peat\u00fckk keskendub vana puitmaja uuendamisele ning s\u00e4ilitamisele.<\/p>\n<p>Raamat on k\u00f5vakaaneline, 360 lehek\u00fclge, 126 joonist, 117 temaatilist fotot ja 19 tabelit. Tr\u00fckitud kvaliteetsele paberile, mis s\u00e4ilib aastak\u00fcmneid. Digitaalset versiooni raamatust ei avaldata.<\/p>\n<p>Ilmumisaasta 2025<\/p>\n","protected":false},"excerpt":{"rendered":"<p>Autor Kalle Pilt Raamatus \u201eVanade puitmajade renoveerimine\u201c on kolm peat\u00fckki. Alustatakse oma vana puitmaja tundma\u00f5ppimisest ja l\u00f5petatakse renoveerimise lahendustega, mille hulka kuuluvad lisaks konstruktsioonidele ka eriosade lahendused. Esimeses peat\u00fckis tutvustatakse vanade puitmajade konstruktsioone. Teises peat\u00fckis antakse p\u00f5hjalik \u00fclevaade puitmaja tehnilise seisukorra hindamisest. Kolmas peat\u00fckk keskendub vana puitmaja uuendamisele ning s\u00e4ilitamisele. Raamat on k\u00f5vakaaneline, 360 lehek\u00fclge, [&hellip;]<\/p>\n","protected":false},"featured_media":167665,"template":"","meta":{"_et_pb_use_builder":"","_et_pb_old_content":"","_et_gb_content_width":""},"product_brand":[],"product_cat":[2244],"product_tag":[],"class_list":{"0":"post-167664","1":"product","2":"type-product","3":"status-publish","4":"has-post-thumbnail","6":"product_cat-muud-tooted","8":"first","9":"instock","10":"taxable","11":"shipping-taxable","12":"purchasable","13":"product-type-simple"},"_links":{"self":[{"href":"https:\/\/majatohter.ee\/en\/wp-json\/wp\/v2\/product\/167664","targetHints":{"allow":["GET"]}}],"collection":[{"href":"https:\/\/majatohter.ee\/en\/wp-json\/wp\/v2\/product"}],"about":[{"href":"https:\/\/majatohter.ee\/en\/wp-json\/wp\/v2\/types\/product"}],"wp:featuredmedia":[{"embeddable":true,"href":"https:\/\/majatohter.ee\/en\/wp-json\/wp\/v2\/media\/167665"}],"wp:attachment":[{"href":"https:\/\/majatohter.ee\/en\/wp-json\/wp\/v2\/media?parent=167664"}],"wp:term":[{"taxonomy":"product_brand","embeddable":true,"href":"https:\/\/majatohter.ee\/en\/wp-json\/wp\/v2\/product_brand?post=167664"},{"taxonomy":"product_cat","embeddable":true,"href":"https:\/\/majatohter.ee\/en\/wp-json\/wp\/v2\/product_cat?post=167664"},{"taxonomy":"product_tag","embeddable":true,"href":"https:\/\/majatohter.ee\/en\/wp-json\/wp\/v2\/product_tag?post=167664"}],"curies":[{"name":"wp","href":"https:\/\/api.w.org\/{rel}","templated":true}]}}