{"id":1689,"date":"2016-07-22T11:20:42","date_gmt":"2016-07-22T09:20:42","guid":{"rendered":"http:\/\/uus.majatohter.ee\/tooted\/puisteained\/talk\/"},"modified":"2026-04-10T16:59:44","modified_gmt":"2026-04-10T14:59:44","slug":"talk","status":"publish","type":"product","link":"https:\/\/majatohter.ee\/en\/tooted\/powders\/fillers-en\/talk\/","title":{"rendered":"Talk"},"content":{"rendered":"<p>Kasutatakse erinevate v\u00e4rvide, segude koostises.<\/p>\n<p><em>Talk\u00a0on \u00fcks\u00a0silikaatsetest\u00a0savimineraalidest. Keemiline valem: Mg<sub>3<\/sub>Si<sub>4<\/sub>O<sub>10<\/sub>(OH)<sub>2<\/sub>.<\/em><br \/>\n<em>Talk on mineraalina v\u00e4ga pehme (k\u00f5vadus\u00a0Mohsi astmikul\u00a01). Tema\u00a0erikaal\u00a0on 2,7\u20132,8. Puhas talk on\u00a0v\u00e4rvuselt\u00a0valge, kuid lisandite t\u00f5ttu v\u00f5ib v\u00e4rvuda hallikaks, kollakaks, rohekasvalgeks v\u00f5i pruuniks.<\/em><br \/>\n<em>Selle mineraali avastas f\u00fc\u00fcsik\u00a0Michael Faraday.<br \/>\n(Wikipedia)<\/em><\/p>\n","protected":false},"excerpt":{"rendered":"<p>Kasutatakse erinevate v\u00e4rvide, segude koostises. Talk\u00a0on \u00fcks\u00a0silikaatsetest\u00a0savimineraalidest. Keemiline valem: Mg3Si4O10(OH)2. Talk on mineraalina v\u00e4ga pehme (k\u00f5vadus\u00a0Mohsi astmikul\u00a01). Tema\u00a0erikaal\u00a0on 2,7\u20132,8. Puhas talk on\u00a0v\u00e4rvuselt\u00a0valge, kuid lisandite t\u00f5ttu v\u00f5ib v\u00e4rvuda hallikaks, kollakaks, rohekasvalgeks v\u00f5i pruuniks. Selle mineraali avastas f\u00fc\u00fcsik\u00a0Michael Faraday. (Wikipedia)<\/p>\n","protected":false},"featured_media":1693,"template":"","meta":{"_et_pb_use_builder":"","_et_pb_old_content":"","_et_gb_content_width":""},"product_brand":[],"product_cat":[54,56],"product_tag":[1171,1170],"class_list":{"0":"post-1689","1":"product","2":"type-product","3":"status-publish","4":"has-post-thumbnail","6":"product_cat-puisteained","7":"product_cat-taiteained","8":"product_tag-talgipulber","9":"product_tag-talk","11":"first","12":"onbackorder","13":"taxable","14":"shipping-taxable","15":"purchasable","16":"product-type-variable"},"_links":{"self":[{"href":"https:\/\/majatohter.ee\/en\/wp-json\/wp\/v2\/product\/1689","targetHints":{"allow":["GET"]}}],"collection":[{"href":"https:\/\/majatohter.ee\/en\/wp-json\/wp\/v2\/product"}],"about":[{"href":"https:\/\/majatohter.ee\/en\/wp-json\/wp\/v2\/types\/product"}],"wp:featuredmedia":[{"embeddable":true,"href":"https:\/\/majatohter.ee\/en\/wp-json\/wp\/v2\/media\/1693"}],"wp:attachment":[{"href":"https:\/\/majatohter.ee\/en\/wp-json\/wp\/v2\/media?parent=1689"}],"wp:term":[{"taxonomy":"product_brand","embeddable":true,"href":"https:\/\/majatohter.ee\/en\/wp-json\/wp\/v2\/product_brand?post=1689"},{"taxonomy":"product_cat","embeddable":true,"href":"https:\/\/majatohter.ee\/en\/wp-json\/wp\/v2\/product_cat?post=1689"},{"taxonomy":"product_tag","embeddable":true,"href":"https:\/\/majatohter.ee\/en\/wp-json\/wp\/v2\/product_tag?post=1689"}],"curies":[{"name":"wp","href":"https:\/\/api.w.org\/{rel}","templated":true}]}}