{"id":1709,"date":"2016-07-22T09:31:47","date_gmt":"2016-07-22T09:31:47","guid":{"rendered":"http:\/\/uus.majatohter.ee\/tooted\/puisteained\/kriit\/"},"modified":"2026-04-14T22:12:35","modified_gmt":"2026-04-14T20:12:35","slug":"kriit","status":"publish","type":"product","link":"https:\/\/majatohter.ee\/en\/tooted\/powders\/fillers-en\/kriit\/","title":{"rendered":"Kriit"},"content":{"rendered":"<p><b>Traditsioonilise kriitv\u00e4rvi retsept (ca 8 L v\u00e4rvi valmistamiseks):<\/b><\/p>\n<p class=\"western\"><span style=\"color: #222222;\"><span style=\"font-family: arial, sans-serif;\"><span style=\"font-size: small;\">I osa &#8211; t\u00e4iteaine<\/span><\/span><\/span><\/p>\n<p class=\"western\"><span style=\"color: #222222;\"><span style=\"font-family: arial, sans-serif;\"><span style=\"font-size: small;\">5 kg kriiti<br \/>\n<\/span><\/span><\/span><span style=\"color: #222222;\"><span style=\"font-family: arial, sans-serif;\"><span style=\"font-size: small;\">2,5 L vett<\/span><\/span><\/span><\/p>\n<p><span style=\"color: #222222;\"><span style=\"font-family: arial, sans-serif;\"><span style=\"font-size: small;\">Vala kriit \u00fchtlase joana vette, et tekiks p\u00fcramiid. \u00c4ra sega. Vesi imbub ise kriidi sisse.<\/span><\/span><\/span><\/p>\n<p class=\"western\"><span style=\"color: #222222;\"><span style=\"font-family: arial, sans-serif;\"><span style=\"font-size: small;\">II osa &#8211; liim<\/span><\/span><\/span><\/p>\n<p><span style=\"color: #222222;\"><span style=\"font-family: arial, sans-serif;\"><span style=\"font-size: small;\">100 g met\u00fc\u00fcltselluloosi (pulber)<br \/>\n<\/span><\/span><\/span><span style=\"color: #222222;\"><span style=\"font-family: arial, sans-serif;\"><span style=\"font-size: small;\">2,5 L vett (k\u00fclma)<\/span><\/span><\/span><\/p>\n<p>H<span style=\"color: #222222;\"><span style=\"font-family: arial, sans-serif;\"><span style=\"font-size: small;\">oida m\u00f5lemad eraldi j\u00e4rgmise p\u00e4evani, siis segada eraldi korralikult l\u00e4bi ja siis omavahel kokku.<\/span><\/span><\/span><\/p>\n<p><span style=\"color: #222222;\"><span style=\"font-family: arial, sans-serif;\"><span style=\"font-size: small;\">Kulu ca 4m<sup>2<\/sup> \/ 1 L<\/span><\/span><\/span><\/p>\n","protected":false},"excerpt":{"rendered":"<p>Traditsioonilise kriitv\u00e4rvi retsept (ca 8 L v\u00e4rvi valmistamiseks): I osa &#8211; t\u00e4iteaine 5 kg kriiti 2,5 L vett Vala kriit \u00fchtlase joana vette, et tekiks p\u00fcramiid. \u00c4ra sega. Vesi imbub ise kriidi sisse. II osa &#8211; liim 100 g met\u00fc\u00fcltselluloosi (pulber) 2,5 L vett (k\u00fclma) Hoida m\u00f5lemad eraldi j\u00e4rgmise p\u00e4evani, siis segada eraldi korralikult l\u00e4bi [&hellip;]<\/p>\n","protected":false},"featured_media":1713,"template":"","meta":{"_et_pb_use_builder":"","_et_pb_old_content":"","_et_gb_content_width":""},"product_brand":[],"product_cat":[54,56],"product_tag":[359,527,698],"class_list":{"0":"post-1709","1":"product","2":"type-product","3":"status-publish","4":"has-post-thumbnail","6":"product_cat-puisteained","7":"product_cat-taiteained","8":"product_tag-kriidipulber","9":"product_tag-kriit","10":"product_tag-kriitvarv","12":"first","13":"onbackorder","14":"taxable","15":"shipping-taxable","16":"purchasable","17":"product-type-variable","18":"has-default-attributes"},"_links":{"self":[{"href":"https:\/\/majatohter.ee\/en\/wp-json\/wp\/v2\/product\/1709","targetHints":{"allow":["GET"]}}],"collection":[{"href":"https:\/\/majatohter.ee\/en\/wp-json\/wp\/v2\/product"}],"about":[{"href":"https:\/\/majatohter.ee\/en\/wp-json\/wp\/v2\/types\/product"}],"wp:featuredmedia":[{"embeddable":true,"href":"https:\/\/majatohter.ee\/en\/wp-json\/wp\/v2\/media\/1713"}],"wp:attachment":[{"href":"https:\/\/majatohter.ee\/en\/wp-json\/wp\/v2\/media?parent=1709"}],"wp:term":[{"taxonomy":"product_brand","embeddable":true,"href":"https:\/\/majatohter.ee\/en\/wp-json\/wp\/v2\/product_brand?post=1709"},{"taxonomy":"product_cat","embeddable":true,"href":"https:\/\/majatohter.ee\/en\/wp-json\/wp\/v2\/product_cat?post=1709"},{"taxonomy":"product_tag","embeddable":true,"href":"https:\/\/majatohter.ee\/en\/wp-json\/wp\/v2\/product_tag?post=1709"}],"curies":[{"name":"wp","href":"https:\/\/api.w.org\/{rel}","templated":true}]}}