{"id":1736,"date":"2016-07-22T12:28:00","date_gmt":"2016-07-22T10:28:00","guid":{"rendered":"http:\/\/uus.majatohter.ee\/tooted\/kirjandus\/lenderi-maja-hoonetuubi-areng-ja-saastev-uuendamine\/"},"modified":"2026-02-07T02:43:05","modified_gmt":"2026-02-07T00:43:05","slug":"lenderi-maja-hoonetuubi-areng-ja-saastev-uuendamine","status":"publish","type":"product","link":"https:\/\/majatohter.ee\/en\/tooted\/literature\/books\/lenderi-maja-hoonetuubi-areng-ja-saastev-uuendamine\/","title":{"rendered":"Lenderi maja. Hoonet\u00fc\u00fcbi areng ja s\u00e4\u00e4stev uuendamine"},"content":{"rendered":"","protected":false},"excerpt":{"rendered":"","protected":false},"featured_media":1737,"template":"","meta":{"_et_pb_use_builder":"","_et_pb_old_content":"","_et_gb_content_width":""},"product_brand":[],"product_cat":[142,143],"product_tag":[364,377,367],"class_list":{"0":"post-1736","1":"product","2":"type-product","3":"status-publish","4":"has-post-thumbnail","6":"product_cat-kirjandus","7":"product_cat-raamatud","8":"product_tag-arhitektuur","9":"product_tag-lenderi-maja","10":"product_tag-raamatud","12":"first","13":"instock","14":"taxable","15":"shipping-taxable","16":"purchasable","17":"product-type-simple"},"_links":{"self":[{"href":"https:\/\/majatohter.ee\/en\/wp-json\/wp\/v2\/product\/1736","targetHints":{"allow":["GET"]}}],"collection":[{"href":"https:\/\/majatohter.ee\/en\/wp-json\/wp\/v2\/product"}],"about":[{"href":"https:\/\/majatohter.ee\/en\/wp-json\/wp\/v2\/types\/product"}],"wp:featuredmedia":[{"embeddable":true,"href":"https:\/\/majatohter.ee\/en\/wp-json\/wp\/v2\/media\/1737"}],"wp:attachment":[{"href":"https:\/\/majatohter.ee\/en\/wp-json\/wp\/v2\/media?parent=1736"}],"wp:term":[{"taxonomy":"product_brand","embeddable":true,"href":"https:\/\/majatohter.ee\/en\/wp-json\/wp\/v2\/product_brand?post=1736"},{"taxonomy":"product_cat","embeddable":true,"href":"https:\/\/majatohter.ee\/en\/wp-json\/wp\/v2\/product_cat?post=1736"},{"taxonomy":"product_tag","embeddable":true,"href":"https:\/\/majatohter.ee\/en\/wp-json\/wp\/v2\/product_tag?post=1736"}],"curies":[{"name":"wp","href":"https:\/\/api.w.org\/{rel}","templated":true}]}}