{"id":1771,"date":"2016-07-22T13:02:11","date_gmt":"2016-07-22T11:02:11","guid":{"rendered":"http:\/\/uus.majatohter.ee\/tooted\/puhastusvahendid\/seebid\/roheline-seep\/"},"modified":"2026-04-18T01:42:39","modified_gmt":"2026-04-17T23:42:39","slug":"roheline-seep","status":"publish","type":"product","link":"https:\/\/majatohter.ee\/en\/tooted\/cleaning-products\/soaps\/roheline-seep\/","title":{"rendered":"Roheline seep"},"content":{"rendered":"<p><a href=\"http:\/\/majatohter.ee\/wp-content\/uploads\/2016\/07\/vedel-roheline-seep.pdf\">Rohelise seebi tootekirjeldus<\/a><\/p>\n<p>Sobib kasutada k\u00f5igist tekstiilmaterjalidest pesu, majapidamisesemete, p\u00f5randate ja<br \/>\nmuude pestavate pindade, k\u00e4te ja loomade pesemiseks ning taimekaitsevahendina.<br \/>\nSamuti segus lubjapastaga vana v\u00e4rvi eemaldamiseks.<\/p>\n","protected":false},"excerpt":{"rendered":"<p>Rohelise seebi tootekirjeldus Sobib kasutada k\u00f5igist tekstiilmaterjalidest pesu, majapidamisesemete, p\u00f5randate ja muude pestavate pindade, k\u00e4te ja loomade pesemiseks ning taimekaitsevahendina. Samuti segus lubjapastaga vana v\u00e4rvi eemaldamiseks.<\/p>\n","protected":false},"featured_media":1773,"template":"","meta":{"_et_pb_use_builder":"","_et_pb_old_content":"","_et_gb_content_width":""},"product_brand":[],"product_cat":[139],"product_tag":[393],"class_list":{"0":"post-1771","1":"product","2":"type-product","3":"status-publish","4":"has-post-thumbnail","6":"product_cat-seebid","7":"product_tag-roheline-seep","9":"first","10":"instock","11":"taxable","12":"shipping-taxable","13":"purchasable","14":"product-type-simple"},"_links":{"self":[{"href":"https:\/\/majatohter.ee\/en\/wp-json\/wp\/v2\/product\/1771","targetHints":{"allow":["GET"]}}],"collection":[{"href":"https:\/\/majatohter.ee\/en\/wp-json\/wp\/v2\/product"}],"about":[{"href":"https:\/\/majatohter.ee\/en\/wp-json\/wp\/v2\/types\/product"}],"wp:featuredmedia":[{"embeddable":true,"href":"https:\/\/majatohter.ee\/en\/wp-json\/wp\/v2\/media\/1773"}],"wp:attachment":[{"href":"https:\/\/majatohter.ee\/en\/wp-json\/wp\/v2\/media?parent=1771"}],"wp:term":[{"taxonomy":"product_brand","embeddable":true,"href":"https:\/\/majatohter.ee\/en\/wp-json\/wp\/v2\/product_brand?post=1771"},{"taxonomy":"product_cat","embeddable":true,"href":"https:\/\/majatohter.ee\/en\/wp-json\/wp\/v2\/product_cat?post=1771"},{"taxonomy":"product_tag","embeddable":true,"href":"https:\/\/majatohter.ee\/en\/wp-json\/wp\/v2\/product_tag?post=1771"}],"curies":[{"name":"wp","href":"https:\/\/api.w.org\/{rel}","templated":true}]}}