{"id":1774,"date":"2016-07-22T17:42:25","date_gmt":"2016-07-22T15:42:25","guid":{"rendered":"http:\/\/uus.majatohter.ee\/tooted\/kemikaalid\/uula-uldvedeldi\/"},"modified":"2026-03-26T00:43:58","modified_gmt":"2026-03-25T22:43:58","slug":"uula-uldvedeldi","status":"publish","type":"product","link":"https:\/\/majatohter.ee\/en\/tooted\/chemicals\/solvents\/uula-uldvedeldi\/","title":{"rendered":"Uula \u00fcldvedeldi"},"content":{"rendered":"<p>L\u00f5hnatu s\u00fcsivesinikvedeldi. Kasutajas\u00f5bralik alternatiiv lakibensiinile ja\u00a0t\u00e4rpentinile.<\/p>\n<p><strong>Kasutuskohad:<\/strong>\u00a0Lina\u00f5liv\u00e4rvide, lakkv\u00e4rvide, lasuur- ja aaderdusv\u00e4rvide vedeldamiseks ja t\u00f6\u00f6vahendite<br \/>\npesuks ning mitmesuguste plekkide eemaldamiseks nt. pigi, t\u00f5rv, rasv jne.<br \/>\n<strong>Tihedus:<\/strong>\u00a00,85 kg\/liiter.<\/p>\n<p><a href=\"http:\/\/majatohter.ee\/wp-content\/uploads\/2016\/07\/\u00dcLDVEDELDI.pdf\">Uula \u00fcldvedeldi tootekirjeldus<\/a><\/p>\n","protected":false},"excerpt":{"rendered":"<p>L\u00f5hnatu s\u00fcsivesinikvedeldi. Kasutajas\u00f5bralik alternatiiv lakibensiinile ja\u00a0t\u00e4rpentinile. Kasutuskohad:\u00a0Lina\u00f5liv\u00e4rvide, lakkv\u00e4rvide, lasuur- ja aaderdusv\u00e4rvide vedeldamiseks ja t\u00f6\u00f6vahendite pesuks ning mitmesuguste plekkide eemaldamiseks nt. pigi, t\u00f5rv, rasv jne. Tihedus:\u00a00,85 kg\/liiter. Uula \u00fcldvedeldi tootekirjeldus<\/p>\n","protected":false},"featured_media":69555,"template":"","meta":{"_et_pb_use_builder":"","_et_pb_old_content":"","_et_gb_content_width":""},"product_brand":[],"product_cat":[96,97],"product_tag":[1011,183,1012],"class_list":{"0":"post-1774","1":"product","2":"type-product","3":"status-publish","4":"has-post-thumbnail","6":"product_cat-kemikaalid","7":"product_cat-lahustid","8":"product_tag-lahusti","9":"product_tag-uula","10":"product_tag-vedeldi","12":"first","13":"instock","14":"taxable","15":"shipping-taxable","16":"purchasable","17":"product-type-variable"},"_links":{"self":[{"href":"https:\/\/majatohter.ee\/en\/wp-json\/wp\/v2\/product\/1774","targetHints":{"allow":["GET"]}}],"collection":[{"href":"https:\/\/majatohter.ee\/en\/wp-json\/wp\/v2\/product"}],"about":[{"href":"https:\/\/majatohter.ee\/en\/wp-json\/wp\/v2\/types\/product"}],"wp:featuredmedia":[{"embeddable":true,"href":"https:\/\/majatohter.ee\/en\/wp-json\/wp\/v2\/media\/69555"}],"wp:attachment":[{"href":"https:\/\/majatohter.ee\/en\/wp-json\/wp\/v2\/media?parent=1774"}],"wp:term":[{"taxonomy":"product_brand","embeddable":true,"href":"https:\/\/majatohter.ee\/en\/wp-json\/wp\/v2\/product_brand?post=1774"},{"taxonomy":"product_cat","embeddable":true,"href":"https:\/\/majatohter.ee\/en\/wp-json\/wp\/v2\/product_cat?post=1774"},{"taxonomy":"product_tag","embeddable":true,"href":"https:\/\/majatohter.ee\/en\/wp-json\/wp\/v2\/product_tag?post=1774"}],"curies":[{"name":"wp","href":"https:\/\/api.w.org\/{rel}","templated":true}]}}