{"id":1778,"date":"2016-07-22T17:45:19","date_gmt":"2016-07-22T15:45:19","guid":{"rendered":"http:\/\/uus.majatohter.ee\/tooted\/kemikaalid\/uula-olivarvi-vedeldi-1166\/"},"modified":"2026-04-17T17:42:03","modified_gmt":"2026-04-17T15:42:03","slug":"uula-olivarvi-vedeldi-1166","status":"publish","type":"product","link":"https:\/\/majatohter.ee\/en\/tooted\/chemicals\/solvents\/uula-olivarvi-vedeldi-1166\/","title":{"rendered":"Uula \u00f5liv\u00e4rvi vedeldi 1166"},"content":{"rendered":"<p>Keedetud lina\u00f5li (v\u00e4rnitsa) 35 % ja Uula \u00dcldvedeldi 65 % segu.<\/p>\n<p><a href=\"http:\/\/majatohter.ee\/wp-content\/uploads\/2016\/07\/\u00d5LIV\u00c4RVI-VEDELDI.pdf\">Uula \u00f5liv\u00e4rvi vedeldi tootekirjeldus<\/a><\/p>\n<p><strong>Kasutuskohad:<\/strong> Uula lina\u00f5liv\u00e4rvide vedeldamiseks.<br \/>\n<strong>Tihedus:<\/strong>\u00a00,85 kg\/liiter.<br \/>\n<strong>Tuleohutus:<\/strong>\u00a0Ei ole s\u00fcttiv.<\/p>\n<p>NB!\u00a0V\u00e4rvised kaltsud, r\u00e4tid jne. h\u00e4vitada p\u00f5letades v\u00f5i kasta enne pr\u00fcgikasti heitmist vette v\u00e4ltimaks lina\u00f5li ises\u00fcttimisohtu.<\/p>\n","protected":false},"excerpt":{"rendered":"<p>Keedetud lina\u00f5li (v\u00e4rnitsa) 35 % ja Uula \u00dcldvedeldi 65 % segu. Uula \u00f5liv\u00e4rvi vedeldi tootekirjeldus Kasutuskohad: Uula lina\u00f5liv\u00e4rvide vedeldamiseks. Tihedus:\u00a00,85 kg\/liiter. Tuleohutus:\u00a0Ei ole s\u00fcttiv. NB!\u00a0V\u00e4rvised kaltsud, r\u00e4tid jne. h\u00e4vitada p\u00f5letades v\u00f5i kasta enne pr\u00fcgikasti heitmist vette v\u00e4ltimaks lina\u00f5li ises\u00fcttimisohtu.<\/p>\n","protected":false},"featured_media":1781,"template":"","meta":{"_et_pb_use_builder":"","_et_pb_old_content":"","_et_gb_content_width":""},"product_brand":[],"product_cat":[96,97],"product_tag":[1011,183,1012],"class_list":{"0":"post-1778","1":"product","2":"type-product","3":"status-publish","4":"has-post-thumbnail","6":"product_cat-kemikaalid","7":"product_cat-lahustid","8":"product_tag-lahusti","9":"product_tag-uula","10":"product_tag-vedeldi","12":"first","13":"instock","14":"taxable","15":"shipping-taxable","16":"purchasable","17":"product-type-variable","18":"has-default-attributes"},"_links":{"self":[{"href":"https:\/\/majatohter.ee\/en\/wp-json\/wp\/v2\/product\/1778","targetHints":{"allow":["GET"]}}],"collection":[{"href":"https:\/\/majatohter.ee\/en\/wp-json\/wp\/v2\/product"}],"about":[{"href":"https:\/\/majatohter.ee\/en\/wp-json\/wp\/v2\/types\/product"}],"wp:featuredmedia":[{"embeddable":true,"href":"https:\/\/majatohter.ee\/en\/wp-json\/wp\/v2\/media\/1781"}],"wp:attachment":[{"href":"https:\/\/majatohter.ee\/en\/wp-json\/wp\/v2\/media?parent=1778"}],"wp:term":[{"taxonomy":"product_brand","embeddable":true,"href":"https:\/\/majatohter.ee\/en\/wp-json\/wp\/v2\/product_brand?post=1778"},{"taxonomy":"product_cat","embeddable":true,"href":"https:\/\/majatohter.ee\/en\/wp-json\/wp\/v2\/product_cat?post=1778"},{"taxonomy":"product_tag","embeddable":true,"href":"https:\/\/majatohter.ee\/en\/wp-json\/wp\/v2\/product_tag?post=1778"}],"curies":[{"name":"wp","href":"https:\/\/api.w.org\/{rel}","templated":true}]}}