{"id":1782,"date":"2016-07-22T17:47:12","date_gmt":"2016-07-22T15:47:12","guid":{"rendered":"http:\/\/uus.majatohter.ee\/tooted\/kemikaalid\/uula-varvieemaldusaine\/"},"modified":"2026-02-11T17:42:08","modified_gmt":"2026-02-11T15:42:08","slug":"uula-varvieemaldusaine","status":"publish","type":"product","link":"https:\/\/majatohter.ee\/en\/tooted\/chemicals\/paint-stripping\/uula-varvieemaldusaine\/","title":{"rendered":"Uula v\u00e4rvieemaldusaine"},"content":{"rendered":"<p><strong>Kasutuskohad:<\/strong> Sobib enamike v\u00e4rvide eemaldamiseks peaaegu igasugustelt pindadelt (n\u00e4it. puidult, metallilt, betoonilt, mineraalsetelt pindadelt). Uula-v\u00e4rvieemaldusavahendit v\u00f5ib kasutada nii sise- kui ka v\u00e4listingimustes. Pastalaadne, roheka tooniga. EI SISALDA met\u00fcleenkloriidi, happeid, leelist, kahjulikke lahusteid v\u00f5i parafiini.<\/p>\n<p><strong>Tihedus:<\/strong> u. 1,1 kg\/ L<br \/>\n<strong>Kulu:<\/strong>\u00a01-3 m\u00b2\/l s\u00f5ltuvalt eemaldatavate v\u00e4rvikihtide arvust, v\u00e4rvit\u00fc\u00fcbist ja pinna iseloomust.<br \/>\n<strong>K\u00e4sitlustingimused:<\/strong> Kanna pinnale pintsli, rulli v\u00f5i suru\u00f5huseadeldisega (0,21\u201d\u20130,31\u201d suurune pihusti ja 40\u201350\u00b0 pihustamisnurk).\u00a0T\u00f6\u00f6tada v\u00f5ib \u00f5hutemperatuuril \u20138\u00b0C kuni +28\u00b0C.<\/p>\n<p><strong>KASUTUSJUHEND<\/strong><br \/>\nSega toodet enne kasutamist.<br \/>\nTee proov v\u00e4ikesel alal, et n\u00e4ha kuidas toode m\u00f5jub v\u00e4rvile ja aluspinnale. V\u00f5ib kahjustada plastpindu.<br \/>\nKanna paks kiht v\u00e4rvieemaldusvahendit pinnale.<br \/>\nProtsess kestab 1-12 tundi. Kestvus s\u00f5ltub vana v\u00e4rvi t\u00fc\u00fcbist, kihtide arvust ja paksusest.<br \/>\nV\u00e4rvieemaldusainel v\u00f5ib lasta m\u00f5juda ka \u00fcle \u00f6\u00f6. T\u00e4n\u00e4 aikana se on t\u00e4ysin imeytynyt.<br \/>\nPehmeks muutunud v\u00e4rvipinna v\u00f5ib eemaldada kaabitsaga v\u00f5i terasharjaga. V\u00e4litingimustes lihtsustab t\u00f6\u00f6d\u00a0k\u00f5rgsurvepesuri v\u00f5i kuumaveesurvepesuri (60\u201390\u00b0C) kasutamine. Pesemist tuleb alustada alt ning liikuda\u00a0\u00fcles poole.<br \/>\nV\u00e4rvieemaldusaine eemaldab korraga isegi 9 v\u00e4rvikihti tingimusel, et kihtide vahele ei teki \u00f5humulle, mille tulemusel aine imendumine peatub. K\u00e4sitlust v\u00f5ib vajadusel korrata.<br \/>\nV\u00e4ldi vahendiga t\u00f6\u00f6tamist otseses p\u00e4ikesepaistes ja tuule k\u00e4es. Kui juhtud sellistes tingimustes siiski<br \/>\nt\u00f6\u00f6tama, on soovitatav katta ainega \u00fcle v\u00f5\u00f5batud pind kilega, et v\u00e4ltida aine hajumist.<br \/>\nLihvi pestud ja kuivanud pind liivapaberiga.<br \/>\nV\u00e4rvieemaldusel tekkinud j\u00e4\u00e4gid tuleb viia ohtlike j\u00e4\u00e4tmete kogumispunkti. J\u00e4tmeid ei tohi valada<br \/>\nkanalisatsiooni.<br \/>\nK\u00fcsimustega toote kohta palume p\u00f6\u00f6rduda tootja v\u00f5i asjatundliku edasim\u00fc\u00fcja poole enne aine kasutusele<br \/>\nv\u00f5tmist.<\/p>\n<p><strong>T\u00d6\u00d6OHUTUS<\/strong><br \/>\nT\u00f6\u00f6tada h\u00e4sti ventileeritud ruumis. Ebapiisavalt ventileeritud ruumis tuleb kand respiraatorit. V\u00e4ltida aine sattumist nahale, suhu, silma ja riietele. Kasutada kaitsekindaid ja kaitseprille.<br \/>\nAine sisaldab 1-et\u00fc\u00fcl-2-p\u00fcrolidioon 10-25% ja prop\u00fcleen karbonaat\u00a02,5-10%.<br \/>\nSilma sattudes v\u00f5ib tekkida t\u00f5sine kahjustus. Loputada veega 10-15 min.<br \/>\nHalva enesetunde tekkimisel minna v\u00e4rske \u00f5hu k\u00e4tte. Nahalt pesta seebi ja veega. Pesemiseks EI TOHI<br \/>\nkasutada lahusteid. Aine allaneelamise korral ei tohi esile kutsuda oksendamist vaid lamada ja kutsuda arst.<br \/>\nX \u2013 \u00e4rritav<\/p>\n<p><a href=\"https:\/\/majatohter.ee\/wp-content\/uploads\/Uula-varvieemaldusaine.pdf\" target=\"_blank\" rel=\"noopener\">TOOTEKIRJELDUS<\/a><\/p>\n<p><iframe loading=\"lazy\" title=\"Uula Removing Old Paint From A Furniture\" width=\"1080\" height=\"608\" src=\"https:\/\/www.youtube.com\/embed\/fvjDkE0LFyc?start=5&#038;feature=oembed\"  allow=\"accelerometer; autoplay; clipboard-write; encrypted-media; gyroscope; picture-in-picture; web-share\" allowfullscreen><\/iframe><\/p>\n","protected":false},"excerpt":{"rendered":"<p>Kasutuskohad: Sobib enamike v\u00e4rvide eemaldamiseks peaaegu igasugustelt pindadelt (n\u00e4it. puidult, metallilt, betoonilt, mineraalsetelt pindadelt). Uula-v\u00e4rvieemaldusavahendit v\u00f5ib kasutada nii sise- kui ka v\u00e4listingimustes. Pastalaadne, roheka tooniga. EI SISALDA met\u00fcleenkloriidi, happeid, leelist, kahjulikke lahusteid v\u00f5i parafiini. Tihedus: u. 1,1 kg\/ L Kulu:\u00a01-3 m\u00b2\/l s\u00f5ltuvalt eemaldatavate v\u00e4rvikihtide arvust, v\u00e4rvit\u00fc\u00fcbist ja pinna iseloomust. K\u00e4sitlustingimused: Kanna pinnale pintsli, rulli v\u00f5i [&hellip;]<\/p>\n","protected":false},"featured_media":69425,"template":"","meta":{"_et_pb_use_builder":"","_et_pb_old_content":"","_et_gb_content_width":""},"product_brand":[],"product_cat":[96,98],"product_tag":[183,2438,1295,394],"class_list":{"0":"post-1782","1":"product","2":"type-product","3":"status-publish","4":"has-post-thumbnail","6":"product_cat-kemikaalid","7":"product_cat-varvieemaldus","8":"product_tag-uula","9":"product_tag-vana-varvi-eemaldamine","10":"product_tag-varvieemaldaja","11":"product_tag-varvieemaldus","13":"first","14":"instock","15":"taxable","16":"shipping-taxable","17":"purchasable","18":"product-type-variable"},"_links":{"self":[{"href":"https:\/\/majatohter.ee\/en\/wp-json\/wp\/v2\/product\/1782","targetHints":{"allow":["GET"]}}],"collection":[{"href":"https:\/\/majatohter.ee\/en\/wp-json\/wp\/v2\/product"}],"about":[{"href":"https:\/\/majatohter.ee\/en\/wp-json\/wp\/v2\/types\/product"}],"wp:featuredmedia":[{"embeddable":true,"href":"https:\/\/majatohter.ee\/en\/wp-json\/wp\/v2\/media\/69425"}],"wp:attachment":[{"href":"https:\/\/majatohter.ee\/en\/wp-json\/wp\/v2\/media?parent=1782"}],"wp:term":[{"taxonomy":"product_brand","embeddable":true,"href":"https:\/\/majatohter.ee\/en\/wp-json\/wp\/v2\/product_brand?post=1782"},{"taxonomy":"product_cat","embeddable":true,"href":"https:\/\/majatohter.ee\/en\/wp-json\/wp\/v2\/product_cat?post=1782"},{"taxonomy":"product_tag","embeddable":true,"href":"https:\/\/majatohter.ee\/en\/wp-json\/wp\/v2\/product_tag?post=1782"}],"curies":[{"name":"wp","href":"https:\/\/api.w.org\/{rel}","templated":true}]}}