{"id":1785,"date":"2016-07-22T17:51:16","date_gmt":"2016-07-22T15:51:16","guid":{"rendered":"http:\/\/uus.majatohter.ee\/tooted\/kemikaalid\/tremax-puiduleelis\/"},"modified":"2026-03-04T13:42:12","modified_gmt":"2026-03-04T11:42:12","slug":"tremax-puiduleelis","status":"publish","type":"product","link":"https:\/\/majatohter.ee\/en\/tooted\/chemicals\/bleach\/tremax-puiduleelis\/","title":{"rendered":"Tremax puiduleelis"},"content":{"rendered":"<p>Kuna puidu\u00f5lid ei sisalda UV-kiirguse kaitset, tuleb puidu pinda enne \u00f5litamist spetsiaalse puiduleelisega\u00a0t\u00f6\u00f6delda. See hoiab \u00e4ra okaspuidu tumenemise p\u00e4ikese m\u00f5jul ning avab paremini puidu poorid. T\u00e4nu sellele\u00a0imendub \u00f5li paremini puidu pooridesse. Samuti toob puiduleelis h\u00e4sti esile puidu tekstuuri ja s\u00fc\u00fc erip\u00e4ra.<br \/>\nPuiduleelist kasutatakse ka v\u00e4litingimustes p\u00e4ikese k\u00e4es halliks pleekinud ja sinetunud palgi ning puitmajade v\u00e4rskendamiseks enne puidu\u00f5liga viimistlemist.<\/p>\n<p><strong>Kasutuskohad:<\/strong> Puiduleelist kasutatakse sisetingimustes uue v\u00f5i vana kolletunud okaspuidu (m\u00e4nd ja<br \/>\nkuusk) valgendamiseks.<br \/>\n<strong>Koostis:<\/strong> Naatriumh\u00fcpokloriid 3-5%, naatriumh\u00fcdroksiid 1-3%.<br \/>\n<strong>Kulu:<\/strong> Uued lihvitud puitpinnad 12-14 m\u00b2\/liiter \u00fche kihi kohta.<br \/>\n<strong>T\u00f6\u00f6vahendid:<\/strong> Leelise pealekandmiseks kasutada valget s\u00fcnteetilist happekindlat pintslit. Peale<br \/>\nkasutamist puhastage pintsel veega.<br \/>\n<strong>K\u00e4sitlustingimused:<\/strong> Temperatuur alla + 25\u00baC. V\u00e4ltida p\u00e4ikese k\u00e4es t\u00f6\u00f6tlemist, vajalik hea ventilatsioon.<br \/>\nPiirata niiskuse juurdep\u00e4\u00e4su t\u00f6\u00f6deldud pinnale. Kuivamise ajal peab temperatuur\u00a0olema v\u00e4hemalt + 10\u00baC. V\u00e4ltida tuleb leelise sattumist klaasile ja metallpindadele, v\u00f5imalikud plekid tuleb kohe niiske lapiga \u00e4ra p\u00fchkida.<br \/>\n<strong>Kuivamine:<\/strong> Enne \u00f5litamist 12-24 tundi.<br \/>\n<strong>Pakendi maht:<\/strong> 1 l, 5 l.<br \/>\n<strong>S\u00e4ilitamine:<\/strong> Hoida lastele k\u00e4ttesaamatult. V\u00e4ltida j\u00e4\u00e4tumist. S\u00e4ilitada jahedas, p\u00e4ikese eest\u00a0kaitstult. S\u00e4ilib k\u00f5ige paremini kinnises plast- v\u00f5i klaasanumas.<br \/>\n<strong>Ohutus:<\/strong> S\u00f6\u00f6vitav! Leelise kasutamisel kanda esmaseid t\u00f6\u00f6vahendeid (kaitseriietus,\u00a0kaitsekindad, sobiv respiraator ja kaitseprillid). V\u00e4ltida leelise aurude sissehingamist ja aine sattumist ihule ja silma. Silma sattumisel tuleb kohe rohke veega loputada p\u00f6\u00f6rduda vajadusel arsti poole. Pritsmeid ihul tuleb pesta veega. Allaneelamise korral p\u00f6\u00f6rduda viivitamatult arsti poole. Hoida lukustatud ruumis ja lastele<br \/>\nk\u00e4ttesaamatult!<br \/>\n<strong>J\u00e4\u00e4tmete k\u00e4itlemine:<\/strong> T\u00fchjad pakendid h\u00e4vitada vastavalt j\u00e4\u00e4tmek\u00e4itlusseadusele. Alles\u00a0j\u00e4\u00e4nud toodet ei tohi valada kanalisatsiooni! V\u00e4ltida pinnasesse valgumist!<\/p>\n<p><strong>KASUTUSJUHEND:<\/strong><br \/>\n<em>Eelt\u00f6\u00f6d:<\/em><br \/>\n<span style=\"text-decoration: underline;\">Uued puitpinnad:<\/span> T\u00f6\u00f6deldav puidu pind tuleb lihvida \u00f5litamiseks etten\u00e4htud karedusastmeni, puhastada tolmust ja lahtistest puiduosakestest. T\u00f6\u00f6deldav puidu pind peab olema kuiv.<br \/>\n<span style=\"text-decoration: underline;\">Palkmajade t\u00f6\u00f6tlemine:<\/span><br \/>\nEnne kasutamist tuleb purki hoolikalt loksutada. Puiduleelis on kohe kasutusvalmis ega vaja lahjendamist.\u00a0K\u00f5igepealt tuleb kinni katta k\u00f5ik t\u00f6\u00f6deldava alaga piirnevad pinnad. T\u00f6\u00f6tlemisel tuleb j\u00e4lgida, et leelise pritsmed\u00a0ei satuks akendele, liistudele ja piiretele. Leelis v\u00f5ib tugevalt s\u00f6\u00f6vitada v\u00e4rvitud pindu ning kaitsmata puitu. Leelis\u00a0kantakse puidu pinnale piki puidu s\u00fc\u00fcd, \u00fcks palk korraga.<br \/>\n<span style=\"text-decoration: underline;\">Puitp\u00f5randate t\u00f6\u00f6tlemine:<\/span><br \/>\nLeelis tuleb kanda puitp\u00f5randale \u00fchekorraga, piki puidu s\u00fc\u00fcd ja \u00fcks laud korraga. Nii ei teki j\u00e4tkukohtadele\u00a0j\u00e4lgesid.<br \/>\nT\u00e4helepanu!<br \/>\nPuidu kollane pind muutub heledamaks alles puidu kuivades!<\/p>\n<p><a href=\"http:\/\/majatohter.ee\/wp-content\/uploads\/2016\/07\/Puiduleelis-Tremax-1.pdf\">Puiduleelis Tremax tootekirjeldus<\/a><\/p>\n<p>&nbsp;<\/p>\n","protected":false},"excerpt":{"rendered":"<p>Kuna puidu\u00f5lid ei sisalda UV-kiirguse kaitset, tuleb puidu pinda enne \u00f5litamist spetsiaalse puiduleelisega\u00a0t\u00f6\u00f6delda. See hoiab \u00e4ra okaspuidu tumenemise p\u00e4ikese m\u00f5jul ning avab paremini puidu poorid. T\u00e4nu sellele\u00a0imendub \u00f5li paremini puidu pooridesse. Samuti toob puiduleelis h\u00e4sti esile puidu tekstuuri ja s\u00fc\u00fc erip\u00e4ra. Puiduleelist kasutatakse ka v\u00e4litingimustes p\u00e4ikese k\u00e4es halliks pleekinud ja sinetunud palgi ning puitmajade v\u00e4rskendamiseks [&hellip;]<\/p>\n","protected":false},"featured_media":1787,"template":"","meta":{"_et_pb_use_builder":"","_et_pb_old_content":"","_et_gb_content_width":""},"product_brand":[],"product_cat":[96,100],"product_tag":[1122,395],"class_list":{"0":"post-1785","1":"product","2":"type-product","3":"status-publish","4":"has-post-thumbnail","6":"product_cat-kemikaalid","7":"product_cat-puidupleegitus","8":"product_tag-puiduleelis","9":"product_tag-tremax","11":"first","12":"onbackorder","13":"taxable","14":"shipping-taxable","15":"purchasable","16":"product-type-variable"},"_links":{"self":[{"href":"https:\/\/majatohter.ee\/en\/wp-json\/wp\/v2\/product\/1785","targetHints":{"allow":["GET"]}}],"collection":[{"href":"https:\/\/majatohter.ee\/en\/wp-json\/wp\/v2\/product"}],"about":[{"href":"https:\/\/majatohter.ee\/en\/wp-json\/wp\/v2\/types\/product"}],"wp:featuredmedia":[{"embeddable":true,"href":"https:\/\/majatohter.ee\/en\/wp-json\/wp\/v2\/media\/1787"}],"wp:attachment":[{"href":"https:\/\/majatohter.ee\/en\/wp-json\/wp\/v2\/media?parent=1785"}],"wp:term":[{"taxonomy":"product_brand","embeddable":true,"href":"https:\/\/majatohter.ee\/en\/wp-json\/wp\/v2\/product_brand?post=1785"},{"taxonomy":"product_cat","embeddable":true,"href":"https:\/\/majatohter.ee\/en\/wp-json\/wp\/v2\/product_cat?post=1785"},{"taxonomy":"product_tag","embeddable":true,"href":"https:\/\/majatohter.ee\/en\/wp-json\/wp\/v2\/product_tag?post=1785"}],"curies":[{"name":"wp","href":"https:\/\/api.w.org\/{rel}","templated":true}]}}