{"id":1791,"date":"2016-07-22T15:55:43","date_gmt":"2016-07-22T15:55:43","guid":{"rendered":"http:\/\/uus.majatohter.ee\/tooted\/kemikaalid\/uula-hallitustorjeaine\/"},"modified":"2026-04-02T22:42:06","modified_gmt":"2026-04-02T20:42:06","slug":"uula-hallitustorjeaine","status":"publish","type":"product","link":"https:\/\/majatohter.ee\/en\/tooted\/chemicals\/pesticides\/uula-hallitustorjeaine\/","title":{"rendered":"Uula hallitust\u00f5rje vahend"},"content":{"rendered":"<p>Sobib v\u00e4listingimustes k\u00f5ikv\u00f5imalike ilmastikust m\u00f5jutatud puitpindade kaitsmiseks hallituse, pehkimise ja sinetuse eest enne v\u00e4rvimist v\u00f5i muid pinnat\u00f6\u00f6tlusi. Sobib kasutamiseks ka ehitusaegse hallitusekaitsena.<\/p>\n<p><strong><span dir=\"ltr\">Kasutuskohad: <\/span><\/strong><span dir=\"ltr\">Sobib<\/span><span dir=\"ltr\">v\u00e4listingimustes<\/span><span dir=\"ltr\">k\u00f5ikv\u00f5imalike ilmastikust m\u00f5jutatud puitpindade kaitsmiseks <\/span><span dir=\"ltr\">hallituse, pehkimise ja sinetuse eest enne v\u00e4rvimist<\/span><span dir=\"ltr\">v\u00f5i muid pinnat\u00f6\u00f6tlusi. Sobib kasutamiseks ka <\/span><span dir=\"ltr\">ehitusaegse hallitusekaitsena.<br \/>\n<\/span><strong><span dir=\"ltr\">T\u00f6\u00f6tlustingimused: <\/span><\/strong><span dir=\"ltr\">T\u00f6\u00f6deldav pind v\u00f5ib olla niiske v\u00f5i kuiv. Ei sobi kasutamiseks vihma k\u00e4es.<br \/>\n<strong>Kulunorm<\/strong><\/span><strong><span dir=\"ltr\">: <\/span><\/strong><span dir=\"ltr\">Saematerjal 4<\/span><span dir=\"ltr\">&#8211;<\/span><span dir=\"ltr\">5 m\u00b2\/l, h\u00f6\u00f6veldatud pinnad 7<\/span><span dir=\"ltr\">&#8211;<\/span><span dir=\"ltr\">8 m\u00b2\/l. Pihustamise v\u00f5i kastmise <\/span><span dir=\"ltr\">teel <\/span><span dir=\"ltr\">pealekandmisel on kulu tunduvalt suurem.<br \/>\n<\/span><strong><span dir=\"ltr\">Kuivamisaeg: <\/span><\/strong><span dir=\"ltr\">u. 1 tund. Kuivamisaeg enne <\/span><span dir=\"ltr\">v\u00e4rvimist<\/span><span dir=\"ltr\">u. 1 \u00f6\u00f6p\u00e4ev.<br \/>\n<\/span><strong><span dir=\"ltr\">Pealekandmisviis: <\/span><\/strong><span dir=\"ltr\">Pintsliga, pihustamise v\u00f5i kastmise teel.<br \/>\n<\/span><strong><span dir=\"ltr\">T\u00f6\u00f6vahendite <\/span><span dir=\"ltr\">puhastamine: <\/span><\/strong><span dir=\"ltr\">Veega.<br \/>\n<\/span><strong><span dir=\"ltr\">S\u00e4ilitamine: <\/span><\/strong><span dir=\"ltr\">Hoida kuivas ja jahedas kohas. Kaitsta j\u00e4\u00e4tumise eest.<\/span><\/p>\n<p><strong><span dir=\"ltr\">KASUTUSJUHISED: <\/span><\/strong><span dir=\"ltr\">Puhastage pind lahtisest<\/span><span dir=\"ltr\">tolmust. Peske m\u00e4\u00e4rdunud pinda KIIRUNA <\/span><span dir=\"ltr\">v\u00e4rvipesuvahendiga. <\/span><span dir=\"ltr\">Peske hall<\/span><span dir=\"ltr\">itanud pinda naatriumh\u00fcpo<\/span><span dir=\"ltr\">kloriidil<\/span><span dir=\"ltr\">p\u00f5hineva pesuvahendiga <\/span><span dir=\"ltr\">ja lopu<\/span><span dir=\"ltr\">tage korralikult. Kandke UULA hallitusvastane vahend pinnale <\/span><span dir=\"ltr\">pintsli v\u00f5i pihusti abil. Seej\u00e4rel v\u00f5ib pindu t\u00f6\u00f6delda igat liiki v\u00e4rvide ja puidukaitsevahenditega.<br \/>\n<\/span><strong><span dir=\"ltr\">Ehitusaegne kaitse: <\/span><\/strong><span dir=\"ltr\">K\u00f5ikv\u00f5imalikku puitmaterjali saab kaitsta UULA hallitusevastase vahendi <\/span><span dir=\"ltr\">pe<\/span><span dir=\"ltr\">alekandmise teel pintsli v\u00f5i pihusti abil. <\/span><span dir=\"ltr\">N\u00e4iteks soovitame <\/span><span dir=\"ltr\">kaitset\u00f6\u00f6delda puitkarkassi <\/span><span dir=\"ltr\">vahetult <\/span><span dir=\"ltr\">p\u00e4rast <\/span><span dir=\"ltr\">p\u00fcstitamis<\/span><span dir=\"ltr\">t<\/span><span dir=\"ltr\">. <\/span><\/p>\n<p><a href=\"http:\/\/majatohter.ee\/wp-content\/uploads\/2016\/07\/UULA_Homeenestoaine.pdf\">Tootekirjeldus<\/a><\/p>\n","protected":false},"excerpt":{"rendered":"<p>Sobib v\u00e4listingimustes k\u00f5ikv\u00f5imalike ilmastikust m\u00f5jutatud puitpindade kaitsmiseks hallituse, pehkimise ja sinetuse eest enne v\u00e4rvimist v\u00f5i muid pinnat\u00f6\u00f6tlusi. Sobib kasutamiseks ka ehitusaegse hallitusekaitsena. Kasutuskohad: Sobibv\u00e4listingimustesk\u00f5ikv\u00f5imalike ilmastikust m\u00f5jutatud puitpindade kaitsmiseks hallituse, pehkimise ja sinetuse eest enne v\u00e4rvimistv\u00f5i muid pinnat\u00f6\u00f6tlusi. Sobib kasutamiseks ka ehitusaegse hallitusekaitsena. T\u00f6\u00f6tlustingimused: T\u00f6\u00f6deldav pind v\u00f5ib olla niiske v\u00f5i kuiv. Ei sobi kasutamiseks vihma k\u00e4es. [&hellip;]<\/p>\n","protected":false},"featured_media":166727,"template":"","meta":{"_et_pb_use_builder":"","_et_pb_old_content":"","_et_gb_content_width":""},"product_brand":[],"product_cat":[96,99],"product_tag":[398,399,183],"class_list":{"0":"post-1791","1":"product","2":"type-product","3":"status-publish","4":"has-post-thumbnail","6":"product_cat-kemikaalid","7":"product_cat-torjavahendid","8":"product_tag-hallitus","9":"product_tag-hallituse-torje","10":"product_tag-uula","12":"first","13":"instock","14":"taxable","15":"shipping-taxable","16":"purchasable","17":"product-type-variable"},"_links":{"self":[{"href":"https:\/\/majatohter.ee\/en\/wp-json\/wp\/v2\/product\/1791","targetHints":{"allow":["GET"]}}],"collection":[{"href":"https:\/\/majatohter.ee\/en\/wp-json\/wp\/v2\/product"}],"about":[{"href":"https:\/\/majatohter.ee\/en\/wp-json\/wp\/v2\/types\/product"}],"wp:featuredmedia":[{"embeddable":true,"href":"https:\/\/majatohter.ee\/en\/wp-json\/wp\/v2\/media\/166727"}],"wp:attachment":[{"href":"https:\/\/majatohter.ee\/en\/wp-json\/wp\/v2\/media?parent=1791"}],"wp:term":[{"taxonomy":"product_brand","embeddable":true,"href":"https:\/\/majatohter.ee\/en\/wp-json\/wp\/v2\/product_brand?post=1791"},{"taxonomy":"product_cat","embeddable":true,"href":"https:\/\/majatohter.ee\/en\/wp-json\/wp\/v2\/product_cat?post=1791"},{"taxonomy":"product_tag","embeddable":true,"href":"https:\/\/majatohter.ee\/en\/wp-json\/wp\/v2\/product_tag?post=1791"}],"curies":[{"name":"wp","href":"https:\/\/api.w.org\/{rel}","templated":true}]}}