{"id":1797,"date":"2016-07-22T16:07:10","date_gmt":"2016-07-22T16:07:10","guid":{"rendered":"http:\/\/uus.majatohter.ee\/?post_type=product&#038;p=1797"},"modified":"2026-01-05T18:42:30","modified_gmt":"2026-01-05T16:42:30","slug":"pintsel-umar-nooriga-must","status":"publish","type":"product","link":"https:\/\/majatohter.ee\/en\/tooted\/tools\/paintbrushes\/pintsel-umar-nooriga-must\/","title":{"rendered":"Pintsel \u00fcmar n\u00f6\u00f6riga, must"},"content":{"rendered":"<p>Lihtne universaalne \u00fcmarpintsel.<\/p>\n","protected":false},"excerpt":{"rendered":"<p>Lihtne universaalne \u00fcmarpintsel.<\/p>\n","protected":false},"featured_media":68630,"template":"","meta":{"_et_pb_use_builder":"","_et_pb_old_content":"","_et_gb_content_width":""},"product_brand":[],"product_cat":[88,86],"product_tag":[828,2357],"class_list":{"0":"post-1797","1":"product","2":"type-product","3":"status-publish","4":"has-post-thumbnail","6":"product_cat-pintslid","7":"product_cat-tooriistad","8":"product_tag-pintsel","9":"product_tag-umarpintsel","11":"first","12":"instock","13":"taxable","14":"shipping-taxable","15":"purchasable","16":"product-type-variable"},"_links":{"self":[{"href":"https:\/\/majatohter.ee\/en\/wp-json\/wp\/v2\/product\/1797","targetHints":{"allow":["GET"]}}],"collection":[{"href":"https:\/\/majatohter.ee\/en\/wp-json\/wp\/v2\/product"}],"about":[{"href":"https:\/\/majatohter.ee\/en\/wp-json\/wp\/v2\/types\/product"}],"wp:featuredmedia":[{"embeddable":true,"href":"https:\/\/majatohter.ee\/en\/wp-json\/wp\/v2\/media\/68630"}],"wp:attachment":[{"href":"https:\/\/majatohter.ee\/en\/wp-json\/wp\/v2\/media?parent=1797"}],"wp:term":[{"taxonomy":"product_brand","embeddable":true,"href":"https:\/\/majatohter.ee\/en\/wp-json\/wp\/v2\/product_brand?post=1797"},{"taxonomy":"product_cat","embeddable":true,"href":"https:\/\/majatohter.ee\/en\/wp-json\/wp\/v2\/product_cat?post=1797"},{"taxonomy":"product_tag","embeddable":true,"href":"https:\/\/majatohter.ee\/en\/wp-json\/wp\/v2\/product_tag?post=1797"}],"curies":[{"name":"wp","href":"https:\/\/api.w.org\/{rel}","templated":true}]}}