{"id":1826,"date":"2016-07-22T16:32:04","date_gmt":"2016-07-22T16:32:04","guid":{"rendered":"http:\/\/uus.majatohter.ee\/tooted\/tooriistad\/pintsel-umara-otsaga-must\/"},"modified":"2026-02-05T19:42:34","modified_gmt":"2026-02-05T17:42:34","slug":"pintsel-umara-otsaga-must","status":"publish","type":"product","link":"https:\/\/majatohter.ee\/en\/tooted\/tools\/paintbrushes\/pintsel-umara-otsaga-must\/","title":{"rendered":"Pintsel \u00fcmara otsaga, must"},"content":{"rendered":"<p>Naturaalne+s\u00fcnteetiline harjas, puidust k\u00e4epide.<br \/>\nToodetud Prantsusmaal.<\/p>\n","protected":false},"excerpt":{"rendered":"<p>Naturaalne+s\u00fcnteetiline harjas, puidust k\u00e4epide. Toodetud Prantsusmaal.<\/p>\n","protected":false},"featured_media":68633,"template":"","meta":{"_et_pb_use_builder":"","_et_pb_old_content":"","_et_gb_content_width":""},"product_brand":[],"product_cat":[88,86],"product_tag":[828,2357],"class_list":{"0":"post-1826","1":"product","2":"type-product","3":"status-publish","4":"has-post-thumbnail","6":"product_cat-pintslid","7":"product_cat-tooriistad","8":"product_tag-pintsel","9":"product_tag-umarpintsel","11":"first","12":"instock","13":"taxable","14":"shipping-taxable","15":"purchasable","16":"product-type-variable"},"_links":{"self":[{"href":"https:\/\/majatohter.ee\/en\/wp-json\/wp\/v2\/product\/1826","targetHints":{"allow":["GET"]}}],"collection":[{"href":"https:\/\/majatohter.ee\/en\/wp-json\/wp\/v2\/product"}],"about":[{"href":"https:\/\/majatohter.ee\/en\/wp-json\/wp\/v2\/types\/product"}],"wp:featuredmedia":[{"embeddable":true,"href":"https:\/\/majatohter.ee\/en\/wp-json\/wp\/v2\/media\/68633"}],"wp:attachment":[{"href":"https:\/\/majatohter.ee\/en\/wp-json\/wp\/v2\/media?parent=1826"}],"wp:term":[{"taxonomy":"product_brand","embeddable":true,"href":"https:\/\/majatohter.ee\/en\/wp-json\/wp\/v2\/product_brand?post=1826"},{"taxonomy":"product_cat","embeddable":true,"href":"https:\/\/majatohter.ee\/en\/wp-json\/wp\/v2\/product_cat?post=1826"},{"taxonomy":"product_tag","embeddable":true,"href":"https:\/\/majatohter.ee\/en\/wp-json\/wp\/v2\/product_tag?post=1826"}],"curies":[{"name":"wp","href":"https:\/\/api.w.org\/{rel}","templated":true}]}}