{"id":1845,"date":"2016-07-22T17:07:18","date_gmt":"2016-07-22T15:07:18","guid":{"rendered":"http:\/\/uus.majatohter.ee\/tooted\/tooriistad\/hari-tapeedi-silumiseks\/"},"modified":"2025-12-17T16:42:02","modified_gmt":"2025-12-17T14:42:02","slug":"hari-tapeedi-silumiseks","status":"publish","type":"product","link":"https:\/\/majatohter.ee\/en\/tooted\/tools\/brushes\/hari-tapeedi-silumiseks\/","title":{"rendered":"Hari, universaalne"},"content":{"rendered":"<p>Universaalne hari.<br \/>\n\u00d5huke j\u00e4ik segaharjas kolmes reas.<br \/>\nSobib h\u00e4sti tapeedi silumiseks v\u00f5i ka maalrit\u00f6\u00f6del effektide tegemiseks.<\/p>\n<p>&nbsp;<\/p>\n","protected":false},"excerpt":{"rendered":"<p>Universaalne hari. \u00d5huke j\u00e4ik segaharjas kolmes reas. Sobib h\u00e4sti tapeedi silumiseks v\u00f5i ka maalrit\u00f6\u00f6del effektide tegemiseks. &nbsp;<\/p>\n","protected":false},"featured_media":68705,"template":"","meta":{"_et_pb_use_builder":"","_et_pb_old_content":"","_et_gb_content_width":""},"product_brand":[],"product_cat":[93,88,86],"product_tag":[710],"class_list":{"0":"post-1845","1":"product","2":"type-product","3":"status-publish","4":"has-post-thumbnail","6":"product_cat-harjad","7":"product_cat-pintslid","8":"product_cat-tooriistad","9":"product_tag-hari","11":"first","12":"instock","13":"taxable","14":"shipping-taxable","15":"purchasable","16":"product-type-simple"},"_links":{"self":[{"href":"https:\/\/majatohter.ee\/en\/wp-json\/wp\/v2\/product\/1845","targetHints":{"allow":["GET"]}}],"collection":[{"href":"https:\/\/majatohter.ee\/en\/wp-json\/wp\/v2\/product"}],"about":[{"href":"https:\/\/majatohter.ee\/en\/wp-json\/wp\/v2\/types\/product"}],"wp:featuredmedia":[{"embeddable":true,"href":"https:\/\/majatohter.ee\/en\/wp-json\/wp\/v2\/media\/68705"}],"wp:attachment":[{"href":"https:\/\/majatohter.ee\/en\/wp-json\/wp\/v2\/media?parent=1845"}],"wp:term":[{"taxonomy":"product_brand","embeddable":true,"href":"https:\/\/majatohter.ee\/en\/wp-json\/wp\/v2\/product_brand?post=1845"},{"taxonomy":"product_cat","embeddable":true,"href":"https:\/\/majatohter.ee\/en\/wp-json\/wp\/v2\/product_cat?post=1845"},{"taxonomy":"product_tag","embeddable":true,"href":"https:\/\/majatohter.ee\/en\/wp-json\/wp\/v2\/product_tag?post=1845"}],"curies":[{"name":"wp","href":"https:\/\/api.w.org\/{rel}","templated":true}]}}