{"id":1874,"date":"2016-07-23T14:07:45","date_gmt":"2016-07-23T12:07:45","guid":{"rendered":"http:\/\/uus.majatohter.ee\/tooted\/soojustusmaterjalid\/steico-internal-puitkiud-sisesoojustus\/"},"modified":"2026-04-13T22:42:01","modified_gmt":"2026-04-13T20:42:01","slug":"steico-internal","status":"publish","type":"product","link":"https:\/\/majatohter.ee\/en\/tooted\/general-construction\/wood-fibre-boards\/steico-internal\/","title":{"rendered":"Steico Internal puitkiud sisesoojustus"},"content":{"rendered":"<p>\u00d6koloogiline sisesoojustus naturaalsest okaspuidust. Ideaalselt sobib m\u00fc\u00fcritiste ja ka vahverk t\u00fc\u00fcpi seinte renoveerimiseks. Suurep\u00e4rane niiskusregulatsioon &#8211; k\u00f5rge ehitusf\u00fc\u00fcsikaline turvalisus<br \/>\nPaigaldus ilma aurut\u00f5kketa, krohvitav. V\u00e4ga hea difuususega, mis on oluline tervislikule sisekliimale<\/p>\n<p>Sisemiseks soojusisolatsiooniks on palju h\u00e4id p\u00f5hjuseid: Kui fassaade ei ole v\u00f5imalik muuta, kui tuleb kinni pidada pikivahedest, kui soovitakse mitmepereel amus soojusisoleerida \u00fcksikuid kortereid v\u00f5i kui soovitakse parandada juba olemas olevat fassaadiisolatsiooni. Seejuures pakub sisesoojustus eeliseid v\u00e4he kasutatud hoonete v\u00f5i ruumide korral, nagu n\u00e4iteks suvilad, k\u00fclalistetoad &#8211; sisemise isolatsiooni<br \/>\nt\u00f5ttu soenevad ruumid kiiremini, eelnevalt ei ole enam vaja enam \u201cseina k\u00fctta\u201d. Lisaks on siseisolatsiooni paigaldamine tihtipeale lihtsam. Siset\u00f6\u00f6del ei ole vaja kasutada kalleid tellinguid ning t\u00f6id on v\u00f5imalik teostada s\u00f5ltumata ilmastikuoludest.<\/p>\n<p>STEICOinternal, universaalselt kasutatav siseisolatsiooniplaat s\u00e4\u00e4stab energiat ning parandab ruumi kliimat. Mugavad puitkiud isolatsiooniplaadid on auru l\u00e4bilaskvad ning v\u00f5imaldavad kapillaarset niiskuse transporti. Frauenhoferi Ehitusf\u00fc\u00fcsika Instituudi uuringud kinnitavad, et puitkiust isolatsiooniplaatidel on k\u00f5igi teiste uuritud sisekattematerjalidega v\u00f5rreldes k\u00f5ige k\u00f5rgem niiskuspuhver. Seel\u00e4bi kaitseb<br \/>\nSTEICO Internal ka aktiivselt hallituse eest eluruumides &#8211; niiskuse puhverdamine ja aktiivne niiskuse transport loovad keskkonna, mis p\u00e4rsib hallitusseente levikut.<\/p>\n<p>Seespoolne soojustamine STEICO Internal soojusisolatsiooniplaatidega suurendab ruumi sisest seinatemperatuuri &#8211; see on veel \u00fcks oluline kaitsemoment hallitusseente tekke takistamiseks. Lisaks tunneme ennast soojade seintega ruumide tunduvalt mugavamalt. Ja kuna tuntav temperatuur t\u00f5useb, v\u00f5ib tegelikku ruumi temperatuuri tihtipeale ka veidike langetada.<\/p>\n<h3>TEHNILISED ANDMED<\/h3>\n<p>Vastab normile EN 1371.<br \/>\nSoojusjuhtivus \u03bbD [ W \/ ( m * K )] &#8211; 0,038<br \/>\nTulep\u00fcsivusklass DIN EN 13501-1 &#8211; E<br \/>\nSoojusl\u00e4bivus RD [( m2 * K ) \/ W] &#8211; 1,0 \/1,5\/2,0<br \/>\nSoojusjuhtivuse m\u00f5\u00f5tev\u00e4\u00e4rtus \u03bb [W \/ ( m * K )] &#8211; 0,040<br \/>\nTihedus [kg \/ m3] &#8211; ca 160<br \/>\nVeeauru difusioonitakistus tegur \u03bc &#8211; 5<br \/>\nsd-v\u00e4\u00e4rtus [m] &#8211; 0,2 \/ 0,3\/0,4<br \/>\nErisoojusmahtuvus c [J \/ (kg * K)] &#8211; 2100<br \/>\nTooraine &#8211; puitkiud, kleebitud kihtidena<br \/>\nPlaadi m\u00f5\u00f5dud: 1200 x 380 mm.<br \/>\nPaksus: 40 mm, 60 mm.<\/p>\n<p><a href=\"https:\/\/majatohter.ee\/wp-content\/uploads\/STEICO-internal.pdf\">TOOTELEHT<\/a><\/p>\n","protected":false},"excerpt":{"rendered":"<p>Saadaval ettetellimisel.<\/p>\n<p>K\u00fcsi hinnapakkumist!<\/p>\n","protected":false},"featured_media":1875,"template":"","meta":{"_et_pb_use_builder":"","_et_pb_old_content":"","_et_gb_content_width":""},"product_brand":[],"product_cat":[69,3244,79,67],"product_tag":[440,439,815,203,442],"class_list":{"0":"post-1874","1":"product","2":"type-product","3":"status-publish","4":"has-post-thumbnail","6":"product_cat-puitkiudplaadid","7":"product_cat-puitvill","8":"product_cat-soojustusmaterjalid","9":"product_cat-ehitus","10":"product_tag-puitsoojustus","11":"product_tag-puitvill","12":"product_tag-soojustus","13":"product_tag-steico","14":"product_tag-steico-internal","16":"first","17":"onbackorder","18":"taxable","19":"shipping-taxable","20":"purchasable","21":"product-type-variable"},"_links":{"self":[{"href":"https:\/\/majatohter.ee\/en\/wp-json\/wp\/v2\/product\/1874","targetHints":{"allow":["GET"]}}],"collection":[{"href":"https:\/\/majatohter.ee\/en\/wp-json\/wp\/v2\/product"}],"about":[{"href":"https:\/\/majatohter.ee\/en\/wp-json\/wp\/v2\/types\/product"}],"wp:featuredmedia":[{"embeddable":true,"href":"https:\/\/majatohter.ee\/en\/wp-json\/wp\/v2\/media\/1875"}],"wp:attachment":[{"href":"https:\/\/majatohter.ee\/en\/wp-json\/wp\/v2\/media?parent=1874"}],"wp:term":[{"taxonomy":"product_brand","embeddable":true,"href":"https:\/\/majatohter.ee\/en\/wp-json\/wp\/v2\/product_brand?post=1874"},{"taxonomy":"product_cat","embeddable":true,"href":"https:\/\/majatohter.ee\/en\/wp-json\/wp\/v2\/product_cat?post=1874"},{"taxonomy":"product_tag","embeddable":true,"href":"https:\/\/majatohter.ee\/en\/wp-json\/wp\/v2\/product_tag?post=1874"}],"curies":[{"name":"wp","href":"https:\/\/api.w.org\/{rel}","templated":true}]}}