{"id":1889,"date":"2016-07-23T15:43:48","date_gmt":"2016-07-23T13:43:48","guid":{"rendered":"http:\/\/uus.majatohter.ee\/?post_type=product&#038;p=1889"},"modified":"2026-02-28T01:43:03","modified_gmt":"2026-02-27T23:43:03","slug":"fermacell-peenpahtel","status":"publish","type":"product","link":"https:\/\/majatohter.ee\/en\/tooted\/general-construction\/fermacell-en-2\/fermacell-peenpahtel\/","title":{"rendered":"Fermacell peenpahtel"},"content":{"rendered":"<p>FERMACELLi peenpahtel on universaalne kasutusvalmis pastataoline dispersioonpahtelmass siseruumides seina- ja laepindade lauspahteldamiseks. Toode sobib ideaalselt, kui pinna kvaliteedile esitatakse rangeid n\u00f5udmisi (kvaliteediklassid Q3 ja Q4).<\/p>\n<p><span style=\"text-decoration: underline;\">Kasutusala:<\/span> siseruumide seinad ja laed<br \/>\n<span style=\"text-decoration: underline;\">Paigaldustemperatuur:<\/span> v\u00e4hemalt +5 oC<br \/>\n<span style=\"text-decoration: underline;\">Aluspind:<\/span> kuiv ja tolmuvaba<br \/>\n<span style=\"text-decoration: underline;\">T\u00f6\u00f6riist:<\/span> pahtlilabidas laiusega 250 v\u00f5i 450 mm.<br \/>\nJ\u00e4relt\u00f6\u00f6tlus lihvimise teel on v\u00f5imalik. Enne edasit\u00f6\u00f6tlemist puhastage pind tolmust.<br \/>\n<span style=\"text-decoration: underline;\">Kulu:<\/span> liimivuugi v\u00f5i pahteldatud vuugi puhul: u 100 g\/m2, v\u00e4ga sileda pinna t\u00e4ispahteldus: u 200 g\/m2<br \/>\n<span style=\"text-decoration: underline;\">Kihi paksus:<\/span> \u2264 0,5 mm<br \/>\n<span style=\"text-decoration: underline;\">V\u00e4rvus:<\/span> valge<br \/>\n<span style=\"text-decoration: underline;\">Kuivamisaeg:<\/span> 1\u22123 tundi enne \u00fclelihvimist<br \/>\n<span style=\"text-decoration: underline;\">Tihedus:<\/span> 1,2 kg\/l<br \/>\n<span style=\"text-decoration: underline;\">Tuletundlikkus:<\/span> puudub<br \/>\n<span style=\"text-decoration: underline;\">S\u00e4ilitamine:<\/span> jahedas, k\u00fclmumiseta ruumis. Avatud pakendid tuleb tihedalt sulgeda.<br \/>\n<span style=\"text-decoration: underline;\">S\u00e4ilivusaeg:<\/span> \u00fcks aasta<\/p>\n<p>NB! \u00c4rge kasutage materjali vuugipahtlina!<\/p>\n<p><a href=\"https:\/\/majatohter.ee\/wp-content\/uploads\/Tehniline-tooteleht-fermacell-peenpahtel.pdf\" target=\"_blank\" rel=\"noopener noreferrer\">TOOTELEHT<\/a><\/p>\n","protected":false},"excerpt":{"rendered":"<p>FERMACELLi peenpahtel on universaalne kasutusvalmis pastataoline dispersioonpahtelmass siseruumides seina- ja laepindade lauspahteldamiseks. Toode sobib ideaalselt, kui pinna kvaliteedile esitatakse rangeid n\u00f5udmisi (kvaliteediklassid Q3 ja Q4). Kasutusala: siseruumide seinad ja laed Paigaldustemperatuur: v\u00e4hemalt +5 oC Aluspind: kuiv ja tolmuvaba T\u00f6\u00f6riist: pahtlilabidas laiusega 250 v\u00f5i 450 mm. J\u00e4relt\u00f6\u00f6tlus lihvimise teel on v\u00f5imalik. Enne edasit\u00f6\u00f6tlemist puhastage pind tolmust. [&hellip;]<\/p>\n","protected":false},"featured_media":1890,"template":"","meta":{"_et_pb_use_builder":"","_et_pb_old_content":"","_et_gb_content_width":""},"product_brand":[],"product_cat":[68,67],"product_tag":[193,1389,446],"class_list":{"0":"post-1889","1":"product","2":"type-product","3":"status-publish","4":"has-post-thumbnail","6":"product_cat-fermacell","7":"product_cat-ehitus","8":"product_tag-fermacell","9":"product_tag-kipsipahtel","10":"product_tag-peenpahtel","12":"first","13":"instock","14":"taxable","15":"shipping-taxable","16":"purchasable","17":"product-type-variable","18":"has-default-attributes"},"_links":{"self":[{"href":"https:\/\/majatohter.ee\/en\/wp-json\/wp\/v2\/product\/1889","targetHints":{"allow":["GET"]}}],"collection":[{"href":"https:\/\/majatohter.ee\/en\/wp-json\/wp\/v2\/product"}],"about":[{"href":"https:\/\/majatohter.ee\/en\/wp-json\/wp\/v2\/types\/product"}],"wp:featuredmedia":[{"embeddable":true,"href":"https:\/\/majatohter.ee\/en\/wp-json\/wp\/v2\/media\/1890"}],"wp:attachment":[{"href":"https:\/\/majatohter.ee\/en\/wp-json\/wp\/v2\/media?parent=1889"}],"wp:term":[{"taxonomy":"product_brand","embeddable":true,"href":"https:\/\/majatohter.ee\/en\/wp-json\/wp\/v2\/product_brand?post=1889"},{"taxonomy":"product_cat","embeddable":true,"href":"https:\/\/majatohter.ee\/en\/wp-json\/wp\/v2\/product_cat?post=1889"},{"taxonomy":"product_tag","embeddable":true,"href":"https:\/\/majatohter.ee\/en\/wp-json\/wp\/v2\/product_tag?post=1889"}],"curies":[{"name":"wp","href":"https:\/\/api.w.org\/{rel}","templated":true}]}}