{"id":1893,"date":"2016-07-23T15:43:59","date_gmt":"2016-07-23T13:43:59","guid":{"rendered":"http:\/\/uus.majatohter.ee\/tooted\/ehitus\/fermacelli-vuugipahtel\/"},"modified":"2026-04-01T01:42:38","modified_gmt":"2026-03-31T23:42:38","slug":"fermacelli-vuugipahtel","status":"publish","type":"product","link":"https:\/\/majatohter.ee\/en\/tooted\/general-construction\/fermacell-en-2\/fermacelli-vuugipahtel\/","title":{"rendered":"Fermacell vuugipahtel"},"content":{"rendered":"<p>Vuugipahtel Fermacell kipskiudplaatidele.<\/p>\n<p><span style=\"text-decoration: underline;\">Paigaldamine:<\/span>\u00a0Puhtad n\u00f5ud, puhas t\u00f6\u00f6riist, puhas vesi.\u00a0V\u00f5tke umbes 1 kg FERMACELLi vuugipahtlit 0,6 liitri vee kohta. Segage FERMACELLi vuugipahtel vette. Peale segamist j\u00e4tke segu 2\u22125 minutiks seisma, seej\u00e4rel segage\u00a0veel kord klimpideta massiks. FERMACELLi vuugipahtli \u00f5ige konsistentsi saavutamiseks\u00a0v\u00f5ib lisada segule vajadusel pahtlipulbrit. Valmissegatud FERMACELLi vuugipahtel ei tohi\u00a0vertikaalselt hoitava pahtlilabida pealt maha libiseda.\u00a0FERMACELLi vuugipahtel on paigaldatav umbes 35 minuti jooksul.<\/p>\n<p>\u00dchest kotist FERMACELLi vuugipahtli (5 kg) kulu:<br \/>\n&#8211; 25 m<sup>2<\/sup> vuukide(5-7mm) pahteldamiseks<br \/>\n&#8211; 25 m<sup>2<\/sup> kipsplaadiservadega pinna jaoks<br \/>\n&#8211; 50 m<sup>2<\/sup> liimitud vuukidega pinna jaoks<br \/>\n&#8211; 50 m<sup>2<\/sup> p\u00f5randatasanduskihi jaoks<\/p>\n<p>T\u00e4islaiuses ja -s\u00fcgavuses tehtava pahtelduse jaoks kasutage FERMACELLi vuugipahtlit.<br \/>\nSobiv t\u00f6\u00f6riist on pahtlilabidas v\u00f5i siluti. \u00dchendustarvikute vead ja v\u00f5imalikud kahjustatud kohad tuleb t\u00e4ita pahtliga. P\u00e4rast esimese pahtelduskihi kivistumist tehke FERMACELLi\u00a0peenpahtliga peenpahteldus.<br \/>\nNB! J\u00e4rgige paigaldusjuhiseid.<\/p>\n<p>T\u00e4helepanu! Mootoriga seguri kasutamine v\u00f5ib m\u00f5jutada tahkumisaega. Kuivanud\u00a0kipsij\u00e4\u00e4gid l\u00fchendavad tahkumisaega oluliselt. Tagantj\u00e4rele ei tohi vett lisada, sest siis FERMACELLi vuugipahtli tugevus v\u00e4heneb. P\u00e4rast kivistumise algust l\u00f5petage vuugipahtli\u00a0paigaldamine. Maks. s\u00e4ilivusaeg: 12 kuud p\u00e4rast tootmist! Tootmiskuup\u00e4ev on tr\u00fckitud pakendile.<br \/>\nS\u00e4ilitada kuivas.<\/p>\n","protected":false},"excerpt":{"rendered":"<p>Vuugipahtel Fermacell kipskiudplaatidele. Paigaldamine:\u00a0Puhtad n\u00f5ud, puhas t\u00f6\u00f6riist, puhas vesi.\u00a0V\u00f5tke umbes 1 kg FERMACELLi vuugipahtlit 0,6 liitri vee kohta. Segage FERMACELLi vuugipahtel vette. Peale segamist j\u00e4tke segu 2\u22125 minutiks seisma, seej\u00e4rel segage\u00a0veel kord klimpideta massiks. FERMACELLi vuugipahtli \u00f5ige konsistentsi saavutamiseks\u00a0v\u00f5ib lisada segule vajadusel pahtlipulbrit. Valmissegatud FERMACELLi vuugipahtel ei tohi\u00a0vertikaalselt hoitava pahtlilabida pealt maha libiseda.\u00a0FERMACELLi vuugipahtel on [&hellip;]<\/p>\n","protected":false},"featured_media":1896,"template":"","meta":{"_et_pb_use_builder":"","_et_pb_old_content":"","_et_gb_content_width":""},"product_brand":[],"product_cat":[68,67],"product_tag":[193,980],"class_list":{"0":"post-1893","1":"product","2":"type-product","3":"status-publish","4":"has-post-thumbnail","6":"product_cat-fermacell","7":"product_cat-ehitus","8":"product_tag-fermacell","9":"product_tag-vuugipahtel","11":"first","12":"onbackorder","13":"taxable","14":"shipping-taxable","15":"purchasable","16":"product-type-variable","17":"has-default-attributes"},"_links":{"self":[{"href":"https:\/\/majatohter.ee\/en\/wp-json\/wp\/v2\/product\/1893","targetHints":{"allow":["GET"]}}],"collection":[{"href":"https:\/\/majatohter.ee\/en\/wp-json\/wp\/v2\/product"}],"about":[{"href":"https:\/\/majatohter.ee\/en\/wp-json\/wp\/v2\/types\/product"}],"wp:featuredmedia":[{"embeddable":true,"href":"https:\/\/majatohter.ee\/en\/wp-json\/wp\/v2\/media\/1896"}],"wp:attachment":[{"href":"https:\/\/majatohter.ee\/en\/wp-json\/wp\/v2\/media?parent=1893"}],"wp:term":[{"taxonomy":"product_brand","embeddable":true,"href":"https:\/\/majatohter.ee\/en\/wp-json\/wp\/v2\/product_brand?post=1893"},{"taxonomy":"product_cat","embeddable":true,"href":"https:\/\/majatohter.ee\/en\/wp-json\/wp\/v2\/product_cat?post=1893"},{"taxonomy":"product_tag","embeddable":true,"href":"https:\/\/majatohter.ee\/en\/wp-json\/wp\/v2\/product_tag?post=1893"}],"curies":[{"name":"wp","href":"https:\/\/api.w.org\/{rel}","templated":true}]}}