{"id":1982,"date":"2016-07-24T12:23:18","date_gmt":"2016-07-24T10:23:18","guid":{"rendered":"http:\/\/uus.majatohter.ee\/?post_type=product&#038;p=1982"},"modified":"2026-04-17T18:42:01","modified_gmt":"2026-04-17T16:42:01","slug":"lubjapasta","status":"publish","type":"product","link":"https:\/\/majatohter.ee\/en\/tooted\/paints\/lime-paint\/lubjapasta\/","title":{"rendered":"Lubjapasta"},"content":{"rendered":"<p>Traditsioonilisel viisil puhtast lubjakivist p\u00f5letatud ja kustutatud lubjapasta lubiv\u00e4rvide valmistamiseks.<\/p>\n<p><strong>KASUTAMINE:<br \/>\n<\/strong>kultuur-ajalooliste- ja haldushoonete ning elamute v\u00e4rvimiseks, p\u00f5llumajandushoonete valgendamiseks-desinfitseerimiseks, viljapuude ja korstnajalgade valgendamiseks.<\/p>\n<p>Eelt\u00f6\u00f6tluse k\u00e4igus tuleb v\u00e4rvitav pind puhastada, vana lubjav\u00e4rvi kiht eemaldada terasharjaga v\u00f5i k\u00f5rgsurvepesu abil. Krohvimine tuleb v\u00e4rvitavatel pindadel teha lubikrohviga, tsementkrohv ei tohi kasutada.<\/p>\n<p><strong>KASUTAMISJUHEND:<\/strong><\/p>\n<p><em>LUBIV\u00c4RVI VALMISTAMISEKS<\/em> tuleb esimesel n\u00f6 krundikihil segada v\u00e4rvilahus vahekorras 1:4 (umbes 1 osa lubjapastat \u201cSaaremaa Lubi\u201d ja ca 4 osa tavalist vett v\u00f5i lubjavett ehk 5 kg purk lubjapastat segada 20 l lubjaveega; 25 kg purk lahustada 100 l lubjavees), ning saadud segu segada ja lasta seista v\u00e4hemalt 1-2 tundi (tavalise vee kasutamisel v\u00e4hemalt 10-12 tundi), seej\u00e4rel eemaldada tekkinud kirme ja segada hoolikalt. J\u00e4rgnevate kihtide lubiv\u00e4rvi valmistamiseks tuleb samal meetodil valmistada v\u00e4rvilahus vahekorras 1:3 ja viimasel kihil vahekorras 1:2.<\/p>\n<p><em>LUBJAVEE VALMISTAMISEKS<\/em> tuleb v\u00f5tta lubjapastat ja vett vahekorras 1:10 (1 kg pastat 10 L vee kohta), valada anumasse ja segada hoolikalt ning j\u00e4tta v\u00e4hemalt 12 tunniks seisma. Seej\u00e4rel eemaldada kirme ja l\u00e4bipaistev lubjavesi kallata ettevaatlikult puhtasse n\u00f5usse, j\u00e4ttes sademe (lubjapasta) anuma p\u00f5hja ja kasutades selle \u00e4ra uue koguse lubjavee tegemiseks, kuni kogu sade on lahustunud. Lubjavett kasutatakse erinevate lubisegude valmistamiseks, samuti v\u00e4rvitava pinna niisutamiseks enne v\u00e4rvimist ja v\u00e4rvimise vahepeal.<\/p>\n<p>LUBJAV\u00c4RVI TOONIMISEKS kasutada looduslikke pigmente, lisades pigmenti maksimaalselt 5% v\u00e4rvi mahust, arvestades asjaoluga, et kuivades muutub v\u00e4rvitoon heledamaks.<\/p>\n<p>Pinna niisutamine kas lubjaveega v\u00f5i tavalise veega toimub harja v\u00f5i pihusti abil. Esimene niisutamine tuleb teha enne v\u00e4rvimise alustamist-aluspind peab olema niiske ja j\u00f5udma endasse vett imada. Vahepealne niisutamine peab toimuma 2-3 tundi peale v\u00e4rvimist ja vahetult enne j\u00e4rgmise v\u00e4rvikihi v\u00e4rvimist pinnaosade kaupa. Niisutamisel j\u00e4rgida, et pind niiskuks k\u00fcll t\u00e4iesti, kuid v\u00e4ltides vee valgumist pinnal. L\u00f5ppniisutamine (soovitavalt lubjaveega) toimub 1-2 \u00f6\u00f6p\u00e4eva m\u00f6\u00f6dumisel viimasest v\u00e4rvimisest.<\/p>\n<p>V\u00e4rvimisel tuleb lubiv\u00e4rvi pinnalt eemaldada kirme s\u00f5elumise teel ja v\u00e4rvi v\u00e4ga hoolikalt segada. V\u00e4rvi pealekandmisel j\u00e4lgida, et v\u00e4rvikiht oleks v\u00f5imalikult \u00f5huke.V\u00e4rvikordade arv s\u00f5ltub tooni tumedusest ja kattev\u00f5imest (\u00fcldiselt 3-5 korda). Esimesed v\u00e4rvikihid teha lahjema ja j\u00e4rgmised lubjarikkama seguga. Kahe v\u00e4rvimiskorra vahe peab olema v\u00e4hemalt \u00f6\u00f6p\u00e4ev.<br \/>\nT\u00e4psem kasutusjuhend toote <a class=\"fancybox\" title=\"T\u00e4psem kasutusjuhend toote etiketil\" href=\"http:\/\/www.limex.ee\/wp-content\/uploads\/2011\/03\/lubjapasta_b_etikett.jpg\" rel=\"gallery-0\">etiketil<\/a>.<\/p>\n","protected":false},"excerpt":{"rendered":"<p>Traditsioonilisel viisil puhtast lubjakivist p\u00f5letatud ja kustutatud lubjapasta lubiv\u00e4rvide valmistamiseks. KASUTAMINE: kultuur-ajalooliste- ja haldushoonete ning elamute v\u00e4rvimiseks, p\u00f5llumajandushoonete valgendamiseks-desinfitseerimiseks, viljapuude ja korstnajalgade valgendamiseks. Eelt\u00f6\u00f6tluse k\u00e4igus tuleb v\u00e4rvitav pind puhastada, vana lubjav\u00e4rvi kiht eemaldada terasharjaga v\u00f5i k\u00f5rgsurvepesu abil. Krohvimine tuleb v\u00e4rvitavatel pindadel teha lubikrohviga, tsementkrohv ei tohi kasutada. KASUTAMISJUHEND: LUBIV\u00c4RVI VALMISTAMISEKS tuleb esimesel n\u00f6 krundikihil segada [&hellip;]<\/p>\n","protected":false},"featured_media":67816,"template":"","meta":{"_et_pb_use_builder":"","_et_pb_old_content":"","_et_gb_content_width":""},"product_brand":[],"product_cat":[43,22],"product_tag":[476,695,477,2670],"class_list":{"0":"post-1982","1":"product","2":"type-product","3":"status-publish","4":"has-post-thumbnail","6":"product_cat-lubivarv","7":"product_cat-varvid","8":"product_tag-lubi","9":"product_tag-lubivarv","10":"product_tag-lubjapasta","11":"product_tag-lupjamine","13":"first","14":"instock","15":"taxable","16":"shipping-taxable","17":"purchasable","18":"product-type-variable"},"_links":{"self":[{"href":"https:\/\/majatohter.ee\/en\/wp-json\/wp\/v2\/product\/1982","targetHints":{"allow":["GET"]}}],"collection":[{"href":"https:\/\/majatohter.ee\/en\/wp-json\/wp\/v2\/product"}],"about":[{"href":"https:\/\/majatohter.ee\/en\/wp-json\/wp\/v2\/types\/product"}],"wp:featuredmedia":[{"embeddable":true,"href":"https:\/\/majatohter.ee\/en\/wp-json\/wp\/v2\/media\/67816"}],"wp:attachment":[{"href":"https:\/\/majatohter.ee\/en\/wp-json\/wp\/v2\/media?parent=1982"}],"wp:term":[{"taxonomy":"product_brand","embeddable":true,"href":"https:\/\/majatohter.ee\/en\/wp-json\/wp\/v2\/product_brand?post=1982"},{"taxonomy":"product_cat","embeddable":true,"href":"https:\/\/majatohter.ee\/en\/wp-json\/wp\/v2\/product_cat?post=1982"},{"taxonomy":"product_tag","embeddable":true,"href":"https:\/\/majatohter.ee\/en\/wp-json\/wp\/v2\/product_tag?post=1982"}],"curies":[{"name":"wp","href":"https:\/\/api.w.org\/{rel}","templated":true}]}}