{"id":1997,"date":"2016-07-24T10:32:06","date_gmt":"2016-07-24T10:32:06","guid":{"rendered":"http:\/\/uus.majatohter.ee\/tooted\/paints\/into-sisekruntvarv\/"},"modified":"2026-01-28T15:42:28","modified_gmt":"2026-01-28T13:42:28","slug":"into-sisekruntvarv","status":"publish","type":"product","link":"https:\/\/majatohter.ee\/en\/tooted\/paints\/primers\/into-sisekruntvarv\/","title":{"rendered":"Uula sisekruntv\u00e4rv"},"content":{"rendered":"<p>L\u00f5hnatu, kiirelt kuivav ja hingav vesialusel kruntv\u00e4rv siseruumides kasutamiseks. Sideaineks on taastuvad looduslikud \u00f5lid, ei sisalda plastsideaineid. H\u00f5lpsasti kasutatav, lihvitav kruntv\u00e4rv.<\/p>\n<p><a href=\"http:\/\/majatohter.ee\/wp-content\/uploads\/2016\/07\/UULA_INTO_Sisekrunt.pdf\">Sisekruntv\u00e4rvi kasutusjuhend<\/a><\/p>\n","protected":false},"excerpt":{"rendered":"<p>L\u00f5hnatu, kiirelt kuivav ja hingav vesialusel kruntv\u00e4rv siseruumides kasutamiseks. Sideaineks on taastuvad looduslikud \u00f5lid, ei sisalda plastsideaineid. H\u00f5lpsasti kasutatav, lihvitav kruntv\u00e4rv. Sisekruntv\u00e4rvi kasutusjuhend<\/p>\n","protected":false},"featured_media":161678,"template":"","meta":{"_et_pb_use_builder":"","_et_pb_old_content":"","_et_gb_content_width":""},"product_brand":[],"product_cat":[46,22],"product_tag":[481,599,480,183],"class_list":{"0":"post-1997","1":"product","2":"type-product","3":"status-publish","4":"has-post-thumbnail","6":"product_cat-kruntvarv","7":"product_cat-varvid","8":"product_tag-into","9":"product_tag-seinavarv","10":"product_tag-sisekrunt","11":"product_tag-uula","13":"first","14":"instock","15":"taxable","16":"shipping-taxable","17":"purchasable","18":"product-type-variable"},"_links":{"self":[{"href":"https:\/\/majatohter.ee\/en\/wp-json\/wp\/v2\/product\/1997","targetHints":{"allow":["GET"]}}],"collection":[{"href":"https:\/\/majatohter.ee\/en\/wp-json\/wp\/v2\/product"}],"about":[{"href":"https:\/\/majatohter.ee\/en\/wp-json\/wp\/v2\/types\/product"}],"wp:featuredmedia":[{"embeddable":true,"href":"https:\/\/majatohter.ee\/en\/wp-json\/wp\/v2\/media\/161678"}],"wp:attachment":[{"href":"https:\/\/majatohter.ee\/en\/wp-json\/wp\/v2\/media?parent=1997"}],"wp:term":[{"taxonomy":"product_brand","embeddable":true,"href":"https:\/\/majatohter.ee\/en\/wp-json\/wp\/v2\/product_brand?post=1997"},{"taxonomy":"product_cat","embeddable":true,"href":"https:\/\/majatohter.ee\/en\/wp-json\/wp\/v2\/product_cat?post=1997"},{"taxonomy":"product_tag","embeddable":true,"href":"https:\/\/majatohter.ee\/en\/wp-json\/wp\/v2\/product_tag?post=1997"}],"curies":[{"name":"wp","href":"https:\/\/api.w.org\/{rel}","templated":true}]}}