{"id":2061,"date":"2016-07-26T11:35:51","date_gmt":"2016-07-26T09:35:51","guid":{"rendered":"http:\/\/uus.majatohter.ee\/tooted\/ehitus\/spoon-mand-radiaalne\/"},"modified":"2025-12-16T18:42:50","modified_gmt":"2025-12-16T16:42:50","slug":"spoon-mand","status":"publish","type":"product","link":"https:\/\/majatohter.ee\/en\/tooted\/furniture-restoration\/veneer\/spoon-mand\/","title":{"rendered":"Spoon, m\u00e4nd"},"content":{"rendered":"<p>M\u00e4nnispoon, eri paksused.<br \/>\nT\u00fckid on erinevas suuruses, lisainfo saamiseks v\u00f5ta \u00fchendust.<\/p>\n","protected":false},"excerpt":{"rendered":"<p>Hind kehtib ruutmeetri kohta<\/p>\n<p>&nbsp;<\/p>\n","protected":false},"featured_media":2063,"template":"","meta":{"_et_pb_use_builder":"","_et_pb_old_content":"","_et_gb_content_width":""},"product_brand":[],"product_cat":[75,67],"product_tag":[492,491],"class_list":{"0":"post-2061","1":"product","2":"type-product","3":"status-publish","4":"has-post-thumbnail","6":"product_cat-spoon","7":"product_cat-ehitus","8":"product_tag-mand","9":"product_tag-spoon","11":"first","12":"instock","13":"taxable","14":"shipping-taxable","15":"purchasable","16":"product-type-variable"},"_links":{"self":[{"href":"https:\/\/majatohter.ee\/en\/wp-json\/wp\/v2\/product\/2061","targetHints":{"allow":["GET"]}}],"collection":[{"href":"https:\/\/majatohter.ee\/en\/wp-json\/wp\/v2\/product"}],"about":[{"href":"https:\/\/majatohter.ee\/en\/wp-json\/wp\/v2\/types\/product"}],"wp:featuredmedia":[{"embeddable":true,"href":"https:\/\/majatohter.ee\/en\/wp-json\/wp\/v2\/media\/2063"}],"wp:attachment":[{"href":"https:\/\/majatohter.ee\/en\/wp-json\/wp\/v2\/media?parent=2061"}],"wp:term":[{"taxonomy":"product_brand","embeddable":true,"href":"https:\/\/majatohter.ee\/en\/wp-json\/wp\/v2\/product_brand?post=2061"},{"taxonomy":"product_cat","embeddable":true,"href":"https:\/\/majatohter.ee\/en\/wp-json\/wp\/v2\/product_cat?post=2061"},{"taxonomy":"product_tag","embeddable":true,"href":"https:\/\/majatohter.ee\/en\/wp-json\/wp\/v2\/product_tag?post=2061"}],"curies":[{"name":"wp","href":"https:\/\/api.w.org\/{rel}","templated":true}]}}