{"id":2067,"date":"2016-07-26T11:40:24","date_gmt":"2016-07-26T11:40:24","guid":{"rendered":"http:\/\/uus.majatohter.ee\/tooted\/ehitus\/spoon-euroopa-tamm\/"},"modified":"2026-04-16T15:45:49","modified_gmt":"2026-04-16T13:45:49","slug":"spoon-tamm","status":"publish","type":"product","link":"https:\/\/majatohter.ee\/en\/tooted\/furniture-restoration\/veneer\/spoon-tamm\/","title":{"rendered":"Spoon, tamm"},"content":{"rendered":"<p>Tamme spoon, eri paksused.<br \/>\nErinevas m\u00f5\u00f5dus lehed. M\u00fc\u00fcgil erinevas suuruses pakkidena. Tule vaatama!<\/p>\n<p>Hinnad s\u00f5ltuvalt paksusest ja pikkusest.<\/p>\n","protected":false},"excerpt":{"rendered":"<p>Hind kehtib ruutmeetri kohta<\/p>\n","protected":false},"featured_media":2071,"template":"","meta":{"_et_pb_use_builder":"","_et_pb_old_content":"","_et_gb_content_width":""},"product_brand":[],"product_cat":[75,67],"product_tag":[491,495],"class_list":{"0":"post-2067","1":"product","2":"type-product","3":"status-publish","4":"has-post-thumbnail","6":"product_cat-spoon","7":"product_cat-ehitus","8":"product_tag-spoon","9":"product_tag-tamm","11":"first","12":"instock","13":"taxable","14":"shipping-taxable","15":"purchasable","16":"product-type-variable"},"_links":{"self":[{"href":"https:\/\/majatohter.ee\/en\/wp-json\/wp\/v2\/product\/2067","targetHints":{"allow":["GET"]}}],"collection":[{"href":"https:\/\/majatohter.ee\/en\/wp-json\/wp\/v2\/product"}],"about":[{"href":"https:\/\/majatohter.ee\/en\/wp-json\/wp\/v2\/types\/product"}],"wp:featuredmedia":[{"embeddable":true,"href":"https:\/\/majatohter.ee\/en\/wp-json\/wp\/v2\/media\/2071"}],"wp:attachment":[{"href":"https:\/\/majatohter.ee\/en\/wp-json\/wp\/v2\/media?parent=2067"}],"wp:term":[{"taxonomy":"product_brand","embeddable":true,"href":"https:\/\/majatohter.ee\/en\/wp-json\/wp\/v2\/product_brand?post=2067"},{"taxonomy":"product_cat","embeddable":true,"href":"https:\/\/majatohter.ee\/en\/wp-json\/wp\/v2\/product_cat?post=2067"},{"taxonomy":"product_tag","embeddable":true,"href":"https:\/\/majatohter.ee\/en\/wp-json\/wp\/v2\/product_tag?post=2067"}],"curies":[{"name":"wp","href":"https:\/\/api.w.org\/{rel}","templated":true}]}}