{"id":2121,"date":"2016-07-26T15:20:58","date_gmt":"2016-07-26T13:20:58","guid":{"rendered":"http:\/\/uus.majatohter.ee\/tooted\/furnituur\/vanadfurnituurid\/ukselingid\/"},"modified":"2018-12-13T13:49:52","modified_gmt":"2018-12-13T11:49:52","slug":"ukselingid","status":"publish","type":"product","link":"https:\/\/majatohter.ee\/en\/tooted\/furniture\/old-furniture\/ukselingid\/","title":{"rendered":"Ukselingid"},"content":{"rendered":"<p>Valik erinevaid kasutatud ukselinke, -nuppe, lingisilte jms.<br \/>\nSeisukord ja hinnad varieeruvad.<br \/>\nOstuhuvi korral tule ise kauplusesse vaatama v\u00f5i v\u00f5ta \u00fchendust e-maili\/telefoni teel.<\/p>\n<p>Tootevalik muutub pidevalt!<\/p>\n<p>&nbsp;<\/p>\n","protected":false},"excerpt":{"rendered":"<p>Valik erinevaid kasutatud ukselinke, -nuppe, lingisilte jms.<br \/>\nSeisukord ja hinnad varieeruvad.<br \/>\nNB! Piltidel ei kajastu reaalset oelmasolev tootevalik.<br \/>\nOstuhuvi korral tule ise kauplusesse vaatama v\u00f5i v\u00f5ta \u00fchendust e-maili\/telefoni teel.<\/p>\n","protected":false},"featured_media":2126,"template":"","meta":{"_et_pb_use_builder":"","_et_pb_old_content":"","_et_gb_content_width":""},"product_brand":[],"product_cat":[137],"product_tag":[509,586],"class_list":{"0":"post-2121","1":"product","2":"type-product","3":"status-publish","4":"has-post-thumbnail","6":"product_cat-vanadfurnituurid","7":"product_tag-ukselink","8":"product_tag-uksenupp","10":"first","11":"instock","12":"taxable","13":"shipping-taxable","14":"product-type-simple"},"_links":{"self":[{"href":"https:\/\/majatohter.ee\/en\/wp-json\/wp\/v2\/product\/2121","targetHints":{"allow":["GET"]}}],"collection":[{"href":"https:\/\/majatohter.ee\/en\/wp-json\/wp\/v2\/product"}],"about":[{"href":"https:\/\/majatohter.ee\/en\/wp-json\/wp\/v2\/types\/product"}],"wp:featuredmedia":[{"embeddable":true,"href":"https:\/\/majatohter.ee\/en\/wp-json\/wp\/v2\/media\/2126"}],"wp:attachment":[{"href":"https:\/\/majatohter.ee\/en\/wp-json\/wp\/v2\/media?parent=2121"}],"wp:term":[{"taxonomy":"product_brand","embeddable":true,"href":"https:\/\/majatohter.ee\/en\/wp-json\/wp\/v2\/product_brand?post=2121"},{"taxonomy":"product_cat","embeddable":true,"href":"https:\/\/majatohter.ee\/en\/wp-json\/wp\/v2\/product_cat?post=2121"},{"taxonomy":"product_tag","embeddable":true,"href":"https:\/\/majatohter.ee\/en\/wp-json\/wp\/v2\/product_tag?post=2121"}],"curies":[{"name":"wp","href":"https:\/\/api.w.org\/{rel}","templated":true}]}}