{"id":2158,"date":"2016-07-26T14:03:54","date_gmt":"2016-07-26T14:03:54","guid":{"rendered":"http:\/\/uus.majatohter.ee\/?post_type=product&#038;p=2158"},"modified":"2017-03-20T13:01:02","modified_gmt":"2017-03-20T11:01:02","slug":"ahjuuksed","status":"publish","type":"product","link":"https:\/\/majatohter.ee\/en\/tooted\/salvaged-material\/heating-ventilation\/ahjuuksed\/","title":{"rendered":"Ahjuuksed, erinevad"},"content":{"rendered":"<p>Valikus on erinevaid kasutatud ahjuksi.<br \/>\nHuvi korral ootame meie kauplusesse t\u00e4psemalt vaatama v\u00f5i v\u00f5ta \u00fchendust telefoni v\u00f5i e-maili teel.<\/p>\n<p>Tootevalik muutub pidevalt.<\/p>\n","protected":false},"excerpt":{"rendered":"<p>Valikus on erinevaid kasutatud ahjuksi. Huvi korral ootame meie kauplusesse t\u00e4psemalt vaatama v\u00f5i v\u00f5ta \u00fchendust telefoni v\u00f5i e-maili teel. Tootevalik muutub pidevalt.<\/p>\n","protected":false},"featured_media":2160,"template":"","meta":{"_et_pb_use_builder":"","_et_pb_old_content":"","_et_gb_content_width":""},"product_brand":[],"product_cat":[510],"product_tag":[511],"class_list":{"0":"post-2158","1":"product","2":"type-product","3":"status-publish","4":"has-post-thumbnail","6":"product_cat-ahjutarvikud","7":"product_tag-ahjuuks","9":"first","10":"instock","11":"taxable","12":"shipping-taxable","13":"product-type-simple"},"_links":{"self":[{"href":"https:\/\/majatohter.ee\/en\/wp-json\/wp\/v2\/product\/2158","targetHints":{"allow":["GET"]}}],"collection":[{"href":"https:\/\/majatohter.ee\/en\/wp-json\/wp\/v2\/product"}],"about":[{"href":"https:\/\/majatohter.ee\/en\/wp-json\/wp\/v2\/types\/product"}],"wp:featuredmedia":[{"embeddable":true,"href":"https:\/\/majatohter.ee\/en\/wp-json\/wp\/v2\/media\/2160"}],"wp:attachment":[{"href":"https:\/\/majatohter.ee\/en\/wp-json\/wp\/v2\/media?parent=2158"}],"wp:term":[{"taxonomy":"product_brand","embeddable":true,"href":"https:\/\/majatohter.ee\/en\/wp-json\/wp\/v2\/product_brand?post=2158"},{"taxonomy":"product_cat","embeddable":true,"href":"https:\/\/majatohter.ee\/en\/wp-json\/wp\/v2\/product_cat?post=2158"},{"taxonomy":"product_tag","embeddable":true,"href":"https:\/\/majatohter.ee\/en\/wp-json\/wp\/v2\/product_tag?post=2158"}],"curies":[{"name":"wp","href":"https:\/\/api.w.org\/{rel}","templated":true}]}}