{"id":2534,"date":"2016-07-27T00:06:50","date_gmt":"2016-07-26T22:06:50","guid":{"rendered":"http:\/\/uus.majatohter.ee\/tooted\/puisteained\/ultramariinsinine\/"},"modified":"2026-03-25T07:05:01","modified_gmt":"2026-03-25T05:05:01","slug":"ultramariinsinine","status":"publish","type":"product","link":"https:\/\/majatohter.ee\/en\/tooted\/powders\/pigments\/ultramariinsinine\/","title":{"rendered":"Ultramariinsinine"},"content":{"rendered":"<p>Kunstlik mineraalpigment.<\/p>\n<div id=\"attachment_52991\" style=\"width: 258px\" class=\"wp-caption alignright\"><img loading=\"lazy\" decoding=\"async\" aria-describedby=\"caption-attachment-52991\" class=\"wp-image-52991 size-medium\" src=\"https:\/\/majatohter.ee\/wp-content\/uploads\/Lazurit-248x300.jpg\" alt=\"\" width=\"248\" height=\"300\" \/><p id=\"caption-attachment-52991\" class=\"wp-caption-text\"><sup>Lasuriit<\/sup><\/p><\/div>\n<p>Kuni 19. sajandi alguseni oli ultramariin sinine pigment t\u00f5eline luksustoode kuna seda saadi\u00a0 v\u00e4ga t\u00f6\u00f6mahukal meetodil lasuriidist, mis on poolv\u00e4\u00e4riskivi. Ka t\u00e4nap\u00e4eval on naturaalne ultramariin sama kallis kui kuld.<br \/>\nAlates aastast 1829 hakati tootma ka s\u00fcnteetilist ultramariini. See on aegan\u00f5udev protsess mille k\u00e4igus kaoliin, kvarts, sooda,\u00a0glaubrisool ja v\u00e4\u00e4vel p\u00f5letatakse \u00fcheskoos s\u00fcsiniku kaasabil. P\u00f5letamisprotsessi temperatuur ja kestus m\u00e4\u00e4ravad ultramariini v\u00e4rvitooni. S\u00fcnteetilise ultramariini keemiline valem on sama mis naturaalsel ultramariinil &#8211; Na<sub>8<\/sub>[Al<sub>6<\/sub>Si<sub>6<\/sub>O<sub>24<\/sub>]S<sub>4<\/sub><\/p>\n<p>Ultramariin sinine on tuntud oma erksa ja s\u00fcgava sinise tooni poolest. Seda kaunist tooni on v\u00f5imatu adekvaatselt edasi anda tr\u00fckis ja fotodel.<\/p>\n","protected":false},"excerpt":{"rendered":"<p>Kui plaanite ultramariin sinist kasutada lubja baasil v\u00e4rvide\/krohvide toonimiseks siis kasutage kindlasti lubjakindlat pigmenti.<\/p>\n","protected":false},"featured_media":2535,"template":"","meta":{"_et_pb_use_builder":"","_et_pb_old_content":"","_et_gb_content_width":""},"product_brand":[],"product_cat":[55,54],"product_tag":[2752,531,2751,1296],"class_list":{"0":"post-2534","1":"product","2":"type-product","3":"status-publish","4":"has-post-thumbnail","6":"product_cat-pigmendid","7":"product_cat-puisteained","8":"product_tag-sinine-pigment","9":"product_tag-ultramariin","10":"product_tag-ultramariisinine","11":"product_tag-varvipigmendid","13":"first","14":"onbackorder","15":"taxable","16":"shipping-taxable","17":"purchasable","18":"product-type-variable"},"_links":{"self":[{"href":"https:\/\/majatohter.ee\/en\/wp-json\/wp\/v2\/product\/2534","targetHints":{"allow":["GET"]}}],"collection":[{"href":"https:\/\/majatohter.ee\/en\/wp-json\/wp\/v2\/product"}],"about":[{"href":"https:\/\/majatohter.ee\/en\/wp-json\/wp\/v2\/types\/product"}],"wp:featuredmedia":[{"embeddable":true,"href":"https:\/\/majatohter.ee\/en\/wp-json\/wp\/v2\/media\/2535"}],"wp:attachment":[{"href":"https:\/\/majatohter.ee\/en\/wp-json\/wp\/v2\/media?parent=2534"}],"wp:term":[{"taxonomy":"product_brand","embeddable":true,"href":"https:\/\/majatohter.ee\/en\/wp-json\/wp\/v2\/product_brand?post=2534"},{"taxonomy":"product_cat","embeddable":true,"href":"https:\/\/majatohter.ee\/en\/wp-json\/wp\/v2\/product_cat?post=2534"},{"taxonomy":"product_tag","embeddable":true,"href":"https:\/\/majatohter.ee\/en\/wp-json\/wp\/v2\/product_tag?post=2534"}],"curies":[{"name":"wp","href":"https:\/\/api.w.org\/{rel}","templated":true}]}}