{"id":2536,"date":"2016-07-27T00:09:08","date_gmt":"2016-07-26T22:09:08","guid":{"rendered":"http:\/\/uus.majatohter.ee\/tooted\/puisteained\/looduslik-terra\/"},"modified":"2026-02-10T14:51:24","modified_gmt":"2026-02-10T12:51:24","slug":"looduslik-terra","status":"publish","type":"product","link":"https:\/\/majatohter.ee\/en\/tooted\/powders\/pigments\/looduslik-terra\/","title":{"rendered":"Looduslik terra"},"content":{"rendered":"<p>Fe<sub>2<\/sub>O<sub>3<\/sub>\u00b7nH<sub>2<\/sub>O + MnO<sub>2<\/sub>\u00a0+Al<sub>2<\/sub>O3\u00b7SiO<sub>2<\/sub> \u00b72(H<sub>2<\/sub>O)<br \/>\nLooduslik terra ehk Terra di Siena naturaalne. Looduslik raudoksiid-h\u00fcdraat. T\u00fc\u00fcpiline\u00a0lasuurv\u00e4rvi pigment. Ka lubjaga\u00a0lasuurne. Hea valguskindlus, ei kata,\u00a0leelisekindel.<\/p>\n","protected":false},"excerpt":{"rendered":"<p>Fe2O3\u00b7nH2O + MnO2\u00a0+Al2O3\u00b7SiO2 \u00b72(H2O) Looduslik terra ehk Terra di Siena naturaalne. Looduslik raudoksiid-h\u00fcdraat. T\u00fc\u00fcpiline\u00a0lasuurv\u00e4rvi pigment. Ka lubjaga\u00a0lasuurne. Hea valguskindlus, ei kata,\u00a0leelisekindel.<\/p>\n","protected":false},"featured_media":2541,"template":"","meta":{"_et_pb_use_builder":"","_et_pb_old_content":"","_et_gb_content_width":""},"product_brand":[],"product_cat":[55,54],"product_tag":[536,572],"class_list":{"0":"post-2536","1":"product","2":"type-product","3":"status-publish","4":"has-post-thumbnail","6":"product_cat-pigmendid","7":"product_cat-puisteained","8":"product_tag-looduslik-terra","9":"product_tag-terra-di-siena","11":"first","12":"onbackorder","13":"taxable","14":"shipping-taxable","15":"purchasable","16":"product-type-variable"},"_links":{"self":[{"href":"https:\/\/majatohter.ee\/en\/wp-json\/wp\/v2\/product\/2536","targetHints":{"allow":["GET"]}}],"collection":[{"href":"https:\/\/majatohter.ee\/en\/wp-json\/wp\/v2\/product"}],"about":[{"href":"https:\/\/majatohter.ee\/en\/wp-json\/wp\/v2\/types\/product"}],"wp:featuredmedia":[{"embeddable":true,"href":"https:\/\/majatohter.ee\/en\/wp-json\/wp\/v2\/media\/2541"}],"wp:attachment":[{"href":"https:\/\/majatohter.ee\/en\/wp-json\/wp\/v2\/media?parent=2536"}],"wp:term":[{"taxonomy":"product_brand","embeddable":true,"href":"https:\/\/majatohter.ee\/en\/wp-json\/wp\/v2\/product_brand?post=2536"},{"taxonomy":"product_cat","embeddable":true,"href":"https:\/\/majatohter.ee\/en\/wp-json\/wp\/v2\/product_cat?post=2536"},{"taxonomy":"product_tag","embeddable":true,"href":"https:\/\/majatohter.ee\/en\/wp-json\/wp\/v2\/product_tag?post=2536"}],"curies":[{"name":"wp","href":"https:\/\/api.w.org\/{rel}","templated":true}]}}